{"id":1071,"date":"2024-08-23T15:13:15","date_gmt":"2024-08-23T08:13:15","guid":{"rendered":"https:\/\/driptec.com\/product\/driptec-dripline\/"},"modified":"2025-05-30T08:52:04","modified_gmt":"2025-05-30T01:52:04","slug":"driptec-dripline","status":"publish","type":"product","link":"https:\/\/driptec.com\/vi\/product\/driptec-dripline\/","title":{"rendered":"Driptec dripline"},"content":{"rendered":"\t<section class=\"section\" id=\"section_1527697824\">\n\t\t<div class=\"bg section-bg fill bg-fill  bg-loaded\" >\n\n\t\t\t\n\t\t\t\n\t\t\t\n\n\t\t<\/div>\n\n\t\t\n\n\t\t<div class=\"section-content relative\">\n\t\t\t\n<div class=\"row row-large align-middle align-center\"  id=\"row-637104724\">\n\n\t<div id=\"col-1117732342\" class=\"col medium-5 small-12 large-5 small-col-first\"  >\n\t\t\t\t<div class=\"col-inner text-center dark\"  >\n\t\t\t\n\t\t\t\n\t<div class=\"img has-hover x md-x lg-x y md-y lg-y\" id=\"image_122589900\">\n\t\t\t\t\t\t\t\t<div class=\"img-inner dark\" >\n\t\t\t<img decoding=\"async\" width=\"800\" height=\"800\" src=\"https:\/\/driptec.com\/wp-content\/uploads\/2024\/08\/Driptec-dripline-global-800x800.png\" class=\"attachment-large size-large\" alt=\"Driptec dripline global\" srcset=\"https:\/\/driptec.com\/wp-content\/uploads\/2024\/08\/Driptec-dripline-global-800x800.png 800w, https:\/\/driptec.com\/wp-content\/uploads\/2024\/08\/Driptec-dripline-global-400x400.png 400w, https:\/\/driptec.com\/wp-content\/uploads\/2024\/08\/Driptec-dripline-global-280x280.png 280w, https:\/\/driptec.com\/wp-content\/uploads\/2024\/08\/Driptec-dripline-global-768x768.png 768w, https:\/\/driptec.com\/wp-content\/uploads\/2024\/08\/Driptec-dripline-global.png 1000w\" sizes=\"(max-width: 800px) 100vw, 800px\" \/>\t\t\t\t\t\t\n\t\t\t\t\t<\/div>\n\t\t\t\t\t\t\t\t\n<style>\n#image_122589900 {\n  width: 100%;\n}\n<\/style>\n\t<\/div>\n\t\n\t<div class=\"img has-hover x md-x lg-x y md-y lg-y\" id=\"image_912996069\">\n\t\t\t\t\t\t\t\t<div class=\"img-inner dark\" >\n\t\t\t\t\t\t\t\t\t\n\t\t\t\t\t<\/div>\n\t\t\t\t\t\t\t\t\n<style>\n#image_912996069 {\n  width: 100%;\n}\n<\/style>\n\t<\/div>\n\t\n\t<div class=\"img has-hover x md-x lg-x y md-y lg-y\" id=\"image_1235755912\">\n\t\t\t\t\t\t\t\t<div class=\"img-inner dark\" >\n\t\t\t\t\t\t\t\t\t\n\t\t\t\t\t<\/div>\n\t\t\t\t\t\t\t\t\n<style>\n#image_1235755912 {\n  width: 100%;\n}\n<\/style>\n\t<\/div>\n\t\n\t<div class=\"img has-hover x md-x lg-x y md-y lg-y\" id=\"image_1570394040\">\n\t\t\t\t\t\t\t\t<div class=\"img-inner dark\" >\n\t\t\t\t\t\t\t\t\t\n\t\t\t\t\t<\/div>\n\t\t\t\t\t\t\t\t\n<style>\n#image_1570394040 {\n  width: 100%;\n}\n<\/style>\n\t<\/div>\n\t\n\t\t<\/div>\n\t\t\t\t\t<\/div>\n\n\t\n\n\t<div id=\"col-1496749727\" class=\"col medium-7 small-12 large-7\"  >\n\t\t\t\t<div class=\"col-inner\"  >\n\t\t\t\n\t\t\t\n\t<div id=\"text-1422396122\" class=\"text\">\n\t\t\n<h2>\u1ed0ng t\u01b0\u1edbi Driptec<\/h2>\n\t\t\n<style>\n#text-1422396122 {\n  font-size: 2.2rem;\n  text-align: center;\n  color: #4dbeee;\n}\n#text-1422396122 > * {\n  color: #4dbeee;\n}\n@media (min-width:550px) {\n  #text-1422396122 {\n    text-align: left;\n  }\n}\n<\/style>\n\t<\/div>\n\t\n\t<div id=\"gap-666834758\" class=\"gap-element clearfix\" style=\"display:block; height:auto;\">\n\t\t\n<style>\n#gap-666834758 {\n  padding-top: 20px;\n}\n@media (min-width:550px) {\n  #gap-666834758 {\n    padding-top: 20px;\n  }\n}\n<\/style>\n\t<\/div>\n\t\n<p>\u1ed0ng t\u01b0\u1edbi Driptec\u00a0l\u00e0 lo\u1ea1i \u1ed1ng nh\u1ecf gi\u1ecdt th\u00e0nh m\u1ecfng v\u1edbi nhi\u1ec1u \u0111\u1eb7c \u0111i\u1ec3m n\u1ed5i b\u1eadt nh\u01b0 \u0111a d\u1ea1ng v\u1ec1 \u0111\u1ed9 d\u00e0y, kho\u1ea3ng c\u00e1ch gi\u1eefa c\u00e1c \u0111\u1ea7u nh\u1ecf gi\u1ecdt v\u00e0 l\u01b0u l\u01b0\u1ee3ng n\u01b0\u1edbc. \u0110\u1eb7c bi\u1ec7t, c\u00e1c \u1ed1ng nh\u1ecf gi\u1ecdt n\u00e0y \u0111\u01b0\u1ee3c s\u1ea3n xu\u1ea5t tr\u00ean d\u00e2y chuy\u1ec1n c\u00f4ng ngh\u1ec7 hi\u1ec7n \u0111\u1ea1i, t\u1ef1 \u0111\u1ed9ng h\u00f3a cao, v\u00e0 ch\u1ea5t l\u01b0\u1ee3ng \u0111\u00e3 \u0111\u01b0\u1ee3c kh\u1eb3ng \u0111\u1ecbnh h\u01a1n 10 n\u0103m t\u1ea1i th\u1ecb tr\u01b0\u1eddng Vi\u1ec7t Nam.<\/p>\n<p>Th\u00f4ng tin chung:<\/p>\n<p>Ch\u1ea5t li\u1ec7u: Nh\u1ef1a PE ch\u1ea5t l\u01b0\u1ee3ng cao<\/p>\n<p>\u0110\u01b0\u1eddng k\u00ednh: 12mm, 16mm<\/p>\n<p>\u0110\u1ed9 d\u00e0y: 0.15mm, 0.20mm, 0.30mm<\/p>\n<p>L\u01b0u l\u01b0\u1ee3ng t\u1ea1i \u00e1p su\u1ea5t 1.0 bar: 1.4, 2.0, 3.0, v\u00e0 4.0 l\u00edt\/gi\u1edd<\/p>\n<p>Kho\u1ea3ng c\u00e1ch \u0111\u1ea7u nh\u1ecf gi\u1ecdt: 15cm, 20cm, 30cm<\/p>\n\t<div id=\"gap-1602989098\" class=\"gap-element clearfix\" style=\"display:block; height:auto;\">\n\t\t\n<style>\n#gap-1602989098 {\n  padding-top: 20px;\n}\n@media (min-width:550px) {\n  #gap-1602989098 {\n    padding-top: 20px;\n  }\n}\n<\/style>\n\t<\/div>\n\t\n\t\t<\/div>\n\t\t\t\t\t<\/div>\n\n\t\n<\/div>\n\t\t<\/div>\n\n\t\t\n<style>\n#section_1527697824 {\n  padding-top: 10px;\n  padding-bottom: 10px;\n  min-height: 209px;\n  background-color: rgb(239, 242, 237);\n}\n@media (min-width:550px) {\n  #section_1527697824 {\n    min-height: 462px;\n  }\n}\n<\/style>\n\t<\/section>\n\t\n\t<section class=\"section\" id=\"section_1850171632\">\n\t\t<div class=\"bg section-bg fill bg-fill  bg-loaded\" >\n\n\t\t\t\n\t\t\t\n\t\t\t\n\n\t\t<\/div>\n\n\t\t\n\n\t\t<div class=\"section-content relative\">\n\t\t\t\n<div class=\"row align-middle\"  id=\"row-1946661987\">\n\n\t<div id=\"col-816489262\" class=\"col pb-0 small-12 large-12\"  >\n\t\t\t\t<div class=\"col-inner\"  >\n\t\t\t\n\t\t\t\n\t<div id=\"text-935592549\" class=\"text\">\n\t\t\n<p>T\u1ea1i sao n\u00ean ch\u1ecdn \u1ed1ng nh\u1ecf gi\u1ecdt Driptec?<\/p>\n\t\t\n<style>\n#text-935592549 {\n  font-size: 1.25rem;\n  color: rgb(77, 190, 238);\n}\n#text-935592549 > * {\n  color: rgb(77, 190, 238);\n}\n<\/style>\n\t<\/div>\n\t\n\t<div id=\"gap-950441828\" class=\"gap-element clearfix\" style=\"display:block; height:auto;\">\n\t\t\n<style>\n#gap-950441828 {\n  padding-top: 30px;\n}\n<\/style>\n\t<\/div>\n\t\n<p>\u0110\u1ed9 ch\u00ednh x\u00e1c cao<\/p>\n<p>\u00cdt b\u1ecb t\u1eafc ngh\u1ebdn<\/p>\n<p>Nh\u1ef1a ch\u1ea5t l\u01b0\u1ee3ng cao<\/p>\n<p>B\u1ec1n b\u1ec9<\/p>\n<p>\u1ee8ng d\u1ee5ng \u0111a d\u1ea1ng, d\u1ec5 s\u1eed d\u1ee5ng<\/p>\n\t\t<\/div>\n\t\t\t\t\t<\/div>\n\n\t\n<\/div>\n\t\t<\/div>\n\n\t\t\n<style>\n#section_1850171632 {\n  padding-top: 30px;\n  padding-bottom: 30px;\n}\n<\/style>\n\t<\/section>\n\t\n<div class=\"is-divider divider clearfix\" style=\"max-width:100%;height:30px;background-color:rgb(242, 242, 242);\"><\/div>\n\t<section class=\"section\" id=\"section_509724206\">\n\t\t<div class=\"bg section-bg fill bg-fill  bg-loaded\" >\n\n\t\t\t\n\t\t\t\n\t\t\t\n\n\t\t<\/div>\n\n\t\t\n\n\t\t<div class=\"section-content relative\">\n\t\t\t\n<div class=\"row align-middle\"  id=\"row-918734497\">\n\n\t<div id=\"col-758855059\" class=\"col pb-0 small-12 large-12\"  >\n\t\t\t\t<div class=\"col-inner\"  >\n\t\t\t\n\t\t\t\n\t<div id=\"text-3036870093\" class=\"text\">\n\t\t\n<p>\u1ee8ng d\u1ee5ng<\/p>\n\t\t\n<style>\n#text-3036870093 {\n  font-size: 1.25rem;\n  color: rgb(77, 190, 238);\n}\n#text-3036870093 > * {\n  color: rgb(77, 190, 238);\n}\n<\/style>\n\t<\/div>\n\t\n\t<div id=\"gap-1286150803\" class=\"gap-element clearfix\" style=\"display:block; height:auto;\">\n\t\t\n<style>\n#gap-1286150803 {\n  padding-top: 30px;\n}\n<\/style>\n\t<\/div>\n\t\n\t\t<\/div>\n\t\t\t\t\t<\/div>\n\n\t\n\n\t<div id=\"col-256983000\" class=\"col pb-0 medium-4 small-12 large-4\"  >\n\t\t\t\t<div class=\"col-inner\"  >\n\t\t\t\n\t\t\t\n\t<div class=\"img has-hover x md-x lg-x y md-y lg-y\" id=\"image_1509882807\">\n\t\t\t\t\t\t\t\t<div class=\"img-inner dark\" >\n\t\t\t\t\t\t\t\t\t\n\t\t\t\t\t<\/div>\n\t\t\t\t\t\t\t\t\n<style>\n#image_1509882807 {\n  width: 100%;\n}\n<\/style>\n\t<\/div>\n\t\n<p>T\u01b0\u1edbi c\u00e2y l\u01b0\u01a1ng th\u1ef1c<\/p>\n<p>Ng\u00f4, khoai t\u00e2y, s\u1eafn l\u00e0 nh\u1eefng c\u00e2y tr\u1ed3ng ph\u1ed5 bi\u1ebfn s\u1eed d\u1ee5ng h\u1ec7 th\u1ed1ng t\u01b0\u1edbi nh\u1ecf gi\u1ecdt \u1ed1ng m\u1ecfng.<\/p>\n\t\t<\/div>\n\t\t\t\t\t<\/div>\n\n\t\n\n\t<div id=\"col-1187780634\" class=\"col pb-0 medium-4 small-12 large-4\"  >\n\t\t\t\t<div class=\"col-inner\"  >\n\t\t\t\n\t\t\t\n\t<div class=\"img has-hover x md-x lg-x y md-y lg-y\" id=\"image_1299939879\">\n\t\t\t\t\t\t\t\t<div class=\"img-inner dark\" >\n\t\t\t\t\t\t\t\t\t\n\t\t\t\t\t<\/div>\n\t\t\t\t\t\t\t\t\n<style>\n#image_1299939879 {\n  width: 100%;\n}\n<\/style>\n\t<\/div>\n\t\n<p>C\u00e2y c\u00f4ng nghi\u1ec7p<\/p>\n<p>\u0110\u1eadu n\u00e0nh, l\u1ea1c, m\u00eda, thu\u1ed1c l\u00e1, b\u00f4ng, \u0111ay v\u00e0 m\u00e8.<\/p>\n\t\t<\/div>\n\t\t\t\t\t<\/div>\n\n\t\n\n\t<div id=\"col-222095872\" class=\"col pb-0 medium-4 small-12 large-4\"  >\n\t\t\t\t<div class=\"col-inner\"  >\n\t\t\t\n\t\t\t\n\t<div class=\"img has-hover x md-x lg-x y md-y lg-y\" id=\"image_1792646027\">\n\t\t\t\t\t\t\t\t<div class=\"img-inner dark\" >\n\t\t\t\t\t\t\t\t\t\n\t\t\t\t\t<\/div>\n\t\t\t\t\t\t\t\t\n<style>\n#image_1792646027 {\n  width: 100%;\n}\n<\/style>\n\t<\/div>\n\t\n<p>Rau qu\u1ea3<\/p>\n<p>C\u00e0 chua, b\u1eafp c\u1ea3i, d\u01b0a chu\u1ed9t&#8230;<\/p>\n\t\t<\/div>\n\t\t\t\t\t<\/div>\n\n\t\n<\/div>\n\t\t<\/div>\n\n\t\t\n<style>\n#section_509724206 {\n  padding-top: 0px;\n  padding-bottom: 0px;\n}\n<\/style>\n\t<\/section>\n\t\n<div class=\"is-divider divider clearfix\" style=\"max-width:100%;height:30px;background-color:rgb(242, 242, 242);\"><\/div>\n\t<section class=\"section\" id=\"section_75623616\">\n\t\t<div class=\"bg section-bg fill bg-fill  bg-loaded\" >\n\n\t\t\t\n\t\t\t\n\t\t\t\n\n\t\t<\/div>\n\n\t\t\n\n\t\t<div class=\"section-content relative\">\n\t\t\t\n<div class=\"row align-equal\"  id=\"row-1208691632\">\n\n\t<div id=\"col-312667688\" class=\"col pb-0 small-12 large-12\"  >\n\t\t\t\t<div class=\"col-inner text-center\"  >\n\t\t\t\n\t\t\t\n\t<div id=\"text-4069334810\" class=\"text\">\n\t\t\n<p>T\u1ea2I XU\u1ed0NG<\/p>\n\t\t\n<style>\n#text-4069334810 {\n  font-size: 1.25rem;\n  text-align: left;\n  color: rgb(77, 190, 238);\n}\n#text-4069334810 > * {\n  color: rgb(77, 190, 238);\n}\n<\/style>\n\t<\/div>\n\t\n\t<div id=\"gap-516736682\" class=\"gap-element clearfix\" style=\"display:block; height:auto;\">\n\t\t\n<style>\n#gap-516736682 {\n  padding-top: 30px;\n}\n<\/style>\n\t<\/div>\n\t\n\t\t<\/div>\n\t\t\t\t\t<\/div>\n\n\t\n\n\t<div id=\"col-1648252568\" class=\"col pb-0 medium-6 small-12 large-6\"  >\n\t\t\t\t<div class=\"col-inner text-center\"  >\n\t\t\t\n\t\t\t\n\t<div id=\"text-3866607204\" class=\"text\">\n\t\t\n<p>Th\u00f4ng s\u1ed1 k\u1ef9 thu\u1eadt s\u1ea3n ph\u1ea9m<\/p>\n<p>Driptec dripline<\/p>\n\t\t\n<style>\n#text-3866607204 {\n  text-align: left;\n}\n<\/style>\n\t<\/div>\n\t\n\t\t<\/div>\n\t\t\t\t\t<\/div>\n\n\t\n\n\t<div id=\"col-1700640079\" class=\"col pb-0 medium-6 small-12 large-6\"  >\n\t\t\t\t<div class=\"col-inner text-center\"  >\n\t\t\t\n\t\t\t\n\t<div id=\"text-2471636944\" class=\"text\">\n\t\t\n<p>S\u1ea3n ph\u1ea9m li\u00ean quan<\/p>\n<p>\u1ed0ng x\u1eb9p PVC<br \/>\n\u1ed0ng x\u1eb9p PE<\/p>\n\t\t\n<style>\n#text-2471636944 {\n  text-align: left;\n}\n<\/style>\n\t<\/div>\n\t\n\t\t<\/div>\n\t\t\t\t\t<\/div>\n\n\t\n<\/div>\n\t\t<\/div>\n\n\t\t\n<style>\n#section_75623616 {\n  padding-top: 0px;\n  padding-bottom: 0px;\n}\n<\/style>\n\t<\/section>\n\t\n<div class=\"is-divider divider clearfix\" style=\"max-width:100%;height:30px;background-color:rgb(242, 242, 242);\"><\/div>\n\t<section class=\"section\" id=\"section_1916755532\">\n\t\t<div class=\"bg section-bg fill bg-fill  bg-loaded\" >\n\n\t\t\t\n\t\t\t\n\t\t\t\n\n\t\t<\/div>\n\n\t\t\n\n\t\t<div class=\"section-content relative\">\n\t\t\t\n<div class=\"row align-middle\"  id=\"row-724519195\">\n\n\t<div id=\"col-2117145540\" class=\"col pb-0 medium-6 small-12 large-6\"  >\n\t\t\t\t<div class=\"col-inner\"  >\n\t\t\t\n\t\t\t\n\t<div id=\"text-2864630334\" class=\"text\">\n\t\t\n<p>Worldwide distributors<\/p>\n\t\t\n<style>\n#text-2864630334 {\n  font-size: 1.25rem;\n  color: rgb(77, 190, 238);\n}\n#text-2864630334 > * {\n  color: rgb(77, 190, 238);\n}\n<\/style>\n\t<\/div>\n\t\n\t\t<\/div>\n\t\t\t\t\t<\/div>\n\n\t\n\n\t<div id=\"col-1197996803\" class=\"col pb-0 medium-6 small-12 large-6\"  >\n\t\t\t\t<div class=\"col-inner\"  >\n\t\t\t\n\t\t\t\n\t<div id=\"gap-1024365605\" class=\"gap-element clearfix\" style=\"display:block; height:auto;\">\n\t\t\n<style>\n#gap-1024365605 {\n  padding-top: 20px;\n}\n@media (min-width:550px) {\n  #gap-1024365605 {\n    padding-top: 0px;\n  }\n}\n<\/style>\n\t<\/div>\n\t\n\t\t<\/div>\n\t\t\t\t\t<\/div>\n\n\t\n\n\t<div id=\"col-718457377\" class=\"col pb-0 small-12 large-12\"  >\n\t\t\t\t<div class=\"col-inner\" style=\"background-color:rgb(114, 147, 101);\" >\n\t\t\t\n\t\t\t\n\n            <div \n                class=\"elfsight-widget-google-maps elfsight-widget\" \n                data-elfsight-google-maps-options=\"%7B%22categoriesEnabled%22%3Atrue%2C%22categories%22%3A%5B%5D%2C%22icons%22%3A%5B%5D%2C%22lang%22%3A%22en%22%2C%22distanceUnits%22%3A%22mi%22%2C%22markers%22%3A%5B%7B%22position%22%3A%22Khu%20Bi%5Cu1ec7t%20Th%5Cu1ef1%20Ng%5Cu00e2n%20Long%2C%20Ph%5Cu01b0%5Cu1edbc%20Ki%5Cu1ec3n%2C%20Nh%5Cu00e0%20B%5Cu00e8%2C%20H%5Cu1ed3%20Ch%5Cu00ed%20Minh%2070000%2C%20Vietnam%22%2C%22coordinates%22%3A%2210.7198984%2C%20106.702539%22%2C%22infoTitle%22%3A%22Driptec%22%2C%22category%22%3A%22%22%2C%22icon%22%3A%22%22%2C%22infoDescription%22%3A%22Driptec%20irrigation%20manufacturer.%20We%20are%20one%20of%20the%20leading%20company%20in%20Drip%20and%20sprinkler%20irrigation%20OEM%20manufacturer.%3Cbr%3E%22%2C%22infoImage%22%3A%7B%22name%22%3A%22%22%2C%22url%22%3A%22%22%7D%2C%22infoAddress%22%3A%22%22%2C%22infoSite%22%3A%22Driptec.com%22%2C%22infoPhone%22%3A%22%2B84-0983230879%22%2C%22infoEmail%22%3A%22info%40driptec.com%22%2C%22infoWorkingHours%22%3A%22%22%2C%22markerClickAction%22%3A%22infoWindow%22%2C%22infoWindowOpenedByDefault%22%3Afalse%2C%22linkUrl%22%3A%22%22%2C%22animation%22%3A%22none%22%7D%5D%2C%22mapType%22%3A%22roadmap%22%2C%22center%22%3A%22auto%22%2C%22zoom%22%3A%22auto%22%2C%22controls%22%3A%5B%22zoom%22%2C%22mapType%22%2C%22scale%22%2C%22streetView%22%2C%22rotate%22%2C%22fullScreen%22%5D%2C%22markerClusterEnabled%22%3Atrue%2C%22markerClusterZoom%22%3Atrue%2C%22markerClusterMin%22%3A2%2C%22markerClusterIcon%22%3A%22default%22%2C%22markerClusterIconColor%22%3A%22%22%2C%22markerClusterIconUrl%22%3Anull%2C%22markerClusterSize%22%3A52%2C%22infoDirections%22%3Atrue%2C%22directionsTarget%22%3A%22inline%22%2C%22scrollwheel%22%3Afalse%2C%22draggable%22%3Atrue%2C%22layers%22%3A%5B%5D%2C%22width%22%3A%22auto%22%2C%22height%22%3A%22700%22%2C%22panelEnabled%22%3Atrue%2C%22panelOpenByDefault%22%3Atrue%2C%22panelSearchVisible%22%3Atrue%2C%22panelSearchBy%22%3A%22markers%22%2C%22panelSearchPlaceholder%22%3A%22%22%2C%22panelListItemElements%22%3A%5B%22title%22%2C%22category%22%2C%22image%22%2C%22address%22%2C%22phone%22%2C%22workingHours%22%5D%2C%22mainColor%22%3A%22rgb%2866%2C%20133%2C%20244%29%22%2C%22style%22%3A%22default%22%2C%22colorGeometry%22%3A%22%22%2C%22colorLabelsTextFill%22%3A%22%22%2C%22colorLabelsTextStroke%22%3A%22%22%2C%22colorAdministrativeGeometryStroke%22%3A%22%22%2C%22colorAdministrativeLandParcel%22%3A%22%22%2C%22colorLandscapeNaturalGeometry%22%3A%22%22%2C%22colorPoiGeometry%22%3A%22%22%2C%22colorPoiLabelsTextFill%22%3A%22%22%2C%22colorPoiParkGeometryFill%22%3A%22%22%2C%22colorPoiParkLabelsTextFill%22%3A%22%22%2C%22colorRoadGeometry%22%3A%22%22%2C%22colorRoadArterial%22%3A%22%22%2C%22colorRoadHighway%22%3A%22%22%2C%22colorRoadHighwayGeometryStroke%22%3A%22%22%2C%22colorRoadHighwayControlledAccessGeometry%22%3A%22%22%2C%22colorRoadHighwayControlledAccessGeometryStroke%22%3A%22%22%2C%22colorRoadLocalLabelsTextFill%22%3A%22%22%2C%22colorTransitLineGeometry%22%3A%22%22%2C%22colorTransitLineLabelsTextFill%22%3A%22%22%2C%22colorTransitLineLabelsTextStroke%22%3A%22%22%2C%22colorTransitStationGeometry%22%3A%22%22%2C%22colorWaterGeometryFill%22%3A%22%22%2C%22colorWaterLabelTextFill%22%3A%22%22%2C%22customGoogleMapsStyles%22%3A%22%22%2C%22apiKey%22%3A%22AIzaSyDK49f6N1nj9bVULgfB2YZCRPtDrvOUh2E%22%2C%22widgetId%22%3A%221%22%7D\" \n                data-elfsight-google-maps-version=\"2.4.2\"\n                data-elfsight-widget-id=\"elfsight-google-maps-1\">\n            <\/div>\n            \n\t\t<\/div>\n\t\t\t\t\n<style>\n#col-718457377 > .col-inner {\n  padding: 10px 10px 10px 10px;\n  margin: 10px 10px 10px 10px;\n  border-radius: 8px;\n}\n<\/style>\n\t<\/div>\n\n\t\n<\/div>\n\t\t<\/div>\n\n\t\t\n<style>\n#section_1916755532 {\n  padding-top: 0px;\n  padding-bottom: 0px;\n}\n<\/style>\n\t<\/section>\n\t\n","protected":false},"excerpt":{"rendered":"<p>Dripii dripper with PC and PCND functions, suitable for watering greenhouse crops and potted plants. Flow capacity 2, 4, 8, 12, 25 liters.<\/p>\n","protected":false},"author":2,"featured_media":894,"menu_order":0,"template":"","format":"standard","product-category":[30],"class_list":["post-1071","product","type-product","status-publish","format-standard","has-post-thumbnail","hentry","product-category-tuoi-nho-giot"],"acf":[],"_links":{"self":[{"href":"https:\/\/driptec.com\/vi\/wp-json\/wp\/v2\/product\/1071","targetHints":{"allow":["GET"]}}],"collection":[{"href":"https:\/\/driptec.com\/vi\/wp-json\/wp\/v2\/product"}],"about":[{"href":"https:\/\/driptec.com\/vi\/wp-json\/wp\/v2\/types\/product"}],"author":[{"embeddable":true,"href":"https:\/\/driptec.com\/vi\/wp-json\/wp\/v2\/users\/2"}],"version-history":[{"count":7,"href":"https:\/\/driptec.com\/vi\/wp-json\/wp\/v2\/product\/1071\/revisions"}],"predecessor-version":[{"id":1081,"href":"https:\/\/driptec.com\/vi\/wp-json\/wp\/v2\/product\/1071\/revisions\/1081"}],"wp:featuredmedia":[{"embeddable":true,"href":"https:\/\/driptec.com\/vi\/wp-json\/wp\/v2\/media\/894"}],"wp:attachment":[{"href":"https:\/\/driptec.com\/vi\/wp-json\/wp\/v2\/media?parent=1071"}],"wp:term":[{"taxonomy":"product-category","embeddable":true,"href":"https:\/\/driptec.com\/vi\/wp-json\/wp\/v2\/product-category?post=1071"}],"curies":[{"name":"wp","href":"https:\/\/api.w.org\/{rel}","templated":true}]}}