{"id":755,"date":"2024-05-21T22:19:42","date_gmt":"2024-05-21T15:19:42","guid":{"rendered":"https:\/\/driptec.com\/product\/ong-xep-pvc-driptec\/"},"modified":"2024-10-12T16:01:16","modified_gmt":"2024-10-12T09:01:16","slug":"ong-xep-pvc-driptec","status":"publish","type":"product","link":"https:\/\/driptec.com\/vi\/product\/ong-xep-pvc-driptec\/","title":{"rendered":"\u1ed0ng x\u1eb9p PVC Driptec"},"content":{"rendered":"\t<section class=\"section\" id=\"section_631454389\">\n\t\t<div class=\"bg section-bg fill bg-fill  bg-loaded\" >\n\n\t\t\t\n\t\t\t\n\t\t\t\n\n\t\t<\/div>\n\n\t\t\n\n\t\t<div class=\"section-content relative\">\n\t\t\t\n<div class=\"row row-large align-middle align-center\"  id=\"row-2089406921\">\n\n\t<div id=\"col-727448496\" class=\"col medium-5 small-12 large-5 small-col-first\"  >\n\t\t\t\t<div class=\"col-inner text-center dark\"  >\n\t\t\t\n\t\t\t\n\t<div class=\"img has-hover x md-x lg-x y md-y lg-y\" id=\"image_1720496951\">\n\t\t\t\t\t\t\t\t<div class=\"img-inner dark\" >\n\t\t\t\t\t\t\t\t\t\n\t\t\t\t\t<\/div>\n\t\t\t\t\t\t\t\t\n<style>\n#image_1720496951 {\n  width: 100%;\n}\n<\/style>\n\t<\/div>\n\t\n\t<div class=\"img has-hover x md-x lg-x y md-y lg-y\" id=\"image_1748636649\">\n\t\t\t\t\t\t\t\t<div class=\"img-inner dark\" >\n\t\t\t<img decoding=\"async\" width=\"800\" height=\"800\" src=\"https:\/\/driptec.com\/wp-content\/uploads\/2024\/05\/Driptec-pcv-layflat-hose-png-800x800.png\" class=\"attachment-large size-large\" alt=\"Driptec pcv layflat hose png\" srcset=\"https:\/\/driptec.com\/wp-content\/uploads\/2024\/05\/Driptec-pcv-layflat-hose-png-800x800.png 800w, https:\/\/driptec.com\/wp-content\/uploads\/2024\/05\/Driptec-pcv-layflat-hose-png-400x400.png 400w, https:\/\/driptec.com\/wp-content\/uploads\/2024\/05\/Driptec-pcv-layflat-hose-png-280x280.png 280w, https:\/\/driptec.com\/wp-content\/uploads\/2024\/05\/Driptec-pcv-layflat-hose-png-768x768.png 768w, https:\/\/driptec.com\/wp-content\/uploads\/2024\/05\/Driptec-pcv-layflat-hose-png.png 1000w\" sizes=\"(max-width: 800px) 100vw, 800px\" \/>\t\t\t\t\t\t\n\t\t\t\t\t<\/div>\n\t\t\t\t\t\t\t\t\n<style>\n#image_1748636649 {\n  width: 100%;\n}\n<\/style>\n\t<\/div>\n\t\n\t\t<\/div>\n\t\t\t\t\t<\/div>\n\n\t\n\n\t<div id=\"col-14570014\" class=\"col medium-7 small-12 large-7\"  >\n\t\t\t\t<div class=\"col-inner\"  >\n\t\t\t\n\t\t\t\n\t<div id=\"text-3928632487\" class=\"text\">\n\t\t\n<h1 class=\"heading-slide\">\u1ed0ng x\u1eb9p PVC driptec<\/h1>\n\t\t\n<style>\n#text-3928632487 {\n  font-size: 2.2rem;\n  text-align: center;\n  color: #4dbeee;\n}\n#text-3928632487 > * {\n  color: #4dbeee;\n}\n@media (min-width:550px) {\n  #text-3928632487 {\n    text-align: left;\n  }\n}\n<\/style>\n\t<\/div>\n\t\n\t<div id=\"gap-1372567746\" class=\"gap-element clearfix\" style=\"display:block; height:auto;\">\n\t\t\n<style>\n#gap-1372567746 {\n  padding-top: 20px;\n}\n@media (min-width:550px) {\n  #gap-1372567746 {\n    padding-top: 20px;\n  }\n}\n<\/style>\n\t<\/div>\n\t\n<p>\u1ed0ng x\u1eb9p PVC Driptec chuy\u00ean d\u00f9ng cho t\u01b0\u1edbi ti\u00eau n\u00f4ng nghi\u1ec7p, \u0111\u1ea3m b\u1ea3o \u0111\u1ed9 b\u1ec1n, ch\u1ecbu l\u1ef1c, ch\u1ecbu \u00e1p l\u1ef1c cao v\u00e0 linh ho\u1ea1t trong s\u1eed d\u1ee5ng.<\/p>\n<p>Th\u00f4ng tin c\u01a1 b\u1ea3n<\/p>\n<ul>\n<li>C\u1ee1 \u1ed1ng ph\u1ed5 bi\u1ebfn: 2.0&#8243; (50mm), 2.5&#8243; (63mm), 3.0&#8243; (80mm)<\/li>\n<li>\u1ed0ng xanh d\u01b0\u01a1ng \u00e1p ho\u1ea1t \u0111\u1ed9ng 4.0bar; \u1ed1ng \u0111en \u00e1p ho\u1ea1t \u0111\u1ed9ng 6.0bar; \u1ed1ng \u0111\u1ecf \u00e1p ho\u1ea1t \u0111\u1ed9ng 8-10.0bar.<\/li>\n<li>Chi\u1ec1u d\u00e0i cu\u1ed9n: 50m; ho\u1eb7c 100m<\/li>\n<\/ul>\n\t<div id=\"gap-1408995812\" class=\"gap-element clearfix\" style=\"display:block; height:auto;\">\n\t\t\n<style>\n#gap-1408995812 {\n  padding-top: 20px;\n}\n@media (min-width:550px) {\n  #gap-1408995812 {\n    padding-top: 20px;\n  }\n}\n<\/style>\n\t<\/div>\n\t\n\t\t<\/div>\n\t\t\t\t\t<\/div>\n\n\t\n<\/div>\n<div class=\"row\"  id=\"row-904535305\">\n\n\t<div id=\"col-2120538118\" class=\"col medium-3 small-6 large-3\"  >\n\t\t\t\t<div class=\"col-inner\"  >\n\t\t\t\n\t\t\t\n\t<div id=\"text-4151094705\" class=\"text product-spec-list\">\n\t\t\n<p><strong>Th\u1eddi gian s\u1eed d\u1ee5ng<\/strong><\/p>\n<ul>\n<li>tr\u00ean 5 n\u0103m<\/li>\n<\/ul>\n\t\t\t<\/div>\n\t\n\t\t<\/div>\n\t\t\t\t\t<\/div>\n\n\t\n\n\t<div id=\"col-595184698\" class=\"col medium-3 small-6 large-3\"  >\n\t\t\t\t<div class=\"col-inner\"  >\n\t\t\t\n\t\t\t\n\t<div id=\"text-43531773\" class=\"text product-spec-list\">\n\t\t\n<p><b>\u1ee8ng d\u1ee5ng<\/b><\/p>\n<ul>\n<li>S\u1eed d\u1ee5ng l\u00e0m \u1ed1ng ch\u00ednh, \u1ed1ng nh\u00e1nh trong h\u1ec7 th\u1ed1ng t\u01b0\u1edbi<\/li>\n<li>S\u1eed d\u1ee5ng trong c\u00f4ng nghi\u1ec7p, x\u00e2y d\u1ef1ng, d\u00e2n d\u1ee5ng<\/li>\n<\/ul>\n\t\t\t<\/div>\n\t\n\t\t<\/div>\n\t\t\t\t\t<\/div>\n\n\t\n\n\t<div id=\"col-671098267\" class=\"col medium-3 small-6 large-3\"  >\n\t\t\t\t<div class=\"col-inner\"  >\n\t\t\t\n\t\t\t\n\t<div id=\"text-329067277\" class=\"text product-spec-list\">\n\t\t\n<p><strong>Ki\u1ec3u s\u1ea3n ph\u1ea9m<\/strong><\/p>\n<ul>\n<li>\u1ed0ng x\u1eb9p PVC<\/li>\n<\/ul>\n\t\t\t<\/div>\n\t\n\t\t<\/div>\n\t\t\t\t\t<\/div>\n\n\t\n\n\t<div id=\"col-1074326162\" class=\"col medium-3 small-6 large-3\"  >\n\t\t\t\t<div class=\"col-inner\"  >\n\t\t\t\n\t\t\t\n\t<div id=\"text-2287755980\" class=\"text product-spec-list\">\n\t\t\n<p><strong>\u0110i\u1ec3m n\u1ed5i b\u1eadt<\/strong><\/p>\n<ul>\n<li>Linh \u0111\u1ed9ng trong s\u1eed d\u1ee5ng<\/li>\n<li>Ch\u1ecbu \u00e1p cao<\/li>\n<\/ul>\n\t\t\t<\/div>\n\t\n\t\t<\/div>\n\t\t\t\t\t<\/div>\n\n\t\n<\/div>\n\t\t<\/div>\n\n\t\t\n<style>\n#section_631454389 {\n  padding-top: 10px;\n  padding-bottom: 10px;\n  min-height: 209px;\n  background-color: rgb(239, 242, 237);\n}\n@media (min-width:550px) {\n  #section_631454389 {\n    min-height: 462px;\n  }\n}\n<\/style>\n\t<\/section>\n\t\n\t<section class=\"section\" id=\"section_171945474\">\n\t\t<div class=\"bg section-bg fill bg-fill  bg-loaded\" >\n\n\t\t\t\n\t\t\t\n\t\t\t\n\n\t\t<\/div>\n\n\t\t\n\n\t\t<div class=\"section-content relative\">\n\t\t\t\n<div class=\"row align-middle\"  id=\"row-5991527\">\n\n\t<div id=\"col-35679942\" class=\"col pb-0 small-12 large-12\"  >\n\t\t\t\t<div class=\"col-inner\"  >\n\t\t\t\n\t\t\t\n\t<div id=\"text-2319684781\" class=\"text\">\n\t\t\n<h2 class=\"heading-title heading-arrow-left mb-0\">T\u1ea1i sao ch\u1ecdn \u1ed1ng x\u1eb9p PVC Driptec?<\/h2>\n\t\t\n<style>\n#text-2319684781 {\n  font-size: 1.25rem;\n  color: rgb(77, 190, 238);\n}\n#text-2319684781 > * {\n  color: rgb(77, 190, 238);\n}\n<\/style>\n\t<\/div>\n\t\n\t<div id=\"gap-1498054041\" class=\"gap-element clearfix\" style=\"display:block; height:auto;\">\n\t\t\n<style>\n#gap-1498054041 {\n  padding-top: 30px;\n}\n<\/style>\n\t<\/div>\n\t\n<ul>\n<li>Ch\u1ea5t l\u01b0\u1ee3ng cao c\u1ea5p<\/li>\n<li>\u1ee8ng d\u1ee5ng r\u1ed9ng r\u00e3i trong t\u01b0\u1edbi ti\u00eau, c\u00f4ng nghi\u1ec7p, d\u00e2n d\u1ee5ng&#8230;<\/li>\n<li>\u0110\u1ed9 b\u1ec1n tr\u00ean 5 n\u0103m<\/li>\n<li>G\u1ecdn nh\u1eb9, linh \u0111\u1ed9ng<\/li>\n<li>Nhi\u1ec1u k\u00edch c\u1ee1 t\u1eeb 27mm \u0111\u1ebfn 110mm; nhi\u1ec1u l\u1ef1a ch\u1ecdn v\u1ec1 \u0111\u1ed9 ch\u1ecbu \u00e1p t\u1eeb 4bar \u0111\u1ebfn 10bar.<\/li>\n<\/ul>\n\t\t<\/div>\n\t\t\t\t\t<\/div>\n\n\t\n<\/div>\n\t\t<\/div>\n\n\t\t\n<style>\n#section_171945474 {\n  padding-top: 30px;\n  padding-bottom: 30px;\n}\n<\/style>\n\t<\/section>\n\t\n<div class=\"is-divider divider clearfix\" style=\"max-width:100%;height:30px;background-color:rgb(242, 242, 242);\"><\/div>\n\t<section class=\"section\" id=\"section_1794250817\">\n\t\t<div class=\"bg section-bg fill bg-fill  bg-loaded\" >\n\n\t\t\t\n\t\t\t\n\t\t\t\n\n\t\t<\/div>\n\n\t\t\n\n\t\t<div class=\"section-content relative\">\n\t\t\t\n<div class=\"row align-middle\"  id=\"row-1722921523\">\n\n\t<div id=\"col-1974626687\" class=\"col pb-0 small-12 large-12\"  >\n\t\t\t\t<div class=\"col-inner\"  >\n\t\t\t\n\t\t\t\n\t<div id=\"text-2749497867\" class=\"text\">\n\t\t\n<h2 class=\"heading-title heading-arrow-left mb-0\">C\u00e1c l\u1ef1a ch\u1ecdn<\/h2>\n\t\t\n<style>\n#text-2749497867 {\n  font-size: 1.25rem;\n  color: rgb(77, 190, 238);\n}\n#text-2749497867 > * {\n  color: rgb(77, 190, 238);\n}\n<\/style>\n\t<\/div>\n\t\n\t<div id=\"gap-1830111490\" class=\"gap-element clearfix\" style=\"display:block; height:auto;\">\n\t\t\n<style>\n#gap-1830111490 {\n  padding-top: 30px;\n}\n<\/style>\n\t<\/div>\n\t\n\t\t<\/div>\n\t\t\t\t\t<\/div>\n\n\t\n\n\t<div id=\"col-834760999\" class=\"col pb-0 medium-4 small-12 large-4\"  >\n\t\t\t\t<div class=\"col-inner\"  >\n\t\t\t\n\t\t\t\n\t<div class=\"img has-hover x md-x lg-x y md-y lg-y\" id=\"image_1959867263\">\n\t\t\t\t\t\t\t\t<div class=\"img-inner dark\" >\n\t\t\t<img decoding=\"async\" width=\"800\" height=\"800\" src=\"https:\/\/driptec.com\/wp-content\/uploads\/2024\/05\/Driptec-layflat-hose-2.5-inch-4bar-800x800.jpg\" class=\"attachment-large size-large\" alt=\"Driptec layflat hose 2.5 inch 4bar\" srcset=\"https:\/\/driptec.com\/wp-content\/uploads\/2024\/05\/Driptec-layflat-hose-2.5-inch-4bar-800x800.jpg 800w, https:\/\/driptec.com\/wp-content\/uploads\/2024\/05\/Driptec-layflat-hose-2.5-inch-4bar-400x400.jpg 400w, https:\/\/driptec.com\/wp-content\/uploads\/2024\/05\/Driptec-layflat-hose-2.5-inch-4bar-280x280.jpg 280w, https:\/\/driptec.com\/wp-content\/uploads\/2024\/05\/Driptec-layflat-hose-2.5-inch-4bar-768x768.jpg 768w, https:\/\/driptec.com\/wp-content\/uploads\/2024\/05\/Driptec-layflat-hose-2.5-inch-4bar.jpg 1000w\" sizes=\"(max-width: 800px) 100vw, 800px\" \/>\t\t\t\t\t\t\n\t\t\t\t\t<\/div>\n\t\t\t\t\t\t\t\t\n<style>\n#image_1959867263 {\n  width: 100%;\n}\n<\/style>\n\t<\/div>\n\t\n<p><strong>Ti\u00eau chu\u1ea9n 4 bar.<\/strong><\/p>\n<p>V\u1edbi m\u1ee9c \u00e1p ho\u1ea1t \u0111\u1ed9ng 4 bar, \u00e1p su\u1ea5t b\u1ecb n\u1ed5 l\u00ean t\u1edbi 15bar. \u1ed0ng n\u00e0y \u0111\u01b0\u1ee3c \u1ee9ng d\u1ee5ng r\u1ed9ng r\u00e3i nh\u01b0 l\u00e0 \u0111\u01b0\u1eddng ph\u1ee5 trong h\u1ec7 th\u1ed1ng t\u01b0\u1edbi nh\u1ecf gi\u1ecdt.<\/p>\n\t\t<\/div>\n\t\t\t\t\t<\/div>\n\n\t\n\n\t<div id=\"col-1205928378\" class=\"col pb-0 medium-4 small-12 large-4\"  >\n\t\t\t\t<div class=\"col-inner\"  >\n\t\t\t\n\t\t\t\n\t<div class=\"img has-hover x md-x lg-x y md-y lg-y\" id=\"image_1704842404\">\n\t\t\t\t\t\t\t\t<div class=\"img-inner dark\" >\n\t\t\t<img decoding=\"async\" width=\"800\" height=\"800\" src=\"https:\/\/driptec.com\/wp-content\/uploads\/2024\/05\/Driptec-layflat-hose-2.5-inch-6bar-800x800.jpg\" class=\"attachment-large size-large\" alt=\"Driptec layflat hose 2.5 inch 6bar\" srcset=\"https:\/\/driptec.com\/wp-content\/uploads\/2024\/05\/Driptec-layflat-hose-2.5-inch-6bar-800x800.jpg 800w, https:\/\/driptec.com\/wp-content\/uploads\/2024\/05\/Driptec-layflat-hose-2.5-inch-6bar-400x400.jpg 400w, https:\/\/driptec.com\/wp-content\/uploads\/2024\/05\/Driptec-layflat-hose-2.5-inch-6bar-280x280.jpg 280w, https:\/\/driptec.com\/wp-content\/uploads\/2024\/05\/Driptec-layflat-hose-2.5-inch-6bar-768x768.jpg 768w, https:\/\/driptec.com\/wp-content\/uploads\/2024\/05\/Driptec-layflat-hose-2.5-inch-6bar.jpg 1000w\" sizes=\"(max-width: 800px) 100vw, 800px\" \/>\t\t\t\t\t\t\n\t\t\t\t\t<\/div>\n\t\t\t\t\t\t\t\t\n<style>\n#image_1704842404 {\n  width: 100%;\n}\n<\/style>\n\t<\/div>\n\t\n<p><strong>\u1ed0ng cao c\u1ea5p 6.0bar<\/strong><\/p>\n<p>v\u1edbi m\u1ee9c \u00e1p ho\u1ea1t \u0111\u1ed9ng cao h\u01a1n, 6.0 bar, \u00e1p su\u1ea5t n\u1ed5 t\u1edbi 21 bar. \u00d3ng n\u00e0y \u0111\u01b0\u1ee3c s\u1eed d\u1ee5ng ch\u1ee7 y\u1ebfu l\u00e0m \u0111\u01b0\u1eddng t\u1ea3i n\u01b0\u1edbc t\u1eeb b\u01a1m trong c\u00e1c h\u1ec7 th\u1ed1ng t\u01b0\u1edbi phun m\u01b0a v\u00e0 nh\u1ecf gi\u1ecdt.<\/p>\n\t\t<\/div>\n\t\t\t\t\t<\/div>\n\n\t\n\n\t<div id=\"col-1420285856\" class=\"col pb-0 medium-4 small-12 large-4\"  >\n\t\t\t\t<div class=\"col-inner\"  >\n\t\t\t\n\t\t\t\n\t<div class=\"img has-hover x md-x lg-x y md-y lg-y\" id=\"image_246737455\">\n\t\t\t\t\t\t\t\t<div class=\"img-inner dark\" >\n\t\t\t<img decoding=\"async\" width=\"800\" height=\"800\" src=\"https:\/\/driptec.com\/wp-content\/uploads\/2024\/05\/Driptec-layflat-hose-2.5-inch-heavy-duty-10bar-800x800.jpg\" class=\"attachment-large size-large\" alt=\"Driptec layflat hose 2.5 inch heavy duty 10bar\" srcset=\"https:\/\/driptec.com\/wp-content\/uploads\/2024\/05\/Driptec-layflat-hose-2.5-inch-heavy-duty-10bar-800x800.jpg 800w, https:\/\/driptec.com\/wp-content\/uploads\/2024\/05\/Driptec-layflat-hose-2.5-inch-heavy-duty-10bar-400x400.jpg 400w, https:\/\/driptec.com\/wp-content\/uploads\/2024\/05\/Driptec-layflat-hose-2.5-inch-heavy-duty-10bar-280x280.jpg 280w, https:\/\/driptec.com\/wp-content\/uploads\/2024\/05\/Driptec-layflat-hose-2.5-inch-heavy-duty-10bar-768x768.jpg 768w, https:\/\/driptec.com\/wp-content\/uploads\/2024\/05\/Driptec-layflat-hose-2.5-inch-heavy-duty-10bar.jpg 1000w\" sizes=\"(max-width: 800px) 100vw, 800px\" \/>\t\t\t\t\t\t\n\t\t\t\t\t<\/div>\n\t\t\t\t\t\t\t\t\n<style>\n#image_246737455 {\n  width: 100%;\n}\n<\/style>\n\t<\/div>\n\t\n<p><b>\u1ed0ng cao \u00e1p 10.0bar<\/b><\/p>\n<p>Trong m\u1ed9t s\u1ed1 tr\u01b0\u1eddng h\u1ee3p \u0111\u1eb7c bi\u1ec7t nh\u01b0 t\u01b0\u1edbi s\u00fang, t\u1ea3i n\u01b0\u1edbc cao \u00e1p \u1edf di\u1ec7n t\u00edch l\u1edbn, ho\u1eb7c \u0111\u1ed3i d\u1ed1c ch\u00fang ta c\u1ea7n \u1ed1ng ch\u1ecbu \u00e1p l\u00ean t\u1edbi 10.0bar (\u00e1p n\u1ed5 tr\u00ean 30.0bar).<\/p>\n\t\t<\/div>\n\t\t\t\t\t<\/div>\n\n\t\n<\/div>\n\t\t<\/div>\n\n\t\t\n<style>\n#section_1794250817 {\n  padding-top: 0px;\n  padding-bottom: 0px;\n}\n<\/style>\n\t<\/section>\n\t\n<div class=\"is-divider divider clearfix\" style=\"max-width:100%;height:30px;background-color:rgb(242, 242, 242);\"><\/div>\n\t<section class=\"section\" id=\"section_1642403109\">\n\t\t<div class=\"bg section-bg fill bg-fill  bg-loaded\" >\n\n\t\t\t\n\t\t\t\n\t\t\t\n\n\t\t<\/div>\n\n\t\t\n\n\t\t<div class=\"section-content relative\">\n\t\t\t\n<div class=\"row align-equal\"  id=\"row-1061090146\">\n\n\t<div id=\"col-1782150148\" class=\"col pb-0 small-12 large-12\"  >\n\t\t\t\t<div class=\"col-inner text-center\"  >\n\t\t\t\n\t\t\t\n\t<div id=\"text-3473207773\" class=\"text\">\n\t\t\n<h2 class=\"heading-title heading-arrow-left mb-0\">Downloads<\/h2>\n\t\t\n<style>\n#text-3473207773 {\n  font-size: 1.25rem;\n  text-align: left;\n  color: rgb(77, 190, 238);\n}\n#text-3473207773 > * {\n  color: rgb(77, 190, 238);\n}\n<\/style>\n\t<\/div>\n\t\n\t<div id=\"gap-1025396834\" class=\"gap-element clearfix\" style=\"display:block; height:auto;\">\n\t\t\n<style>\n#gap-1025396834 {\n  padding-top: 30px;\n}\n<\/style>\n\t<\/div>\n\t\n\t\t<\/div>\n\t\t\t\t\t<\/div>\n\n\t\n\n\t<div id=\"col-98106097\" class=\"col pb-0 medium-6 small-12 large-6\"  >\n\t\t\t\t<div class=\"col-inner text-center\"  >\n\t\t\t\n\t\t\t\n\t<div id=\"text-2526250417\" class=\"text\">\n\t\t\n<p><strong>T\u1ea3i file<\/strong><\/p>\n<ul>\n<li><a href=\"https:\/\/drive.google.com\/file\/d\/1O-tMqaZoVRkQuL8jARfosfFjISE5cxsZ\/view?usp=drive_link\" target=\"_blank\" rel=\"nofollow noopener\">Catalog \u1ed0ng x\u1eb9p PVC Driptec<\/a><\/li>\n<li><a href=\"https:\/\/drive.google.com\/file\/d\/1aHO34dYJrwB8axLbd3cTYTDRKFCvZUs8\/view?usp=drive_link\" target=\"_blank\" rel=\"nofollow noopener\">B\u1ea3ng th\u00f4ng s\u1ed1 k\u1ef9 thu\u1eadt<\/a><\/li>\n<\/ul>\n\t\t\n<style>\n#text-2526250417 {\n  text-align: left;\n}\n<\/style>\n\t<\/div>\n\t\n\t\t<\/div>\n\t\t\t\t\t<\/div>\n\n\t\n\n\t<div id=\"col-1597832948\" class=\"col pb-0 medium-6 small-12 large-6\"  >\n\t\t\t\t<div class=\"col-inner text-center\"  >\n\t\t\t\n\t\t\t\n\t<div id=\"text-3768000037\" class=\"text\">\n\t\t\n<p><strong>S\u1ea3n ph\u1ea9m li\u00ean quan<\/strong><\/p>\n<ul>\n<li><a href=\"https:\/\/driptec.com\/vi\/product\/ong-xep-pe-driptec\/\" target=\"_blank\" rel=\"noopener\" data-schema-attribute=\"about mentions\">\u00d4ng x\u1eb9p PE<\/a><\/li>\n<li>\u1ed0ng nh\u1ecf gi\u1ecdt Driptec<\/li>\n<\/ul>\n\t\t\n<style>\n#text-3768000037 {\n  text-align: left;\n}\n<\/style>\n\t<\/div>\n\t\n\t\t<\/div>\n\t\t\t\t\t<\/div>\n\n\t\n<\/div>\n\t\t<\/div>\n\n\t\t\n<style>\n#section_1642403109 {\n  padding-top: 0px;\n  padding-bottom: 0px;\n}\n<\/style>\n\t<\/section>\n\t\n<div class=\"is-divider divider clearfix\" style=\"max-width:100%;height:30px;background-color:rgb(242, 242, 242);\"><\/div>\n\t<section class=\"section\" id=\"section_798750506\">\n\t\t<div class=\"bg section-bg fill bg-fill  bg-loaded\" >\n\n\t\t\t\n\t\t\t\n\t\t\t\n\n\t\t<\/div>\n\n\t\t\n\n\t\t<div class=\"section-content relative\">\n\t\t\t\n<div class=\"row align-middle\"  id=\"row-1549109447\">\n\n\t<div id=\"col-2051218066\" class=\"col pb-0 medium-6 small-12 large-6\"  >\n\t\t\t\t<div class=\"col-inner\"  >\n\t\t\t\n\t\t\t\n\t<div id=\"text-3454641515\" class=\"text\">\n\t\t\n<p class=\"heading-title heading-arrow-left mb-0\">Worldwide distributors<\/p>\n\t\t\n<style>\n#text-3454641515 {\n  font-size: 1.25rem;\n  color: rgb(77, 190, 238);\n}\n#text-3454641515 > * {\n  color: rgb(77, 190, 238);\n}\n<\/style>\n\t<\/div>\n\t\n\t\t<\/div>\n\t\t\t\t\t<\/div>\n\n\t\n\n\t<div id=\"col-1512663351\" class=\"col pb-0 medium-6 small-12 large-6\"  >\n\t\t\t\t<div class=\"col-inner\"  >\n\t\t\t\n\t\t\t\n\t<div id=\"gap-289876209\" class=\"gap-element clearfix\" style=\"display:block; height:auto;\">\n\t\t\n<style>\n#gap-289876209 {\n  padding-top: 20px;\n}\n@media (min-width:550px) {\n  #gap-289876209 {\n    padding-top: 0px;\n  }\n}\n<\/style>\n\t<\/div>\n\t\n\t\t<\/div>\n\t\t\t\t\t<\/div>\n\n\t\n\n\t<div id=\"col-1682718238\" class=\"col pb-0 small-12 large-12\"  >\n\t\t\t\t<div class=\"col-inner\" style=\"background-color:rgb(114, 147, 101);\" >\n\t\t\t\n\t\t\t\n\n            <div \n                class=\"elfsight-widget-google-maps elfsight-widget\" \n                data-elfsight-google-maps-options=\"%7B%22categoriesEnabled%22%3Atrue%2C%22categories%22%3A%5B%5D%2C%22icons%22%3A%5B%5D%2C%22lang%22%3A%22en%22%2C%22distanceUnits%22%3A%22mi%22%2C%22markers%22%3A%5B%7B%22position%22%3A%22Khu%20Bi%5Cu1ec7t%20Th%5Cu1ef1%20Ng%5Cu00e2n%20Long%2C%20Ph%5Cu01b0%5Cu1edbc%20Ki%5Cu1ec3n%2C%20Nh%5Cu00e0%20B%5Cu00e8%2C%20H%5Cu1ed3%20Ch%5Cu00ed%20Minh%2070000%2C%20Vietnam%22%2C%22coordinates%22%3A%2210.7198984%2C%20106.702539%22%2C%22infoTitle%22%3A%22Driptec%22%2C%22category%22%3A%22%22%2C%22icon%22%3A%22%22%2C%22infoDescription%22%3A%22Driptec%20irrigation%20manufacturer.%20We%20are%20one%20of%20the%20leading%20company%20in%20Drip%20and%20sprinkler%20irrigation%20OEM%20manufacturer.%3Cbr%3E%22%2C%22infoImage%22%3A%7B%22name%22%3A%22%22%2C%22url%22%3A%22%22%7D%2C%22infoAddress%22%3A%22%22%2C%22infoSite%22%3A%22Driptec.com%22%2C%22infoPhone%22%3A%22%2B84-0983230879%22%2C%22infoEmail%22%3A%22info%40driptec.com%22%2C%22infoWorkingHours%22%3A%22%22%2C%22markerClickAction%22%3A%22infoWindow%22%2C%22infoWindowOpenedByDefault%22%3Afalse%2C%22linkUrl%22%3A%22%22%2C%22animation%22%3A%22none%22%7D%5D%2C%22mapType%22%3A%22roadmap%22%2C%22center%22%3A%22auto%22%2C%22zoom%22%3A%22auto%22%2C%22controls%22%3A%5B%22zoom%22%2C%22mapType%22%2C%22scale%22%2C%22streetView%22%2C%22rotate%22%2C%22fullScreen%22%5D%2C%22markerClusterEnabled%22%3Atrue%2C%22markerClusterZoom%22%3Atrue%2C%22markerClusterMin%22%3A2%2C%22markerClusterIcon%22%3A%22default%22%2C%22markerClusterIconColor%22%3A%22%22%2C%22markerClusterIconUrl%22%3Anull%2C%22markerClusterSize%22%3A52%2C%22infoDirections%22%3Atrue%2C%22directionsTarget%22%3A%22inline%22%2C%22scrollwheel%22%3Afalse%2C%22draggable%22%3Atrue%2C%22layers%22%3A%5B%5D%2C%22width%22%3A%22auto%22%2C%22height%22%3A%22700%22%2C%22panelEnabled%22%3Atrue%2C%22panelOpenByDefault%22%3Atrue%2C%22panelSearchVisible%22%3Atrue%2C%22panelSearchBy%22%3A%22markers%22%2C%22panelSearchPlaceholder%22%3A%22%22%2C%22panelListItemElements%22%3A%5B%22title%22%2C%22category%22%2C%22image%22%2C%22address%22%2C%22phone%22%2C%22workingHours%22%5D%2C%22mainColor%22%3A%22rgb%2866%2C%20133%2C%20244%29%22%2C%22style%22%3A%22default%22%2C%22colorGeometry%22%3A%22%22%2C%22colorLabelsTextFill%22%3A%22%22%2C%22colorLabelsTextStroke%22%3A%22%22%2C%22colorAdministrativeGeometryStroke%22%3A%22%22%2C%22colorAdministrativeLandParcel%22%3A%22%22%2C%22colorLandscapeNaturalGeometry%22%3A%22%22%2C%22colorPoiGeometry%22%3A%22%22%2C%22colorPoiLabelsTextFill%22%3A%22%22%2C%22colorPoiParkGeometryFill%22%3A%22%22%2C%22colorPoiParkLabelsTextFill%22%3A%22%22%2C%22colorRoadGeometry%22%3A%22%22%2C%22colorRoadArterial%22%3A%22%22%2C%22colorRoadHighway%22%3A%22%22%2C%22colorRoadHighwayGeometryStroke%22%3A%22%22%2C%22colorRoadHighwayControlledAccessGeometry%22%3A%22%22%2C%22colorRoadHighwayControlledAccessGeometryStroke%22%3A%22%22%2C%22colorRoadLocalLabelsTextFill%22%3A%22%22%2C%22colorTransitLineGeometry%22%3A%22%22%2C%22colorTransitLineLabelsTextFill%22%3A%22%22%2C%22colorTransitLineLabelsTextStroke%22%3A%22%22%2C%22colorTransitStationGeometry%22%3A%22%22%2C%22colorWaterGeometryFill%22%3A%22%22%2C%22colorWaterLabelTextFill%22%3A%22%22%2C%22customGoogleMapsStyles%22%3A%22%22%2C%22apiKey%22%3A%22AIzaSyDK49f6N1nj9bVULgfB2YZCRPtDrvOUh2E%22%2C%22widgetId%22%3A%221%22%7D\" \n                data-elfsight-google-maps-version=\"2.4.2\"\n                data-elfsight-widget-id=\"elfsight-google-maps-1\">\n            <\/div>\n            \n\t\t<\/div>\n\t\t\t\t\n<style>\n#col-1682718238 > .col-inner {\n  padding: 10px 10px 10px 10px;\n  margin: 10px 10px 10px 10px;\n  border-radius: 8px;\n}\n<\/style>\n\t<\/div>\n\n\t\n<\/div>\n\t\t<\/div>\n\n\t\t\n<style>\n#section_798750506 {\n  padding-top: 0px;\n  padding-bottom: 0px;\n}\n<\/style>\n\t<\/section>\n\t\n","protected":false},"excerpt":{"rendered":"<p>\u1ed0ng x\u1eb9p PVC Driptec chuy\u00ean d\u00f9ng cho t\u01b0\u1edbi ti\u00eau n\u00f4ng nghi\u1ec7p, \u0111\u1ea3m b\u1ea3o \u0111\u1ed9 b\u1ec1n, ch\u1ecbu l\u1ef1c, ch\u1ecbu \u00e1p l\u1ef1c cao v\u00e0 linh ho\u1ea1t trong s\u1eed d\u1ee5ng.<\/p>\n","protected":false},"author":2,"featured_media":673,"menu_order":0,"template":"","format":"standard","product-category":[32],"class_list":["post-755","product","type-product","status-publish","format-standard","has-post-thumbnail","hentry","product-category-ong-dan-nuoc"],"acf":[],"_links":{"self":[{"href":"https:\/\/driptec.com\/vi\/wp-json\/wp\/v2\/product\/755","targetHints":{"allow":["GET"]}}],"collection":[{"href":"https:\/\/driptec.com\/vi\/wp-json\/wp\/v2\/product"}],"about":[{"href":"https:\/\/driptec.com\/vi\/wp-json\/wp\/v2\/types\/product"}],"author":[{"embeddable":true,"href":"https:\/\/driptec.com\/vi\/wp-json\/wp\/v2\/users\/2"}],"version-history":[{"count":5,"href":"https:\/\/driptec.com\/vi\/wp-json\/wp\/v2\/product\/755\/revisions"}],"predecessor-version":[{"id":912,"href":"https:\/\/driptec.com\/vi\/wp-json\/wp\/v2\/product\/755\/revisions\/912"}],"wp:featuredmedia":[{"embeddable":true,"href":"https:\/\/driptec.com\/vi\/wp-json\/wp\/v2\/media\/673"}],"wp:attachment":[{"href":"https:\/\/driptec.com\/vi\/wp-json\/wp\/v2\/media?parent=755"}],"wp:term":[{"taxonomy":"product-category","embeddable":true,"href":"https:\/\/driptec.com\/vi\/wp-json\/wp\/v2\/product-category?post=755"}],"curies":[{"name":"wp","href":"https:\/\/api.w.org\/{rel}","templated":true}]}}