{"id":760,"date":"2024-05-24T11:33:34","date_gmt":"2024-05-24T04:33:34","guid":{"rendered":"https:\/\/driptec.com\/?post_type=product&#038;p=760"},"modified":"2024-06-09T14:08:01","modified_gmt":"2024-06-09T07:08:01","slug":"ong-xep-pe-driptec","status":"publish","type":"product","link":"https:\/\/driptec.com\/vi\/product\/ong-xep-pe-driptec\/","title":{"rendered":"\u1ed0ng x\u1eb9p PE Driptec"},"content":{"rendered":"\t<section class=\"section\" id=\"section_1702443845\">\n\t\t<div class=\"bg section-bg fill bg-fill  bg-loaded\" >\n\n\t\t\t\n\t\t\t\n\t\t\t\n\n\t\t<\/div>\n\n\t\t\n\n\t\t<div class=\"section-content relative\">\n\t\t\t\n<div class=\"row row-large align-middle align-center\"  id=\"row-1502846591\">\n\n\t<div id=\"col-1799333410\" class=\"col medium-5 small-12 large-5 small-col-first\"  >\n\t\t\t\t<div class=\"col-inner text-center dark\"  >\n\t\t\t\n\t\t\t\n\t<div class=\"img has-hover x md-x lg-x y md-y lg-y\" id=\"image_1328426084\">\n\t\t\t\t\t\t\t\t<div class=\"img-inner dark\" >\n\t\t\t\t\t\t\t\t\t\n\t\t\t\t\t<\/div>\n\t\t\t\t\t\t\t\t\n<style>\n#image_1328426084 {\n  width: 100%;\n}\n<\/style>\n\t<\/div>\n\t\n\t<div class=\"img has-hover x md-x lg-x y md-y lg-y\" id=\"image_1529661730\">\n\t\t\t\t\t\t\t\t<div class=\"img-inner dark\" >\n\t\t\t<img decoding=\"async\" width=\"800\" height=\"800\" src=\"https:\/\/driptec.com\/wp-content\/uploads\/2024\/05\/Driptec-PE-layflat-hose-png-800x800.png\" class=\"attachment-large size-large\" alt=\"Driptec PE layflat hose png\" srcset=\"https:\/\/driptec.com\/wp-content\/uploads\/2024\/05\/Driptec-PE-layflat-hose-png-800x800.png 800w, https:\/\/driptec.com\/wp-content\/uploads\/2024\/05\/Driptec-PE-layflat-hose-png-400x400.png 400w, https:\/\/driptec.com\/wp-content\/uploads\/2024\/05\/Driptec-PE-layflat-hose-png-280x280.png 280w, https:\/\/driptec.com\/wp-content\/uploads\/2024\/05\/Driptec-PE-layflat-hose-png-768x768.png 768w, https:\/\/driptec.com\/wp-content\/uploads\/2024\/05\/Driptec-PE-layflat-hose-png.png 1000w\" sizes=\"(max-width: 800px) 100vw, 800px\" \/>\t\t\t\t\t\t\n\t\t\t\t\t<\/div>\n\t\t\t\t\t\t\t\t\n<style>\n#image_1529661730 {\n  width: 100%;\n}\n<\/style>\n\t<\/div>\n\t\n\t\t<\/div>\n\t\t\t\t\t<\/div>\n\n\t\n\n\t<div id=\"col-470177911\" class=\"col medium-7 small-12 large-7\"  >\n\t\t\t\t<div class=\"col-inner\"  >\n\t\t\t\n\t\t\t\n\t<div id=\"text-2070718984\" class=\"text\">\n\t\t\n<h1 class=\"heading-slide\">\u1ed0ng x\u1eb9p PE Driptec<\/h1>\n\t\t\n<style>\n#text-2070718984 {\n  font-size: 2.2rem;\n  text-align: center;\n  color: #4dbeee;\n}\n#text-2070718984 > * {\n  color: #4dbeee;\n}\n@media (min-width:550px) {\n  #text-2070718984 {\n    text-align: left;\n  }\n}\n<\/style>\n\t<\/div>\n\t\n\t<div id=\"gap-1443952676\" class=\"gap-element clearfix\" style=\"display:block; height:auto;\">\n\t\t\n<style>\n#gap-1443952676 {\n  padding-top: 20px;\n}\n@media (min-width:550px) {\n  #gap-1443952676 {\n    padding-top: 20px;\n  }\n}\n<\/style>\n\t<\/div>\n\t\n<p>\u1ed0ng x\u1eb9p PE Driptec g\u1ecdn nh\u1eb9, s\u1eed d\u1ee5ng linh \u0111\u1ed9ng trong c\u00e1c h\u1ec7 th\u1ed1ng t\u01b0\u1edbi nh\u1ecf gi\u1ecdt thu cu\u1ed1n. \u00c1p d\u1ee5ng ph\u1ed5 bi\u1ebfn trong t\u01b0\u1edbi M\u00eda, M\u00ec, B\u1eafp, Thu\u1ed1c L\u00e1, D\u01b0a h\u1ea5u&#8230;<\/p>\n<p>Th\u00f4ng tin chung<\/p>\n<ul>\n<li>C\u1ee1 \u1ed1ng ph\u1ed5 bi\u1ebfn: 2&#8243; (50mm), 2&#8243; (63mm), 3&#8243; (80mm)<\/li>\n<li>\u0110\u1ed9 ch\u1ecbu \u00e1p ph\u1ed5 bi\u1ebfn 1.5-2.5 bar (t\u00f9y \u0111\u1ed9 d\u00e0y)<\/li>\n<li>Cu\u1ed9n 100m<\/li>\n<\/ul>\n\t<div id=\"gap-1596327522\" class=\"gap-element clearfix\" style=\"display:block; height:auto;\">\n\t\t\n<style>\n#gap-1596327522 {\n  padding-top: 20px;\n}\n@media (min-width:550px) {\n  #gap-1596327522 {\n    padding-top: 20px;\n  }\n}\n<\/style>\n\t<\/div>\n\t\n\t\t<\/div>\n\t\t\t\t\t<\/div>\n\n\t\n<\/div>\n<div class=\"row\"  id=\"row-1204994189\">\n\n\t<div id=\"col-476994494\" class=\"col medium-3 small-6 large-3\"  >\n\t\t\t\t<div class=\"col-inner\"  >\n\t\t\t\n\t\t\t\n\t<div id=\"text-1151172266\" class=\"text product-spec-list\">\n\t\t\n<p><strong>\u0110\u1ed9 b\u1ec1n s\u1ea3n ph\u1ea9m<\/strong><\/p>\n<ul>\n<li>5-8 n\u0103m<\/li>\n<\/ul>\n\t\t\t<\/div>\n\t\n\t\t<\/div>\n\t\t\t\t\t<\/div>\n\n\t\n\n\t<div id=\"col-1856405776\" class=\"col medium-3 small-6 large-3\"  >\n\t\t\t\t<div class=\"col-inner\"  >\n\t\t\t\n\t\t\t\n\t<div id=\"text-2727720567\" class=\"text product-spec-list\">\n\t\t\n<p><b>\u1ee8ng d\u1ee5ng<\/b><\/p>\n<ul>\n<li>\u1ed0ng nh\u00e1nh, \u1ed1ng gom trong h\u1ec7 th\u1ed1ng t\u01b0\u1edbi nh\u1ecf gi\u1ecdt<\/li>\n<\/ul>\n\t\t\t<\/div>\n\t\n\t\t<\/div>\n\t\t\t\t\t<\/div>\n\n\t\n\n\t<div id=\"col-1707829976\" class=\"col medium-3 small-6 large-3\"  >\n\t\t\t\t<div class=\"col-inner\"  >\n\t\t\t\n\t\t\t\n\t<div id=\"text-3221952649\" class=\"text product-spec-list\">\n\t\t\n<p><strong>Lo\u1ea1i s\u1ea3n ph\u1ea9m<\/strong><\/p>\n<ul>\n<li>\u1ed0ng x\u1eb9p PE<\/li>\n<\/ul>\n\t\t\t<\/div>\n\t\n\t\t<\/div>\n\t\t\t\t\t<\/div>\n\n\t\n\n\t<div id=\"col-717533296\" class=\"col medium-3 small-6 large-3\"  >\n\t\t\t\t<div class=\"col-inner\"  >\n\t\t\t\n\t\t\t\n\t<div id=\"text-2787833577\" class=\"text product-spec-list\">\n\t\t\n<p><strong>\u0110i\u1ec3m n\u1ed5i b\u1eadt<\/strong><\/p>\n<ul>\n<li>Linh \u0111\u1ed9ng, d\u1ec5 thu cu\u1ed1n di d\u1eddi<\/li>\n<li>Ch\u1ecbu \u00e1p cao nh\u1edd l\u1edbp Nylon c\u01b0\u1eddng l\u1ef1c<\/li>\n<\/ul>\n\t\t\t<\/div>\n\t\n\t\t<\/div>\n\t\t\t\t\t<\/div>\n\n\t\n<\/div>\n\t\t<\/div>\n\n\t\t\n<style>\n#section_1702443845 {\n  padding-top: 10px;\n  padding-bottom: 10px;\n  min-height: 209px;\n  background-color: rgb(239, 242, 237);\n}\n@media (min-width:550px) {\n  #section_1702443845 {\n    min-height: 462px;\n  }\n}\n<\/style>\n\t<\/section>\n\t\n\t<section class=\"section\" id=\"section_1103308051\">\n\t\t<div class=\"bg section-bg fill bg-fill  bg-loaded\" >\n\n\t\t\t\n\t\t\t\n\t\t\t\n\n\t\t<\/div>\n\n\t\t\n\n\t\t<div class=\"section-content relative\">\n\t\t\t\n<div class=\"row align-middle\"  id=\"row-903776573\">\n\n\t<div id=\"col-80297121\" class=\"col pb-0 small-12 large-12\"  >\n\t\t\t\t<div class=\"col-inner\"  >\n\t\t\t\n\t\t\t\n\t<div id=\"text-242035117\" class=\"text\">\n\t\t\n<h2 class=\"heading-title heading-arrow-left mb-0\">T\u1ea1i sao ch\u1ecdn \u1ed1ng X\u1eb9p PE Layflat<\/h2>\n\t\t\n<style>\n#text-242035117 {\n  font-size: 1.25rem;\n  color: rgb(77, 190, 238);\n}\n#text-242035117 > * {\n  color: rgb(77, 190, 238);\n}\n<\/style>\n\t<\/div>\n\t\n\t<div id=\"gap-1454172520\" class=\"gap-element clearfix\" style=\"display:block; height:auto;\">\n\t\t\n<style>\n#gap-1454172520 {\n  padding-top: 30px;\n}\n<\/style>\n\t<\/div>\n\t\n<ul>\n<li>Ch\u1ea5t l\u01b0\u1ee3ng \u1ed1ng cao c\u1ea5p v\u1edbi 5 l\u1edbp<\/li>\n<li>Ch\u1ecbu \u00e1p su\u1ea5t cao nh\u1edd l\u1edbp Nylon c\u01b0\u1eddng l\u1ef1c<\/li>\n<li>\u0110\u1ed9 b\u1ec1n t\u1eeb 5-8 n\u0103m<\/li>\n<li>\u1ed0ng nh\u1eb9 linh \u0111\u1ed9ng trong s\u1eed d\u1ee5ng, ti\u1ebft ki\u1ec7m chi ph\u00ed v\u1eadn chuy\u1ec3n.<\/li>\n<li>Nhi\u1ec1u l\u1ef1a ch\u1ecdn c\u1ee1 \u1ed1ng, \u0111\u1ed9 d\u00e0y, m\u1ee9c \u0111\u1ed9 ch\u1ecbu l\u1ef1c<\/li>\n<\/ul>\n\t\t<\/div>\n\t\t\t\t\t<\/div>\n\n\t\n<\/div>\n\t\t<\/div>\n\n\t\t\n<style>\n#section_1103308051 {\n  padding-top: 30px;\n  padding-bottom: 30px;\n}\n<\/style>\n\t<\/section>\n\t\n<div class=\"is-divider divider clearfix\" style=\"max-width:100%;height:30px;background-color:rgb(242, 242, 242);\"><\/div>\n\t<section class=\"section\" id=\"section_904397535\">\n\t\t<div class=\"bg section-bg fill bg-fill  bg-loaded\" >\n\n\t\t\t\n\t\t\t\n\t\t\t\n\n\t\t<\/div>\n\n\t\t\n\n\t\t<div class=\"section-content relative\">\n\t\t\t\n<div class=\"row align-middle\"  id=\"row-1700473053\">\n\n\t<div id=\"col-503363557\" class=\"col pb-0 small-12 large-12\"  >\n\t\t\t\t<div class=\"col-inner\"  >\n\t\t\t\n\t\t\t\n\t<div id=\"text-2101621756\" class=\"text\">\n\t\t\n<h2 class=\"heading-title heading-arrow-left mb-0\">Optionals<\/h2>\n\t\t\n<style>\n#text-2101621756 {\n  font-size: 1.25rem;\n  color: rgb(77, 190, 238);\n}\n#text-2101621756 > * {\n  color: rgb(77, 190, 238);\n}\n<\/style>\n\t<\/div>\n\t\n\t<div id=\"gap-1891071714\" class=\"gap-element clearfix\" style=\"display:block; height:auto;\">\n\t\t\n<style>\n#gap-1891071714 {\n  padding-top: 30px;\n}\n<\/style>\n\t<\/div>\n\t\n\t\t<\/div>\n\t\t\t\t\t<\/div>\n\n\t\n\n\t<div id=\"col-1898712293\" class=\"col pb-0 medium-4 small-12 large-4\"  >\n\t\t\t\t<div class=\"col-inner\"  >\n\t\t\t\n\t\t\t\n<div class=\"uxb-no-content uxb-image\">Upload Image...<\/div>\n<p><strong>\u1ed0ng gom \u0111\u01b0\u1eddng \u1ed1ng nh\u1ecf gi\u1ecdt<\/strong><\/p>\n<p>\u0110\u00e2y l\u00e0 \u1ee9ng d\u1ee5ng ph\u1ed5 bi\u1ebfn nh\u1ea5t, c\u00e1c \u0111\u01b0\u1eddng \u1ed1ng nh\u1ecf gio \u0111\u01b0\u1ee3c n\u1ed1i v\u1edbi \u1ed1ng gom.<\/p>\n\t\t<\/div>\n\t\t\t\t\t<\/div>\n\n\t\n\n\t<div id=\"col-1302994082\" class=\"col pb-0 medium-4 small-12 large-4\"  >\n\t\t\t\t<div class=\"col-inner\"  >\n\t\t\t\n\t\t\t\n<div class=\"uxb-no-content uxb-image\">Upload Image...<\/div>\n<p><strong>\u1ed0ng nh\u00e1nh<\/strong><\/p>\n<p>V\u1edbi m\u1ea1ng l\u01b0\u1edbi \u1ed1ng g\u1ed3m \u1ed1ng tr\u1ee5c, \u1ed1ng nh\u00e1nh v\u00e0 \u1ed1ng gom&#8230; \u1ed1ng x\u1eb9p PE th\u01b0\u1eddng s\u1eed d\u1ee5ng nh\u01b0 \u1ed1ng nh\u00e1nh.<\/p>\n\t\t<\/div>\n\t\t\t\t\t<\/div>\n\n\t\n\n\t<div id=\"col-7040268\" class=\"col pb-0 medium-4 small-12 large-4\"  >\n\t\t\t\t<div class=\"col-inner\"  >\n\t\t\t\n\t\t\t\n<div class=\"uxb-no-content uxb-image\">Upload Image...<\/div>\n<p><b>\u1ed0ng t\u1ea3i<\/b><\/p>\n<p>Khi b\u1ea1n mu\u1ed1n \u0111\u1ed3ng b\u1ed9 m\u1ed9t lo\u1ea1i \u1ed1ng, ch\u00fang ta c\u00f3 th\u1ec3 s\u1eed d\u1ee5ng \u1ed1ng x\u1eb9p EP \u0111\u1ed9 d\u00e0y cao nh\u01b0 \u1ed1ng t\u1ea3i.<\/p>\n\t\t<\/div>\n\t\t\t\t\t<\/div>\n\n\t\n<\/div>\n\t\t<\/div>\n\n\t\t\n<style>\n#section_904397535 {\n  padding-top: 0px;\n  padding-bottom: 0px;\n}\n<\/style>\n\t<\/section>\n\t\n<div class=\"is-divider divider clearfix\" style=\"max-width:100%;height:30px;background-color:rgb(242, 242, 242);\"><\/div>\n\t<section class=\"section\" id=\"section_729296609\">\n\t\t<div class=\"bg section-bg fill bg-fill  bg-loaded\" >\n\n\t\t\t\n\t\t\t\n\t\t\t\n\n\t\t<\/div>\n\n\t\t\n\n\t\t<div class=\"section-content relative\">\n\t\t\t\n<div class=\"row align-equal\"  id=\"row-300641044\">\n\n\t<div id=\"col-806817987\" class=\"col pb-0 small-12 large-12\"  >\n\t\t\t\t<div class=\"col-inner text-center\"  >\n\t\t\t\n\t\t\t\n\t<div id=\"text-3697298201\" class=\"text\">\n\t\t\n<h2 class=\"heading-title heading-arrow-left mb-0\">T\u1ea3i xu\u1ed1ng<\/h2>\n\t\t\n<style>\n#text-3697298201 {\n  font-size: 1.25rem;\n  text-align: left;\n  color: rgb(77, 190, 238);\n}\n#text-3697298201 > * {\n  color: rgb(77, 190, 238);\n}\n<\/style>\n\t<\/div>\n\t\n\t<div id=\"gap-1124729345\" class=\"gap-element clearfix\" style=\"display:block; height:auto;\">\n\t\t\n<style>\n#gap-1124729345 {\n  padding-top: 30px;\n}\n<\/style>\n\t<\/div>\n\t\n\t\t<\/div>\n\t\t\t\t\t<\/div>\n\n\t\n\n\t<div id=\"col-1193919280\" class=\"col pb-0 medium-6 small-12 large-6\"  >\n\t\t\t\t<div class=\"col-inner text-center\"  >\n\t\t\t\n\t\t\t\n\t<div id=\"text-1947579617\" class=\"text\">\n\t\t\n<p><strong>D\u1eef li\u1ec7u s\u1ea3n ph\u1ea9m<\/strong><\/p>\n<ul>\n<li>Catalog \u1ed1ng x\u1eb9p PE Driptec<\/li>\n<li>M\u00f4 h\u00ecnh<\/li>\n<\/ul>\n\t\t\n<style>\n#text-1947579617 {\n  text-align: left;\n}\n<\/style>\n\t<\/div>\n\t\n\t\t<\/div>\n\t\t\t\t\t<\/div>\n\n\t\n\n\t<div id=\"col-398057056\" class=\"col pb-0 medium-6 small-12 large-6\"  >\n\t\t\t\t<div class=\"col-inner text-center\"  >\n\t\t\t\n\t\t\t\n\t<div id=\"text-3918442570\" class=\"text\">\n\t\t\n<p><strong>S\u1ea3n ph\u1ea9m li\u00ean quan<\/strong><\/p>\n<ul>\n<li>\u1ed0ng nh\u1ecf gi\u1ecdt Driptec<\/li>\n<li><a href=\"https:\/\/driptec.com\/vi\/product\/ong-xep-pvc-driptec\/\" target=\"_blank\" rel=\"noopener\">\u1ed0ng x\u1eb9p PVC Driptec<\/a><\/li>\n<\/ul>\n\t\t\n<style>\n#text-3918442570 {\n  text-align: left;\n}\n<\/style>\n\t<\/div>\n\t\n\t\t<\/div>\n\t\t\t\t\t<\/div>\n\n\t\n<\/div>\n\t\t<\/div>\n\n\t\t\n<style>\n#section_729296609 {\n  padding-top: 0px;\n  padding-bottom: 0px;\n}\n<\/style>\n\t<\/section>\n\t\n<div class=\"is-divider divider clearfix\" style=\"max-width:100%;height:30px;background-color:rgb(242, 242, 242);\"><\/div>\n\t<section class=\"section\" id=\"section_633798876\">\n\t\t<div class=\"bg section-bg fill bg-fill  bg-loaded\" >\n\n\t\t\t\n\t\t\t\n\t\t\t\n\n\t\t<\/div>\n\n\t\t\n\n\t\t<div class=\"section-content relative\">\n\t\t\t\n<div class=\"row align-middle\"  id=\"row-420201087\">\n\n\t<div id=\"col-1118286201\" class=\"col pb-0 medium-6 small-12 large-6\"  >\n\t\t\t\t<div class=\"col-inner\"  >\n\t\t\t\n\t\t\t\n\t<div id=\"text-3009297878\" class=\"text\">\n\t\t\n<p class=\"heading-title heading-arrow-left mb-0\">Worldwide distributors<\/p>\n\t\t\n<style>\n#text-3009297878 {\n  font-size: 1.25rem;\n  color: rgb(77, 190, 238);\n}\n#text-3009297878 > * {\n  color: rgb(77, 190, 238);\n}\n<\/style>\n\t<\/div>\n\t\n\t\t<\/div>\n\t\t\t\t\t<\/div>\n\n\t\n\n\t<div id=\"col-1501383353\" class=\"col pb-0 medium-6 small-12 large-6\"  >\n\t\t\t\t<div class=\"col-inner\"  >\n\t\t\t\n\t\t\t\n\t<div id=\"gap-680823005\" class=\"gap-element clearfix\" style=\"display:block; height:auto;\">\n\t\t\n<style>\n#gap-680823005 {\n  padding-top: 20px;\n}\n@media (min-width:550px) {\n  #gap-680823005 {\n    padding-top: 0px;\n  }\n}\n<\/style>\n\t<\/div>\n\t\n\t\t<\/div>\n\t\t\t\t\t<\/div>\n\n\t\n\n\t<div id=\"col-1512712649\" class=\"col pb-0 small-12 large-12\"  >\n\t\t\t\t<div class=\"col-inner\" style=\"background-color:rgb(114, 147, 101);\" >\n\t\t\t\n\t\t\t\n\n            <div \n                class=\"elfsight-widget-google-maps elfsight-widget\" \n                data-elfsight-google-maps-options=\"%7B%22categoriesEnabled%22%3Atrue%2C%22categories%22%3A%5B%5D%2C%22icons%22%3A%5B%5D%2C%22lang%22%3A%22en%22%2C%22distanceUnits%22%3A%22mi%22%2C%22markers%22%3A%5B%7B%22position%22%3A%22Khu%20Bi%5Cu1ec7t%20Th%5Cu1ef1%20Ng%5Cu00e2n%20Long%2C%20Ph%5Cu01b0%5Cu1edbc%20Ki%5Cu1ec3n%2C%20Nh%5Cu00e0%20B%5Cu00e8%2C%20H%5Cu1ed3%20Ch%5Cu00ed%20Minh%2070000%2C%20Vietnam%22%2C%22coordinates%22%3A%2210.7198984%2C%20106.702539%22%2C%22infoTitle%22%3A%22Driptec%22%2C%22category%22%3A%22%22%2C%22icon%22%3A%22%22%2C%22infoDescription%22%3A%22Driptec%20irrigation%20manufacturer.%20We%20are%20one%20of%20the%20leading%20company%20in%20Drip%20and%20sprinkler%20irrigation%20OEM%20manufacturer.%3Cbr%3E%22%2C%22infoImage%22%3A%7B%22name%22%3A%22%22%2C%22url%22%3A%22%22%7D%2C%22infoAddress%22%3A%22%22%2C%22infoSite%22%3A%22Driptec.com%22%2C%22infoPhone%22%3A%22%2B84-0983230879%22%2C%22infoEmail%22%3A%22info%40driptec.com%22%2C%22infoWorkingHours%22%3A%22%22%2C%22markerClickAction%22%3A%22infoWindow%22%2C%22infoWindowOpenedByDefault%22%3Afalse%2C%22linkUrl%22%3A%22%22%2C%22animation%22%3A%22none%22%7D%5D%2C%22mapType%22%3A%22roadmap%22%2C%22center%22%3A%22auto%22%2C%22zoom%22%3A%22auto%22%2C%22controls%22%3A%5B%22zoom%22%2C%22mapType%22%2C%22scale%22%2C%22streetView%22%2C%22rotate%22%2C%22fullScreen%22%5D%2C%22markerClusterEnabled%22%3Atrue%2C%22markerClusterZoom%22%3Atrue%2C%22markerClusterMin%22%3A2%2C%22markerClusterIcon%22%3A%22default%22%2C%22markerClusterIconColor%22%3A%22%22%2C%22markerClusterIconUrl%22%3Anull%2C%22markerClusterSize%22%3A52%2C%22infoDirections%22%3Atrue%2C%22directionsTarget%22%3A%22inline%22%2C%22scrollwheel%22%3Afalse%2C%22draggable%22%3Atrue%2C%22layers%22%3A%5B%5D%2C%22width%22%3A%22auto%22%2C%22height%22%3A%22700%22%2C%22panelEnabled%22%3Atrue%2C%22panelOpenByDefault%22%3Atrue%2C%22panelSearchVisible%22%3Atrue%2C%22panelSearchBy%22%3A%22markers%22%2C%22panelSearchPlaceholder%22%3A%22%22%2C%22panelListItemElements%22%3A%5B%22title%22%2C%22category%22%2C%22image%22%2C%22address%22%2C%22phone%22%2C%22workingHours%22%5D%2C%22mainColor%22%3A%22rgb%2866%2C%20133%2C%20244%29%22%2C%22style%22%3A%22default%22%2C%22colorGeometry%22%3A%22%22%2C%22colorLabelsTextFill%22%3A%22%22%2C%22colorLabelsTextStroke%22%3A%22%22%2C%22colorAdministrativeGeometryStroke%22%3A%22%22%2C%22colorAdministrativeLandParcel%22%3A%22%22%2C%22colorLandscapeNaturalGeometry%22%3A%22%22%2C%22colorPoiGeometry%22%3A%22%22%2C%22colorPoiLabelsTextFill%22%3A%22%22%2C%22colorPoiParkGeometryFill%22%3A%22%22%2C%22colorPoiParkLabelsTextFill%22%3A%22%22%2C%22colorRoadGeometry%22%3A%22%22%2C%22colorRoadArterial%22%3A%22%22%2C%22colorRoadHighway%22%3A%22%22%2C%22colorRoadHighwayGeometryStroke%22%3A%22%22%2C%22colorRoadHighwayControlledAccessGeometry%22%3A%22%22%2C%22colorRoadHighwayControlledAccessGeometryStroke%22%3A%22%22%2C%22colorRoadLocalLabelsTextFill%22%3A%22%22%2C%22colorTransitLineGeometry%22%3A%22%22%2C%22colorTransitLineLabelsTextFill%22%3A%22%22%2C%22colorTransitLineLabelsTextStroke%22%3A%22%22%2C%22colorTransitStationGeometry%22%3A%22%22%2C%22colorWaterGeometryFill%22%3A%22%22%2C%22colorWaterLabelTextFill%22%3A%22%22%2C%22customGoogleMapsStyles%22%3A%22%22%2C%22apiKey%22%3A%22AIzaSyDK49f6N1nj9bVULgfB2YZCRPtDrvOUh2E%22%2C%22widgetId%22%3A%221%22%7D\" \n                data-elfsight-google-maps-version=\"2.4.2\"\n                data-elfsight-widget-id=\"elfsight-google-maps-1\">\n            <\/div>\n            \n\t\t<\/div>\n\t\t\t\t\n<style>\n#col-1512712649 > .col-inner {\n  padding: 10px 10px 10px 10px;\n  margin: 10px 10px 10px 10px;\n  border-radius: 8px;\n}\n<\/style>\n\t<\/div>\n\n\t\n<\/div>\n\t\t<\/div>\n\n\t\t\n<style>\n#section_633798876 {\n  padding-top: 0px;\n  padding-bottom: 0px;\n}\n<\/style>\n\t<\/section>\n\t\n","protected":false},"excerpt":{"rendered":"<p>\u1ed0ng x\u1eb9p PE Driptec chuy\u00ean d\u1ee5ng l\u00e0m \u1ed1ng nh\u00e1nh trong c\u00e1c h\u1ec7 th\u1ed1ng t\u01b0\u1edbi nh\u1ecf gi\u1ecdt cho M\u00eda, M\u00ec, B\u1eafp, D\u01b0a&#8230; d\u1ec5 di chuy\u1ec3n, thu cu\u1ed1n, b\u1ec1n tr\u00ean 5 n\u0103m.<\/p>\n","protected":false},"author":2,"featured_media":671,"menu_order":0,"template":"","format":"standard","product-category":[32],"class_list":["post-760","product","type-product","status-publish","format-standard","has-post-thumbnail","hentry","product-category-ong-dan-nuoc"],"acf":[],"_links":{"self":[{"href":"https:\/\/driptec.com\/vi\/wp-json\/wp\/v2\/product\/760","targetHints":{"allow":["GET"]}}],"collection":[{"href":"https:\/\/driptec.com\/vi\/wp-json\/wp\/v2\/product"}],"about":[{"href":"https:\/\/driptec.com\/vi\/wp-json\/wp\/v2\/types\/product"}],"author":[{"embeddable":true,"href":"https:\/\/driptec.com\/vi\/wp-json\/wp\/v2\/users\/2"}],"version-history":[{"count":3,"href":"https:\/\/driptec.com\/vi\/wp-json\/wp\/v2\/product\/760\/revisions"}],"predecessor-version":[{"id":763,"href":"https:\/\/driptec.com\/vi\/wp-json\/wp\/v2\/product\/760\/revisions\/763"}],"wp:featuredmedia":[{"embeddable":true,"href":"https:\/\/driptec.com\/vi\/wp-json\/wp\/v2\/media\/671"}],"wp:attachment":[{"href":"https:\/\/driptec.com\/vi\/wp-json\/wp\/v2\/media?parent=760"}],"wp:term":[{"taxonomy":"product-category","embeddable":true,"href":"https:\/\/driptec.com\/vi\/wp-json\/wp\/v2\/product-category?post=760"}],"curies":[{"name":"wp","href":"https:\/\/api.w.org\/{rel}","templated":true}]}}