{"id":764,"date":"2024-06-09T11:35:23","date_gmt":"2024-06-09T04:35:23","guid":{"rendered":"https:\/\/driptec.com\/?post_type=product&#038;p=764"},"modified":"2024-06-09T14:30:03","modified_gmt":"2024-06-09T07:30:03","slug":"ong-soft-pe-driptec","status":"publish","type":"product","link":"https:\/\/driptec.com\/vi\/product\/ong-soft-pe-driptec\/","title":{"rendered":"\u1ed0ng Soft PE Driptec"},"content":{"rendered":"\t<section class=\"section\" id=\"section_422448669\">\n\t\t<div class=\"bg section-bg fill bg-fill  bg-loaded\" >\n\n\t\t\t\n\t\t\t\n\t\t\t\n\n\t\t<\/div>\n\n\t\t\n\n\t\t<div class=\"section-content relative\">\n\t\t\t\n<div class=\"row row-large align-middle align-center\"  id=\"row-445914232\">\n\n\t<div id=\"col-1457593601\" class=\"col medium-5 small-12 large-5 small-col-first\"  >\n\t\t\t\t<div class=\"col-inner text-center dark\"  >\n\t\t\t\n\t\t\t\n\t<div class=\"img has-hover x md-x lg-x y md-y lg-y\" id=\"image_1796453492\">\n\t\t\t\t\t\t\t\t<div class=\"img-inner dark\" >\n\t\t\t\t\t\t\t\t\t\n\t\t\t\t\t<\/div>\n\t\t\t\t\t\t\t\t\n<style>\n#image_1796453492 {\n  width: 100%;\n}\n<\/style>\n\t<\/div>\n\t\n\t<div class=\"img has-hover x md-x lg-x y md-y lg-y\" id=\"image_1012742889\">\n\t\t\t\t\t\t\t\t<div class=\"img-inner dark\" >\n\t\t\t<img decoding=\"async\" width=\"800\" height=\"800\" src=\"https:\/\/driptec.com\/wp-content\/uploads\/2024\/01\/Driptec-Soft-PE-white-800x800.png\" class=\"attachment-large size-large\" alt=\"Driptec Soft PE white\" srcset=\"https:\/\/driptec.com\/wp-content\/uploads\/2024\/01\/Driptec-Soft-PE-white-800x800.png 800w, https:\/\/driptec.com\/wp-content\/uploads\/2024\/01\/Driptec-Soft-PE-white-400x400.png 400w, https:\/\/driptec.com\/wp-content\/uploads\/2024\/01\/Driptec-Soft-PE-white-280x280.png 280w, https:\/\/driptec.com\/wp-content\/uploads\/2024\/01\/Driptec-Soft-PE-white-768x768.png 768w, https:\/\/driptec.com\/wp-content\/uploads\/2024\/01\/Driptec-Soft-PE-white.png 1000w\" sizes=\"(max-width: 800px) 100vw, 800px\" \/>\t\t\t\t\t\t\n\t\t\t\t\t<\/div>\n\t\t\t\t\t\t\t\t\n<style>\n#image_1012742889 {\n  width: 100%;\n}\n<\/style>\n\t<\/div>\n\t\n\t\t<\/div>\n\t\t\t\t\t<\/div>\n\n\t\n\n\t<div id=\"col-445904150\" class=\"col medium-7 small-12 large-7\"  >\n\t\t\t\t<div class=\"col-inner\"  >\n\t\t\t\n\t\t\t\n\t<div id=\"text-1194277650\" class=\"text\">\n\t\t\n<p>\u1ed0ng Soft PE Driptec 3x5mm<\/p>\n\t\t\n<style>\n#text-1194277650 {\n  font-size: 2.2rem;\n  text-align: center;\n  color: #4dbeee;\n}\n#text-1194277650 > * {\n  color: #4dbeee;\n}\n@media (min-width:550px) {\n  #text-1194277650 {\n    text-align: left;\n  }\n}\n<\/style>\n\t<\/div>\n\t\n\t<div id=\"gap-1949959746\" class=\"gap-element clearfix\" style=\"display:block; height:auto;\">\n\t\t\n<style>\n#gap-1949959746 {\n  padding-top: 20px;\n}\n@media (min-width:550px) {\n  #gap-1949959746 {\n    padding-top: 20px;\n  }\n}\n<\/style>\n\t<\/div>\n\t\n<p>Driptec soft PE s\u1ea3n xu\u1ea5t t\u1ea1i Israel v\u1edbi ch\u1ea5t l\u01b0\u1ee3ng cao, chuy\u00ean d\u00f9ng t\u01b0\u1edbi nh\u1ecf gi\u1ecdt cho nh\u00e0 k\u00ednh, ch\u1eadu c\u00e2y khi k\u1ebft h\u1ee3p c\u00f9ng \u0111\u1ea7u b\u00f9 \u00e1p v\u00e0 que ghim nh\u1ecf gi\u1ecdt.<\/p>\n<p>Th\u00f4ng tin chung<\/p>\n<ul>\n<li>C\u1ee1 \u1ed1ng: 3*5mm<\/li>\n<li>M\u00e0u: \u0111en v\u00e0 tr\u1eafng\/\u0111en (\u1ed1ng 2 l\u1edbp)<\/li>\n<li>\u0110\u00f3ng g\u00f3i: C\u1eaft s\u1eb5n 60cm, ho\u1eb7c cu\u1ed9n 500m<\/li>\n<\/ul>\n\t<div id=\"gap-1272929733\" class=\"gap-element clearfix\" style=\"display:block; height:auto;\">\n\t\t\n<style>\n#gap-1272929733 {\n  padding-top: 20px;\n}\n@media (min-width:550px) {\n  #gap-1272929733 {\n    padding-top: 20px;\n  }\n}\n<\/style>\n\t<\/div>\n\t\n\t\t<\/div>\n\t\t\t\t\t<\/div>\n\n\t\n<\/div>\n<div class=\"row\"  id=\"row-475375359\">\n\n\t<div id=\"col-1200445927\" class=\"col medium-3 small-6 large-3\"  >\n\t\t\t\t<div class=\"col-inner\"  >\n\t\t\t\n\t\t\t\n\t<div id=\"text-2634634062\" class=\"text product-spec-list\">\n\t\t\n<p><strong>\u0110\u1ed9 b\u1ec1n s\u1ea3n ph\u1ea9m<\/strong><\/p>\n<ul>\n<li>Tr\u00ean 10 n\u0103m<\/li>\n<\/ul>\n\t\t\t<\/div>\n\t\n\t\t<\/div>\n\t\t\t\t\t<\/div>\n\n\t\n\n\t<div id=\"col-1623682373\" class=\"col medium-3 small-6 large-3\"  >\n\t\t\t\t<div class=\"col-inner\"  >\n\t\t\t\n\t\t\t\n\t<div id=\"text-2129931406\" class=\"text product-spec-list\">\n\t\t\n<p><b>\u1ee8ng d\u1ee5ng<\/b><\/p>\n<ul>\n<li>T\u01b0\u1edbi c\u00e2y tr\u1ed3ng ch\u1eadu<\/li>\n<li>K\u1ebft h\u1ee3p v\u1edbi que ghim nh\u1ecf gi\u1ecdt<\/li>\n<\/ul>\n\t\t\t<\/div>\n\t\n\t\t<\/div>\n\t\t\t\t\t<\/div>\n\n\t\n\n\t<div id=\"col-239836004\" class=\"col medium-3 small-6 large-3\"  >\n\t\t\t\t<div class=\"col-inner\"  >\n\t\t\t\n\t\t\t\n\t<div id=\"text-139950583\" class=\"text product-spec-list\">\n\t\t\n<p><strong>Lo\u1ea1i s\u1ea3n ph\u1ea9m<\/strong><\/p>\n<ul>\n<li>\u1ed0ng Soft PE<\/li>\n<\/ul>\n\t\t\t<\/div>\n\t\n\t\t<\/div>\n\t\t\t\t\t<\/div>\n\n\t\n\n\t<div id=\"col-1171296494\" class=\"col medium-3 small-6 large-3\"  >\n\t\t\t\t<div class=\"col-inner\"  >\n\t\t\t\n\t\t\t\n\t<div id=\"text-1003058819\" class=\"text product-spec-list\">\n\t\t\n<p><strong>\u0110i\u1ec3m n\u1ed5i b\u1eadt<\/strong><\/p>\n<ul>\n<li>\u0110\u1ed9 b\u1ec1n cao, kh\u00f4ng r\u00f2 r\u1ec9<\/li>\n<li>C\u00f3 \u1ed1ng c\u1eaft s\u1eb5n 50, ho\u1eb7c 60cm<\/li>\n<\/ul>\n\t\t\t<\/div>\n\t\n\t\t<\/div>\n\t\t\t\t\t<\/div>\n\n\t\n<\/div>\n\t\t<\/div>\n\n\t\t\n<style>\n#section_422448669 {\n  padding-top: 10px;\n  padding-bottom: 10px;\n  min-height: 209px;\n  background-color: rgb(239, 242, 237);\n}\n@media (min-width:550px) {\n  #section_422448669 {\n    min-height: 462px;\n  }\n}\n<\/style>\n\t<\/section>\n\t\n\t<section class=\"section\" id=\"section_1711488086\">\n\t\t<div class=\"bg section-bg fill bg-fill  bg-loaded\" >\n\n\t\t\t\n\t\t\t\n\t\t\t\n\n\t\t<\/div>\n\n\t\t\n\n\t\t<div class=\"section-content relative\">\n\t\t\t\n<div class=\"row align-middle\"  id=\"row-326441613\">\n\n\t<div id=\"col-1213799366\" class=\"col pb-0 small-12 large-12\"  >\n\t\t\t\t<div class=\"col-inner\"  >\n\t\t\t\n\t\t\t\n\t<div id=\"text-486300099\" class=\"text\">\n\t\t\n<p>T\u1ea1i sao n\u00ean ch\u1ecdn \u1ed1ng Soft PE Driptec<\/p>\n\t\t\n<style>\n#text-486300099 {\n  font-size: 1.25rem;\n  color: rgb(77, 190, 238);\n}\n#text-486300099 > * {\n  color: rgb(77, 190, 238);\n}\n<\/style>\n\t<\/div>\n\t\n\t<div id=\"gap-268135282\" class=\"gap-element clearfix\" style=\"display:block; height:auto;\">\n\t\t\n<style>\n#gap-268135282 {\n  padding-top: 30px;\n}\n<\/style>\n\t<\/div>\n\t\n<ul>\n<li>S\u1ea3n ph\u1ea9m ch\u1ea5t l\u01b0\u1ee3ng cao c\u1ea5p<\/li>\n<li>Ph\u00f9 h\u1ee3p v\u1edbi nhi\u1ec1u lo\u1ea1i que ghim c\u1ee7a c\u00e1c h\u00e3ng Driptec, Netafim, Naan, Azud&#8230;<\/li>\n<li>\u0110\u1ed9 b\u1ec1n tr\u00ean 10 n\u0103m<\/li>\n<li>Nhi\u1ec1u l\u1ef1a ch\u1ecdn: \u1ed1ng \u0111en, ho\u1eb7c 2 l\u1edbp \u0111en\/tr\u1eafng.<\/li>\n<\/ul>\n\t\t<\/div>\n\t\t\t\t\t<\/div>\n\n\t\n<\/div>\n\t\t<\/div>\n\n\t\t\n<style>\n#section_1711488086 {\n  padding-top: 30px;\n  padding-bottom: 30px;\n}\n<\/style>\n\t<\/section>\n\t\n<div class=\"is-divider divider clearfix\" style=\"max-width:100%;height:30px;background-color:rgb(242, 242, 242);\"><\/div>\n\t<section class=\"section\" id=\"section_667372436\">\n\t\t<div class=\"bg section-bg fill bg-fill  bg-loaded\" >\n\n\t\t\t\n\t\t\t\n\t\t\t\n\n\t\t<\/div>\n\n\t\t\n\n\t\t<div class=\"section-content relative\">\n\t\t\t\n<div class=\"row align-middle\"  id=\"row-122665039\">\n\n\t<div id=\"col-110302538\" class=\"col pb-0 small-12 large-12\"  >\n\t\t\t\t<div class=\"col-inner\"  >\n\t\t\t\n\t\t\t\n\t<div id=\"text-3112378426\" class=\"text\">\n\t\t\n<p>\u1ee8ng d\u1ee5ng<\/p>\n\t\t\n<style>\n#text-3112378426 {\n  font-size: 1.25rem;\n  color: rgb(77, 190, 238);\n}\n#text-3112378426 > * {\n  color: rgb(77, 190, 238);\n}\n<\/style>\n\t<\/div>\n\t\n\t<div id=\"gap-73960447\" class=\"gap-element clearfix\" style=\"display:block; height:auto;\">\n\t\t\n<style>\n#gap-73960447 {\n  padding-top: 30px;\n}\n<\/style>\n\t<\/div>\n\t\n\t\t<\/div>\n\t\t\t\t\t<\/div>\n\n\t\n\n\t<div id=\"col-364773706\" class=\"col pb-0 medium-4 small-12 large-4\"  >\n\t\t\t\t<div class=\"col-inner\"  >\n\t\t\t\n\t\t\t\n\t<div class=\"img has-hover x md-x lg-x y md-y lg-y\" id=\"image_1586875200\">\n\t\t\t\t\t\t\t\t<div class=\"img-inner dark\" >\n\t\t\t<img decoding=\"async\" width=\"800\" height=\"800\" src=\"https:\/\/driptec.com\/wp-content\/uploads\/2024\/01\/Driptec-Soft-PE-white-800x800.png\" class=\"attachment-large size-large\" alt=\"Driptec Soft PE white\" srcset=\"https:\/\/driptec.com\/wp-content\/uploads\/2024\/01\/Driptec-Soft-PE-white-800x800.png 800w, https:\/\/driptec.com\/wp-content\/uploads\/2024\/01\/Driptec-Soft-PE-white-400x400.png 400w, https:\/\/driptec.com\/wp-content\/uploads\/2024\/01\/Driptec-Soft-PE-white-280x280.png 280w, https:\/\/driptec.com\/wp-content\/uploads\/2024\/01\/Driptec-Soft-PE-white-768x768.png 768w, https:\/\/driptec.com\/wp-content\/uploads\/2024\/01\/Driptec-Soft-PE-white.png 1000w\" sizes=\"(max-width: 800px) 100vw, 800px\" \/>\t\t\t\t\t\t\n\t\t\t\t\t<\/div>\n\t\t\t\t\t\t\t\t\n<style>\n#image_1586875200 {\n  width: 100%;\n}\n<\/style>\n\t<\/div>\n\t\n<p>\u1ed0ng 2 l\u1edbp \u0111en\/tr\u1eafng c\u1eaft s\u1eb5n<\/p>\n\t\t<\/div>\n\t\t\t\t\t<\/div>\n\n\t\n\n\t<div id=\"col-1780661944\" class=\"col pb-0 medium-4 small-12 large-4\"  >\n\t\t\t\t<div class=\"col-inner\"  >\n\t\t\t\n\t\t\t\n\t<div class=\"img has-hover x md-x lg-x y md-y lg-y\" id=\"image_192724644\">\n\t\t\t\t\t\t\t\t<div class=\"img-inner dark\" >\n\t\t\t<img decoding=\"async\" width=\"800\" height=\"800\" src=\"https:\/\/driptec.com\/wp-content\/uploads\/2024\/01\/Driptec-soft-PE-black-800x800.jpg\" class=\"attachment-large size-large\" alt=\"Driptec soft PE black\" srcset=\"https:\/\/driptec.com\/wp-content\/uploads\/2024\/01\/Driptec-soft-PE-black-800x800.jpg 800w, https:\/\/driptec.com\/wp-content\/uploads\/2024\/01\/Driptec-soft-PE-black-400x400.jpg 400w, https:\/\/driptec.com\/wp-content\/uploads\/2024\/01\/Driptec-soft-PE-black-280x280.jpg 280w, https:\/\/driptec.com\/wp-content\/uploads\/2024\/01\/Driptec-soft-PE-black-768x768.jpg 768w, https:\/\/driptec.com\/wp-content\/uploads\/2024\/01\/Driptec-soft-PE-black.jpg 1000w\" sizes=\"(max-width: 800px) 100vw, 800px\" \/>\t\t\t\t\t\t\n\t\t\t\t\t<\/div>\n\t\t\t\t\t\t\t\t\n<style>\n#image_192724644 {\n  width: 100%;\n}\n<\/style>\n\t<\/div>\n\t\n<p>\u1ed0ng \u0111en c\u1eaft s\u1eb5n<\/p>\n\t\t<\/div>\n\t\t\t\t\t<\/div>\n\n\t\n\n\t<div id=\"col-562533735\" class=\"col pb-0 medium-4 small-12 large-4\"  >\n\t\t\t\t<div class=\"col-inner\"  >\n\t\t\t\n\t\t\t\n\t<div class=\"img has-hover x md-x lg-x y md-y lg-y\" id=\"image_393647323\">\n\t\t\t\t\t\t\t\t<div class=\"img-inner dark\" >\n\t\t\t<img decoding=\"async\" width=\"800\" height=\"800\" src=\"https:\/\/driptec.com\/wp-content\/uploads\/2024\/01\/Driptec-Soft-PE-3x5mm-800x800.jpg\" class=\"attachment-large size-large\" alt=\"Driptec-Soft-PE-3x5mm\" srcset=\"https:\/\/driptec.com\/wp-content\/uploads\/2024\/01\/Driptec-Soft-PE-3x5mm-800x800.jpg 800w, https:\/\/driptec.com\/wp-content\/uploads\/2024\/01\/Driptec-Soft-PE-3x5mm-400x400.jpg 400w, https:\/\/driptec.com\/wp-content\/uploads\/2024\/01\/Driptec-Soft-PE-3x5mm-280x280.jpg 280w, https:\/\/driptec.com\/wp-content\/uploads\/2024\/01\/Driptec-Soft-PE-3x5mm-768x768.jpg 768w, https:\/\/driptec.com\/wp-content\/uploads\/2024\/01\/Driptec-Soft-PE-3x5mm.jpg 1000w\" sizes=\"(max-width: 800px) 100vw, 800px\" \/>\t\t\t\t\t\t\n\t\t\t\t\t<\/div>\n\t\t\t\t\t\t\t\t\n<style>\n#image_393647323 {\n  width: 100%;\n}\n<\/style>\n\t<\/div>\n\t\n<p>\u1ed0ng cu\u1ed9n<\/p>\n\t\t<\/div>\n\t\t\t\t\t<\/div>\n\n\t\n<\/div>\n\t\t<\/div>\n\n\t\t\n<style>\n#section_667372436 {\n  padding-top: 0px;\n  padding-bottom: 0px;\n}\n<\/style>\n\t<\/section>\n\t\n<div class=\"is-divider divider clearfix\" style=\"max-width:100%;height:30px;background-color:rgb(242, 242, 242);\"><\/div>\n\t<section class=\"section\" id=\"section_1226247410\">\n\t\t<div class=\"bg section-bg fill bg-fill  bg-loaded\" >\n\n\t\t\t\n\t\t\t\n\t\t\t\n\n\t\t<\/div>\n\n\t\t\n\n\t\t<div class=\"section-content relative\">\n\t\t\t\n<div class=\"row align-equal\"  id=\"row-648502450\">\n\n\t<div id=\"col-855407834\" class=\"col pb-0 small-12 large-12\"  >\n\t\t\t\t<div class=\"col-inner text-center\"  >\n\t\t\t\n\t\t\t\n\t<div id=\"text-906616690\" class=\"text\">\n\t\t\n<p>T\u1ea3i xu\u1ed1ng<\/p>\n\t\t\n<style>\n#text-906616690 {\n  font-size: 1.25rem;\n  text-align: left;\n  color: rgb(77, 190, 238);\n}\n#text-906616690 > * {\n  color: rgb(77, 190, 238);\n}\n<\/style>\n\t<\/div>\n\t\n\t<div id=\"gap-784968315\" class=\"gap-element clearfix\" style=\"display:block; height:auto;\">\n\t\t\n<style>\n#gap-784968315 {\n  padding-top: 30px;\n}\n<\/style>\n\t<\/div>\n\t\n\t\t<\/div>\n\t\t\t\t\t<\/div>\n\n\t\n\n\t<div id=\"col-168361327\" class=\"col pb-0 medium-6 small-12 large-6\"  >\n\t\t\t\t<div class=\"col-inner text-center\"  >\n\t\t\t\n\t\t\t\n\t<div id=\"text-4240920324\" class=\"text\">\n\t\t\n<p><strong>Technical Sheet<\/strong><\/p>\n<ul>\n<li>Catalog \u1ed1ng Soft PE<\/li>\n<\/ul>\n\t\t\n<style>\n#text-4240920324 {\n  text-align: left;\n}\n<\/style>\n\t<\/div>\n\t\n\t\t<\/div>\n\t\t\t\t\t<\/div>\n\n\t\n\n\t<div id=\"col-1261291619\" class=\"col pb-0 medium-6 small-12 large-6\"  >\n\t\t\t\t<div class=\"col-inner text-center\"  >\n\t\t\t\n\t\t\t\n\t<div id=\"text-736223967\" class=\"text\">\n\t\t\n<p><strong>S\u1ea3n ph\u1ea9m li\u00ean quan<\/strong><\/p>\n<ul>\n<li>\u0110\u1ea7u b\u00f9 \u00e1p Dripii<\/li>\n<li>Que ghim nh\u1ecf gi\u1ecdt Driptec<\/li>\n<\/ul>\n\t\t\n<style>\n#text-736223967 {\n  text-align: left;\n}\n<\/style>\n\t<\/div>\n\t\n\t\t<\/div>\n\t\t\t\t\t<\/div>\n\n\t\n<\/div>\n\t\t<\/div>\n\n\t\t\n<style>\n#section_1226247410 {\n  padding-top: 0px;\n  padding-bottom: 0px;\n}\n<\/style>\n\t<\/section>\n\t\n<div class=\"is-divider divider clearfix\" style=\"max-width:100%;height:30px;background-color:rgb(242, 242, 242);\"><\/div>\n\t<section class=\"section\" id=\"section_1455097888\">\n\t\t<div class=\"bg section-bg fill bg-fill  bg-loaded\" >\n\n\t\t\t\n\t\t\t\n\t\t\t\n\n\t\t<\/div>\n\n\t\t\n\n\t\t<div class=\"section-content relative\">\n\t\t\t\n<div class=\"row align-middle\"  id=\"row-475390782\">\n\n\t<div id=\"col-790716666\" class=\"col pb-0 medium-6 small-12 large-6\"  >\n\t\t\t\t<div class=\"col-inner\"  >\n\t\t\t\n\t\t\t\n\t<div id=\"text-2582842384\" class=\"text\">\n\t\t\n<p>Worldwide distributors<br \/>\n\t\t\n<style>\n#text-2582842384 {\n  font-size: 1.25rem;\n  color: rgb(77, 190, 238);\n}\n#text-2582842384 > * {\n  color: rgb(77, 190, 238);\n}\n<\/style>\n\t<\/div>\n\t\n\t\t<\/div>\n\t\t\t\t\t<\/div>\n\n\t\n\n\t<div id=\"col-1149476380\" class=\"col pb-0 medium-6 small-12 large-6\"  >\n\t\t\t\t<div class=\"col-inner\"  >\n\t\t\t\n\t\t\t\n\t<div id=\"gap-1262488712\" class=\"gap-element clearfix\" style=\"display:block; height:auto;\">\n\t\t\n<style>\n#gap-1262488712 {\n  padding-top: 20px;\n}\n@media (min-width:550px) {\n  #gap-1262488712 {\n    padding-top: 0px;\n  }\n}\n<\/style>\n\t<\/div>\n\t\n\t\t<\/div>\n\t\t\t\t\t<\/div>\n\n\t\n\n\t<div id=\"col-907863821\" class=\"col pb-0 small-12 large-12\"  >\n\t\t\t\t<div class=\"col-inner\" style=\"background-color:rgb(114, 147, 101);\" >\n\t\t\t\n\t\t\t\n\n            <div \n                class=\"elfsight-widget-google-maps elfsight-widget\" \n                data-elfsight-google-maps-options=\"%7B%22categoriesEnabled%22%3Atrue%2C%22categories%22%3A%5B%5D%2C%22icons%22%3A%5B%5D%2C%22lang%22%3A%22en%22%2C%22distanceUnits%22%3A%22mi%22%2C%22markers%22%3A%5B%7B%22position%22%3A%22Khu%20Bi%5Cu1ec7t%20Th%5Cu1ef1%20Ng%5Cu00e2n%20Long%2C%20Ph%5Cu01b0%5Cu1edbc%20Ki%5Cu1ec3n%2C%20Nh%5Cu00e0%20B%5Cu00e8%2C%20H%5Cu1ed3%20Ch%5Cu00ed%20Minh%2070000%2C%20Vietnam%22%2C%22coordinates%22%3A%2210.7198984%2C%20106.702539%22%2C%22infoTitle%22%3A%22Driptec%22%2C%22category%22%3A%22%22%2C%22icon%22%3A%22%22%2C%22infoDescription%22%3A%22Driptec%20irrigation%20manufacturer.%20We%20are%20one%20of%20the%20leading%20company%20in%20Drip%20and%20sprinkler%20irrigation%20OEM%20manufacturer.%3Cbr%3E%22%2C%22infoImage%22%3A%7B%22name%22%3A%22%22%2C%22url%22%3A%22%22%7D%2C%22infoAddress%22%3A%22%22%2C%22infoSite%22%3A%22Driptec.com%22%2C%22infoPhone%22%3A%22%2B84-0983230879%22%2C%22infoEmail%22%3A%22info%40driptec.com%22%2C%22infoWorkingHours%22%3A%22%22%2C%22markerClickAction%22%3A%22infoWindow%22%2C%22infoWindowOpenedByDefault%22%3Afalse%2C%22linkUrl%22%3A%22%22%2C%22animation%22%3A%22none%22%7D%5D%2C%22mapType%22%3A%22roadmap%22%2C%22center%22%3A%22auto%22%2C%22zoom%22%3A%22auto%22%2C%22controls%22%3A%5B%22zoom%22%2C%22mapType%22%2C%22scale%22%2C%22streetView%22%2C%22rotate%22%2C%22fullScreen%22%5D%2C%22markerClusterEnabled%22%3Atrue%2C%22markerClusterZoom%22%3Atrue%2C%22markerClusterMin%22%3A2%2C%22markerClusterIcon%22%3A%22default%22%2C%22markerClusterIconColor%22%3A%22%22%2C%22markerClusterIconUrl%22%3Anull%2C%22markerClusterSize%22%3A52%2C%22infoDirections%22%3Atrue%2C%22directionsTarget%22%3A%22inline%22%2C%22scrollwheel%22%3Afalse%2C%22draggable%22%3Atrue%2C%22layers%22%3A%5B%5D%2C%22width%22%3A%22auto%22%2C%22height%22%3A%22700%22%2C%22panelEnabled%22%3Atrue%2C%22panelOpenByDefault%22%3Atrue%2C%22panelSearchVisible%22%3Atrue%2C%22panelSearchBy%22%3A%22markers%22%2C%22panelSearchPlaceholder%22%3A%22%22%2C%22panelListItemElements%22%3A%5B%22title%22%2C%22category%22%2C%22image%22%2C%22address%22%2C%22phone%22%2C%22workingHours%22%5D%2C%22mainColor%22%3A%22rgb%2866%2C%20133%2C%20244%29%22%2C%22style%22%3A%22default%22%2C%22colorGeometry%22%3A%22%22%2C%22colorLabelsTextFill%22%3A%22%22%2C%22colorLabelsTextStroke%22%3A%22%22%2C%22colorAdministrativeGeometryStroke%22%3A%22%22%2C%22colorAdministrativeLandParcel%22%3A%22%22%2C%22colorLandscapeNaturalGeometry%22%3A%22%22%2C%22colorPoiGeometry%22%3A%22%22%2C%22colorPoiLabelsTextFill%22%3A%22%22%2C%22colorPoiParkGeometryFill%22%3A%22%22%2C%22colorPoiParkLabelsTextFill%22%3A%22%22%2C%22colorRoadGeometry%22%3A%22%22%2C%22colorRoadArterial%22%3A%22%22%2C%22colorRoadHighway%22%3A%22%22%2C%22colorRoadHighwayGeometryStroke%22%3A%22%22%2C%22colorRoadHighwayControlledAccessGeometry%22%3A%22%22%2C%22colorRoadHighwayControlledAccessGeometryStroke%22%3A%22%22%2C%22colorRoadLocalLabelsTextFill%22%3A%22%22%2C%22colorTransitLineGeometry%22%3A%22%22%2C%22colorTransitLineLabelsTextFill%22%3A%22%22%2C%22colorTransitLineLabelsTextStroke%22%3A%22%22%2C%22colorTransitStationGeometry%22%3A%22%22%2C%22colorWaterGeometryFill%22%3A%22%22%2C%22colorWaterLabelTextFill%22%3A%22%22%2C%22customGoogleMapsStyles%22%3A%22%22%2C%22apiKey%22%3A%22AIzaSyDK49f6N1nj9bVULgfB2YZCRPtDrvOUh2E%22%2C%22widgetId%22%3A%221%22%7D\" \n                data-elfsight-google-maps-version=\"2.4.2\"\n                data-elfsight-widget-id=\"elfsight-google-maps-1\">\n            <\/div>\n            \n\t\t<\/div>\n\t\t\t\t\n<style>\n#col-907863821 > .col-inner {\n  padding: 10px 10px 10px 10px;\n  margin: 10px 10px 10px 10px;\n  border-radius: 8px;\n}\n<\/style>\n\t<\/div>\n\n\t\n<\/div>\n\t\t<\/div>\n\n\t\t\n<style>\n#section_1455097888 {\n  padding-top: 0px;\n  padding-bottom: 0px;\n}\n<\/style>\n\t<\/section>\n\t\n","protected":false},"excerpt":{"rendered":"<p>\u1ed0ng Soft PE Driptec 3x5mm \u0111\u01b0\u1ee3c s\u1eed d\u1ee5ng r\u1ed9ng r\u00e3i khi k\u1ebft h\u1ee3p v\u1edbi \u0111\u1ea7u nh\u1ecf gi\u1ecdt v\u00e0 que ghim \u0111\u1ec3 t\u01b0\u1edbi c\u00e1c lo\u1ea1i c\u00e2y tr\u1ed3ng trong ch\u1eadu nh\u01b0 d\u01b0a, \u1edbt, hoa&#8230;<\/p>\n","protected":false},"author":2,"featured_media":629,"menu_order":0,"template":"","format":"standard","product-category":[32,30],"class_list":["post-764","product","type-product","status-publish","format-standard","has-post-thumbnail","hentry","product-category-ong-dan-nuoc","product-category-tuoi-nho-giot"],"acf":[],"_links":{"self":[{"href":"https:\/\/driptec.com\/vi\/wp-json\/wp\/v2\/product\/764","targetHints":{"allow":["GET"]}}],"collection":[{"href":"https:\/\/driptec.com\/vi\/wp-json\/wp\/v2\/product"}],"about":[{"href":"https:\/\/driptec.com\/vi\/wp-json\/wp\/v2\/types\/product"}],"author":[{"embeddable":true,"href":"https:\/\/driptec.com\/vi\/wp-json\/wp\/v2\/users\/2"}],"version-history":[{"count":4,"href":"https:\/\/driptec.com\/vi\/wp-json\/wp\/v2\/product\/764\/revisions"}],"predecessor-version":[{"id":768,"href":"https:\/\/driptec.com\/vi\/wp-json\/wp\/v2\/product\/764\/revisions\/768"}],"wp:featuredmedia":[{"embeddable":true,"href":"https:\/\/driptec.com\/vi\/wp-json\/wp\/v2\/media\/629"}],"wp:attachment":[{"href":"https:\/\/driptec.com\/vi\/wp-json\/wp\/v2\/media?parent=764"}],"wp:term":[{"taxonomy":"product-category","embeddable":true,"href":"https:\/\/driptec.com\/vi\/wp-json\/wp\/v2\/product-category?post=764"}],"curies":[{"name":"wp","href":"https:\/\/api.w.org\/{rel}","templated":true}]}}