{"id":779,"date":"2024-01-16T22:03:18","date_gmt":"2024-01-16T15:03:18","guid":{"rendered":"https:\/\/driptec.com\/?post_type=product&#038;p=779"},"modified":"2024-10-12T16:07:40","modified_gmt":"2024-10-12T09:07:40","slug":"dau-nho-giot-dripii","status":"publish","type":"product","link":"https:\/\/driptec.com\/vi\/product\/dau-nho-giot-dripii\/","title":{"rendered":"\u0110\u1ea7u nh\u1ecf gi\u1ecdt Dripii"},"content":{"rendered":"\t<section class=\"section\" id=\"section_1041757411\">\n\t\t<div class=\"bg section-bg fill bg-fill  bg-loaded\" >\n\n\t\t\t\n\t\t\t\n\t\t\t\n\n\t\t<\/div>\n\n\t\t\n\n\t\t<div class=\"section-content relative\">\n\t\t\t\n<div class=\"row row-large align-middle align-center\"  id=\"row-1443462100\">\n\n\t<div id=\"col-947062811\" class=\"col medium-5 small-12 large-5 small-col-first\"  >\n\t\t\t\t<div class=\"col-inner text-center dark\"  >\n\t\t\t\n\t\t\t\n\t<div class=\"img has-hover x md-x lg-x y md-y lg-y\" id=\"image_215206259\">\n\t\t\t\t\t\t\t\t<div class=\"img-inner dark\" >\n\t\t\t\t\t\t\t\t\t\n\t\t\t\t\t<\/div>\n\t\t\t\t\t\t\t\t\n<style>\n#image_215206259 {\n  width: 100%;\n}\n<\/style>\n\t<\/div>\n\t\n\t<div class=\"img has-hover x md-x lg-x y md-y lg-y\" id=\"image_1223620156\">\n\t\t\t\t\t\t\t\t<div class=\"img-inner dark\" >\n\t\t\t\t\t\t\t\t\t\n\t\t\t\t\t<\/div>\n\t\t\t\t\t\t\t\t\n<style>\n#image_1223620156 {\n  width: 100%;\n}\n<\/style>\n\t<\/div>\n\t\n\t<div class=\"img has-hover x md-x lg-x y md-y lg-y\" id=\"image_1111840283\">\n\t\t\t\t\t\t\t\t<div class=\"img-inner dark\" >\n\t\t\t<img decoding=\"async\" width=\"800\" height=\"800\" src=\"https:\/\/driptec.com\/wp-content\/uploads\/2024\/01\/Dau-nho-giot-Dripii-PCND-2lph-800x800.png\" class=\"attachment-large size-large\" alt=\"\u0110\u1ea7u nh\u1ecf gi\u1ecdt Dripii PCND 2lph\" srcset=\"https:\/\/driptec.com\/wp-content\/uploads\/2024\/01\/Dau-nho-giot-Dripii-PCND-2lph-800x800.png 800w, https:\/\/driptec.com\/wp-content\/uploads\/2024\/01\/Dau-nho-giot-Dripii-PCND-2lph-400x400.png 400w, https:\/\/driptec.com\/wp-content\/uploads\/2024\/01\/Dau-nho-giot-Dripii-PCND-2lph-280x280.png 280w, https:\/\/driptec.com\/wp-content\/uploads\/2024\/01\/Dau-nho-giot-Dripii-PCND-2lph-768x768.png 768w, https:\/\/driptec.com\/wp-content\/uploads\/2024\/01\/Dau-nho-giot-Dripii-PCND-2lph.png 1400w\" sizes=\"(max-width: 800px) 100vw, 800px\" \/>\t\t\t\t\t\t\n\t\t\t\t\t<\/div>\n\t\t\t\t\t\t\t\t\n<style>\n#image_1111840283 {\n  width: 100%;\n}\n<\/style>\n\t<\/div>\n\t\n\t\t<\/div>\n\t\t\t\t\t<\/div>\n\n\t\n\n\t<div id=\"col-53589030\" class=\"col medium-7 small-12 large-7\"  >\n\t\t\t\t<div class=\"col-inner\"  >\n\t\t\t\n\t\t\t\n\t<div id=\"text-3588164699\" class=\"text\">\n\t\t\n<h2 class=\"heading-slide\">\u0110\u1ea7u nh\u1ecf gi\u1ecdt Dripii<\/h2>\n\t\t\n<style>\n#text-3588164699 {\n  font-size: 2.2rem;\n  text-align: center;\n  color: #4dbeee;\n}\n#text-3588164699 > * {\n  color: #4dbeee;\n}\n@media (min-width:550px) {\n  #text-3588164699 {\n    text-align: left;\n  }\n}\n<\/style>\n\t<\/div>\n\t\n\t<div id=\"gap-246997992\" class=\"gap-element clearfix\" style=\"display:block; height:auto;\">\n\t\t\n<style>\n#gap-246997992 {\n  padding-top: 20px;\n}\n@media (min-width:550px) {\n  #gap-246997992 {\n    padding-top: 20px;\n  }\n}\n<\/style>\n\t<\/div>\n\t\n<p><strong>\u0110\u1ea7u nh\u1ecf gi\u1ecdt Dripii<\/strong> \u0111\u01b0\u1ee3c thi\u1ebft k\u1ebf, s\u1ea3n xu\u1ea5t nh\u1eb1m ph\u1ee5c v\u1ee5 nh\u1eefng d\u1ef1 \u00e1n t\u01b0\u1edbi nh\u1ecf gi\u1ecdt c\u00f3 y\u00eau c\u1ea7u cao v\u1ec1 \u0111\u1ed9 ch\u00ednh x\u00e1c, s\u1ef1 b\u1ec1n b\u1ec9. \u0110\u1eb7c bi\u1ec7t cho c\u00e1c d\u1ef1 \u00e1n k\u1ebft h\u1ee3p t\u01b0\u1edbi ph\u00e2n, t\u01b0\u1edbi t\u1ea7n su\u1ea5t xao nh\u01b0 D\u01b0a l\u01b0\u1edbi, c\u00e0 chua, \u1edbt chu\u00f4ng&#8230;<\/p>\n<p><strong>Th\u00f4ng tin c\u01a1 b\u1ea3n<\/strong><\/p>\n<ul>\n<li>V\u1eadt li\u1ec7u: Nh\u1ef1a k\u1ef9 thu\u1eadt cao, m\u00e0ng silicon<\/li>\n<li>L\u01b0u l\u01b0\u1ee3ng \u0111\u1ea7u b\u00f9 \u00e1p: 2, 4, 8, 12, 25lph<\/li>\n<li>L\u01b0u l\u01b0\u1ee3ng \u0111\u1ea7u b\u00f9 \u00e1p ch\u1ed1ng r\u1ec9: 2, 4, 8lph<\/li>\n<li>Nh\u1eadn bi\u1ebft l\u01b0u l\u01b0\u1ee3ng qua m\u00e0u s\u1eafc<\/li>\n<li>Kh\u1edbp n\u1ed1i ng\u00e0m 3mm<\/li>\n<\/ul>\n\t<div id=\"gap-862670272\" class=\"gap-element clearfix\" style=\"display:block; height:auto;\">\n\t\t\n<style>\n#gap-862670272 {\n  padding-top: 20px;\n}\n@media (min-width:550px) {\n  #gap-862670272 {\n    padding-top: 20px;\n  }\n}\n<\/style>\n\t<\/div>\n\t\n\t\t<\/div>\n\t\t\t\t\t<\/div>\n\n\t\n<\/div>\n            \n\t\t<\/div>\n\n\t\t\n<style>\n#section_1041757411 {\n  padding-top: 10px;\n  padding-bottom: 10px;\n  min-height: 209px;\n  background-color: rgb(239, 242, 237);\n}\n@media (min-width:550px) {\n  #section_1041757411 {\n    min-height: 462px;\n  }\n}\n<\/style>\n\t<\/section>\n\t\n\t<section class=\"section\" id=\"section_118545837\">\n\t\t<div class=\"bg section-bg fill bg-fill  bg-loaded\" >\n\n\t\t\t\n\t\t\t\n\t\t\t\n\n\t\t<\/div>\n\n\t\t\n\n\t\t<div class=\"section-content relative\">\n\t\t\t\n<div class=\"row align-middle\"  id=\"row-1550871671\">\n\n\t<div id=\"col-253444793\" class=\"col pb-0 small-12 large-12\"  >\n\t\t\t\t<div class=\"col-inner\"  >\n\t\t\t\n\t\t\t\n\t<div id=\"text-3610370152\" class=\"text\">\n\t\t\n<h2 class=\"heading-title heading-arrow-left mb-0\">V\u00ec sao n\u00ean ch\u1ecdn \u0111\u1ea7u nh\u1ecf gi\u1ecdt Dripii<\/h2>\n\t\t\n<style>\n#text-3610370152 {\n  font-size: 1.25rem;\n  color: rgb(77, 190, 238);\n}\n#text-3610370152 > * {\n  color: rgb(77, 190, 238);\n}\n<\/style>\n\t<\/div>\n\t\n\t<div id=\"gap-765874801\" class=\"gap-element clearfix\" style=\"display:block; height:auto;\">\n\t\t\n<style>\n#gap-765874801 {\n  padding-top: 30px;\n}\n<\/style>\n\t<\/div>\n\t\n<ul>\n<li>\u0110\u1ed9 ch\u00ednh x\u00e1c cao<\/li>\n<li>\u00cdt t\u1eafc ngh\u1ebdn<\/li>\n<li>Nh\u1ef1a ch\u1ea5t l\u01b0\u1ee3ng cao<\/li>\n<li>B\u1ec1n b\u1ec9<\/li>\n<li>\u0110a d\u1ea1ng \u1ee9ng d\u1ee5ng, d\u1ec5 s\u1eed d\u1ee5ng<\/li>\n<li>\u00cdt t\u1eafc ngh\u1ebdn h\u01a1n<\/li>\n<\/ul>\n\t\t<\/div>\n\t\t\t\t\t<\/div>\n\n\t\n<\/div>\n\t\t<\/div>\n\n\t\t\n<style>\n#section_118545837 {\n  padding-top: 30px;\n  padding-bottom: 30px;\n}\n<\/style>\n\t<\/section>\n\t\n<div class=\"is-divider divider clearfix\" style=\"max-width:100%;height:30px;background-color:rgb(242, 242, 242);\"><\/div>\n\t<section class=\"section\" id=\"section_1918126862\">\n\t\t<div class=\"bg section-bg fill bg-fill  bg-loaded\" >\n\n\t\t\t\n\t\t\t\n\t\t\t\n\n\t\t<\/div>\n\n\t\t\n\n\t\t<div class=\"section-content relative\">\n\t\t\t\n<div class=\"row align-middle\"  id=\"row-1257569821\">\n\n\t<div id=\"col-326253848\" class=\"col pb-0 small-12 large-12\"  >\n\t\t\t\t<div class=\"col-inner\"  >\n\t\t\t\n\t\t\t\n\t<div id=\"text-3497432285\" class=\"text\">\n\t\t\n<h2 class=\"heading-title heading-arrow-left mb-0\">\u1ee8ng d\u1ee5ng<\/h2>\n\t\t\n<style>\n#text-3497432285 {\n  font-size: 1.25rem;\n  color: rgb(77, 190, 238);\n}\n#text-3497432285 > * {\n  color: rgb(77, 190, 238);\n}\n<\/style>\n\t<\/div>\n\t\n\t<div id=\"gap-364478428\" class=\"gap-element clearfix\" style=\"display:block; height:auto;\">\n\t\t\n<style>\n#gap-364478428 {\n  padding-top: 30px;\n}\n<\/style>\n\t<\/div>\n\t\n\t\t<\/div>\n\t\t\t\t\t<\/div>\n\n\t\n\n\t<div id=\"col-468649552\" class=\"col pb-0 medium-4 small-12 large-4\"  >\n\t\t\t\t<div class=\"col-inner\"  >\n\t\t\t\n\t\t\t\n\t<div class=\"img has-hover x md-x lg-x y md-y lg-y\" id=\"image_871538245\">\n\t\t\t\t\t\t\t\t<div class=\"img-inner dark\" >\n\t\t\t<img decoding=\"async\" width=\"800\" height=\"800\" src=\"https:\/\/driptec.com\/wp-content\/uploads\/2024\/01\/Dau-nho-giot-Dripii-PCND-2lph-800x800.png\" class=\"attachment-large size-large\" alt=\"\u0110\u1ea7u nh\u1ecf gi\u1ecdt Dripii PCND 2lph\" srcset=\"https:\/\/driptec.com\/wp-content\/uploads\/2024\/01\/Dau-nho-giot-Dripii-PCND-2lph-800x800.png 800w, https:\/\/driptec.com\/wp-content\/uploads\/2024\/01\/Dau-nho-giot-Dripii-PCND-2lph-400x400.png 400w, https:\/\/driptec.com\/wp-content\/uploads\/2024\/01\/Dau-nho-giot-Dripii-PCND-2lph-280x280.png 280w, https:\/\/driptec.com\/wp-content\/uploads\/2024\/01\/Dau-nho-giot-Dripii-PCND-2lph-768x768.png 768w, https:\/\/driptec.com\/wp-content\/uploads\/2024\/01\/Dau-nho-giot-Dripii-PCND-2lph.png 1400w\" sizes=\"(max-width: 800px) 100vw, 800px\" \/>\t\t\t\t\t\t\n\t\t\t\t\t<\/div>\n\t\t\t\t\t\t\t\t\n<style>\n#image_871538245 {\n  width: 100%;\n}\n<\/style>\n\t<\/div>\n\t\n\t<div class=\"img has-hover x md-x lg-x y md-y lg-y\" id=\"image_398564819\">\n\t\t\t\t\t\t\t\t<div class=\"img-inner dark\" >\n\t\t\t\t\t\t\t\t\t\n\t\t\t\t\t<\/div>\n\t\t\t\t\t\t\t\t\n<style>\n#image_398564819 {\n  width: 100%;\n}\n<\/style>\n\t<\/div>\n\t\n<p><strong>\u1ee8ng d\u1ee5ng t\u01b0\u1edbi ti\u00eau trong nh\u00e0 k\u00ednh<\/strong><\/p>\n<p>\u0110\u00e2y l\u00e0 \u1ee9ng d\u1ee5ng ph\u1ed5 bi\u1ebfn nh\u1ea5t \u0111\u1ed1i v\u01a1i c\u00e1c s\u1ea3n ph\u1ea9m \u0111\u1ea7u nh\u1ecf gi\u1ecdt B\u00f9 \u00e1p, ch\u1ed1ng r\u1ec9 Dripii. B\u1ed9 s\u1ea3n ph\u1ea9m th\u01b0\u1eddng g\u1ed3m \u0111\u1ea7u b\u00f9 \u00e1p, chia 2 (ho\u1eb7c chia 4), \u1ed1ng Soft PE 3x5mm, que ghim nh\u1ecf gi\u1ecdt.<\/p>\n\t\t<\/div>\n\t\t\t\t\t<\/div>\n\n\t\n\n\t<div id=\"col-489731981\" class=\"col pb-0 medium-4 small-12 large-4\"  >\n\t\t\t\t<div class=\"col-inner\"  >\n\t\t\t\n\t\t\t\n\t<div class=\"img has-hover x md-x lg-x y md-y lg-y\" id=\"image_573811964\">\n\t\t\t\t\t\t\t\t<div class=\"img-inner dark\" >\n\t\t\t<img decoding=\"async\" width=\"800\" height=\"800\" src=\"https:\/\/driptec.com\/wp-content\/uploads\/2024\/01\/Dau-nho-giot-Dripii-PCND-4lph-800x800.png\" class=\"attachment-large size-large\" alt=\"\u0110\u1ea7u nh\u1ecf gi\u1ecdt Dripii PCND 4lph\" srcset=\"https:\/\/driptec.com\/wp-content\/uploads\/2024\/01\/Dau-nho-giot-Dripii-PCND-4lph-800x800.png 800w, https:\/\/driptec.com\/wp-content\/uploads\/2024\/01\/Dau-nho-giot-Dripii-PCND-4lph-400x400.png 400w, https:\/\/driptec.com\/wp-content\/uploads\/2024\/01\/Dau-nho-giot-Dripii-PCND-4lph-280x280.png 280w, https:\/\/driptec.com\/wp-content\/uploads\/2024\/01\/Dau-nho-giot-Dripii-PCND-4lph-768x768.png 768w, https:\/\/driptec.com\/wp-content\/uploads\/2024\/01\/Dau-nho-giot-Dripii-PCND-4lph.png 1400w\" sizes=\"(max-width: 800px) 100vw, 800px\" \/>\t\t\t\t\t\t\n\t\t\t\t\t<\/div>\n\t\t\t\t\t\t\t\t\n<style>\n#image_573811964 {\n  width: 100%;\n}\n<\/style>\n\t<\/div>\n\t\n\t<div class=\"img has-hover x md-x lg-x y md-y lg-y\" id=\"image_1125301258\">\n\t\t\t\t\t\t\t\t<div class=\"img-inner dark\" >\n\t\t\t\t\t\t\t\t\t\n\t\t\t\t\t<\/div>\n\t\t\t\t\t\t\t\t\n<style>\n#image_1125301258 {\n  width: 100%;\n}\n<\/style>\n\t<\/div>\n\t\n<p><strong>T\u01b0\u1edbi c\u00e2y \u01b0\u01a1m trong ch\u1eadu, c\u00e2y m\u1edbi tr\u1ed3ng<\/strong><\/p>\n<p>C\u00e2y \u01b0\u01a1m ho\u1eb7c c\u00e2y m\u1edbi tr\u1ed3ng c\u00f3 b\u1ed9 r\u1ec5 ch\u01b0a ho\u00e0n to\u00e0n ph\u00e1t tri\u1ec3n, ch\u00fang c\u1ea7n l\u01b0\u1ee3ng n\u01b0\u1edbc nh\u1ecf v\u00e0 nhi\u1ec1u dinh d\u01b0\u1ee1ng t\u01b0\u1edbi trong ph\u1ea1m vi kho\u1ea3ng 30-60cm. Do \u0111\u00f3 \u0111\u1ea7u nh\u1ecf gi\u1ecdt v\u1edbi \u0111\u1ed9 ch\u00ednh x\u00e1c cao th\u01b0\u1eddng \u0111\u01b0\u1ee3c \u00e1p d\u1ee5ng.<\/p>\n\t\t<\/div>\n\t\t\t\t\t<\/div>\n\n\t\n\n\t<div id=\"col-1073052441\" class=\"col pb-0 medium-4 small-12 large-4\"  >\n\t\t\t\t<div class=\"col-inner\"  >\n\t\t\t\n\t\t\t\n\t<div class=\"img has-hover x md-x lg-x y md-y lg-y\" id=\"image_1546916372\">\n\t\t\t\t\t\t\t\t<div class=\"img-inner dark\" >\n\t\t\t<img decoding=\"async\" width=\"800\" height=\"800\" src=\"https:\/\/driptec.com\/wp-content\/uploads\/2024\/01\/Dau-nho-giot-Dripii-PCND-8lph-800x800.png\" class=\"attachment-large size-large\" alt=\"\u0110\u1ea7u nh\u1ecf gi\u1ecdt Dripii PCND 8lph\" srcset=\"https:\/\/driptec.com\/wp-content\/uploads\/2024\/01\/Dau-nho-giot-Dripii-PCND-8lph-800x800.png 800w, https:\/\/driptec.com\/wp-content\/uploads\/2024\/01\/Dau-nho-giot-Dripii-PCND-8lph-400x400.png 400w, https:\/\/driptec.com\/wp-content\/uploads\/2024\/01\/Dau-nho-giot-Dripii-PCND-8lph-280x280.png 280w, https:\/\/driptec.com\/wp-content\/uploads\/2024\/01\/Dau-nho-giot-Dripii-PCND-8lph-768x768.png 768w, https:\/\/driptec.com\/wp-content\/uploads\/2024\/01\/Dau-nho-giot-Dripii-PCND-8lph.png 1400w\" sizes=\"(max-width: 800px) 100vw, 800px\" \/>\t\t\t\t\t\t\n\t\t\t\t\t<\/div>\n\t\t\t\t\t\t\t\t\n<style>\n#image_1546916372 {\n  width: 100%;\n}\n<\/style>\n\t<\/div>\n\t\n\t<div class=\"img has-hover x md-x lg-x y md-y lg-y\" id=\"image_943639095\">\n\t\t\t\t\t\t\t\t<div class=\"img-inner dark\" >\n\t\t\t\t\t\t\t\t\t\n\t\t\t\t\t<\/div>\n\t\t\t\t\t\t\t\t\n<style>\n#image_943639095 {\n  width: 100%;\n}\n<\/style>\n\t<\/div>\n\t\n<p><strong>T\u01b0\u1edbi v\u01b0\u1eddn t\u01b0\u1eddng, v\u01b0\u1eddn th\u1eb3ng \u0111\u1ee9ng<\/strong><\/p>\n<p>Nh\u1eefng m\u1ea3ng v\u01b0\u1eddn t\u01b0\u1eddng cao ch\u00f3t v\u00f3t th\u1eadt kh\u00f3 cho vi\u1ec7c ch\u0103m s\u00f3c. Tuy nhi\u00ean, v\u1edbi h\u1ec7 th\u1ed1ng t\u01b0\u1edbi nh\u1ecf gi\u1ecdt \u0111\u01b0\u1ee3c l\u1eafp \u0111\u1eb7t ngay t\u1eeb \u0111\u1ea7u, vi\u1ec7c t\u01b0\u1edbi n\u01b0\u1edbc v\u00e0 d\u01b0\u1ee1ng ch\u1ea5t tr\u1edf n\u00ean d\u1ec5 d\u00e0ng v\u00e0 thu\u1eadt ti\u1ec7n h\u01a1n r\u1ea5t nhi\u1ec1u. \u0110\u1ea7u Dripii \u0111\u01b0\u1ee3c nhi\u1ec1u d\u1ef1 \u00e1n l\u1ef1a ch\u1ecdn b\u1edfi kh\u1ea3 n\u0103ng b\u1ec1n b\u1ec9 tr\u01b0\u1edbc m\u1ecdi th\u00e1ch th\u1ee9c m\u00f4i tr\u01b0\u1eddng.<\/p>\n\t\t<\/div>\n\t\t\t\t\t<\/div>\n\n\t\n<\/div>\n\t\t<\/div>\n\n\t\t\n<style>\n#section_1918126862 {\n  padding-top: 0px;\n  padding-bottom: 0px;\n}\n<\/style>\n\t<\/section>\n\t\n<div class=\"is-divider divider clearfix\" style=\"max-width:100%;height:30px;background-color:rgb(242, 242, 242);\"><\/div>\n\t<section class=\"section\" id=\"section_374357896\">\n\t\t<div class=\"bg section-bg fill bg-fill  bg-loaded\" >\n\n\t\t\t\n\t\t\t\n\t\t\t\n\n\t\t<\/div>\n\n\t\t\n\n\t\t<div class=\"section-content relative\">\n\t\t\t\n<div class=\"row align-equal\"  id=\"row-93176740\">\n\n\t<div id=\"col-1415961670\" class=\"col pb-0 small-12 large-12\"  >\n\t\t\t\t<div class=\"col-inner text-center\"  >\n\t\t\t\n\t\t\t\n\t<div id=\"text-3114586818\" class=\"text\">\n\t\t\n<h2 class=\"heading-title heading-arrow-left mb-0\">Downloads<\/h2>\n\t\t\n<style>\n#text-3114586818 {\n  font-size: 1.25rem;\n  text-align: left;\n  color: rgb(77, 190, 238);\n}\n#text-3114586818 > * {\n  color: rgb(77, 190, 238);\n}\n<\/style>\n\t<\/div>\n\t\n\t<div id=\"gap-2105277388\" class=\"gap-element clearfix\" style=\"display:block; height:auto;\">\n\t\t\n<style>\n#gap-2105277388 {\n  padding-top: 30px;\n}\n<\/style>\n\t<\/div>\n\t\n\t\t<\/div>\n\t\t\t\t\t<\/div>\n\n\t\n\n\t<div id=\"col-115142298\" class=\"col pb-0 medium-6 small-12 large-6\"  >\n\t\t\t\t<div class=\"col-inner text-center\"  >\n\t\t\t\n\t\t\t\n\t<div id=\"text-4278295833\" class=\"text\">\n\t\t\n<p><strong>B\u1ea3ng th\u00f4ng s\u1ed1 k\u1ef9 thu\u1eadt<\/strong><\/p>\n<ul>\n<li>Driptec dripii<\/li>\n<\/ul>\n\t\t\n<style>\n#text-4278295833 {\n  text-align: left;\n}\n<\/style>\n\t<\/div>\n\t\n\t\t<\/div>\n\t\t\t\t\t<\/div>\n\n\t\n\n\t<div id=\"col-531392647\" class=\"col pb-0 medium-6 small-12 large-6\"  >\n\t\t\t\t<div class=\"col-inner text-center\"  >\n\t\t\t\n\t\t\t\n\t<div id=\"text-119351835\" class=\"text\">\n\t\t\n<p><strong>S\u1ea3n ph\u1ea9m li\u00ean quan<\/strong><\/p>\n<ul>\n<li><a href=\"https:\/\/driptec.com\/vi\/product\/ong-soft-pe-driptec\/\" target=\"_blank\" rel=\"noopener\">\u1ed0ng Soft PE 3x5mm<\/a><\/li>\n<li><a href=\"https:\/\/driptec.com\/vi\/product\/que-ghim-nho-giot-driptec-stream\/\" target=\"_blank\" rel=\"noopener\" data-schema-attribute=\"about mentions\">Que ghim nh\u1ecf gi\u1ecdt Driptec stream<\/a><\/li>\n<\/ul>\n\t\t\n<style>\n#text-119351835 {\n  text-align: left;\n}\n<\/style>\n\t<\/div>\n\t\n\t\t<\/div>\n\t\t\t\t\t<\/div>\n\n\t\n<\/div>\n\t\t<\/div>\n\n\t\t\n<style>\n#section_374357896 {\n  padding-top: 0px;\n  padding-bottom: 0px;\n}\n<\/style>\n\t<\/section>\n\t\n<div class=\"is-divider divider clearfix\" style=\"max-width:100%;height:30px;background-color:rgb(242, 242, 242);\"><\/div>\n\t<section class=\"section\" id=\"section_733235364\">\n\t\t<div class=\"bg section-bg fill bg-fill  bg-loaded\" >\n\n\t\t\t\n\t\t\t\n\t\t\t\n\n\t\t<\/div>\n\n\t\t\n\n\t\t<div class=\"section-content relative\">\n\t\t\t\n<div class=\"row align-middle\"  id=\"row-1371576648\">\n\n\t<div id=\"col-1256613073\" class=\"col pb-0 medium-6 small-12 large-6\"  >\n\t\t\t\t<div class=\"col-inner\"  >\n\t\t\t\n\t\t\t\n\t<div id=\"text-1810135409\" class=\"text\">\n\t\t\n<p class=\"heading-title heading-arrow-left mb-0\">Worldwide distributors<\/p>\n\t\t\n<style>\n#text-1810135409 {\n  font-size: 1.25rem;\n  color: rgb(77, 190, 238);\n}\n#text-1810135409 > * {\n  color: rgb(77, 190, 238);\n}\n<\/style>\n\t<\/div>\n\t\n\t\t<\/div>\n\t\t\t\t\t<\/div>\n\n\t\n\n\t<div id=\"col-1960935689\" class=\"col pb-0 medium-6 small-12 large-6\"  >\n\t\t\t\t<div class=\"col-inner\"  >\n\t\t\t\n\t\t\t\n\t<div id=\"gap-2097557141\" class=\"gap-element clearfix\" style=\"display:block; height:auto;\">\n\t\t\n<style>\n#gap-2097557141 {\n  padding-top: 20px;\n}\n@media (min-width:550px) {\n  #gap-2097557141 {\n    padding-top: 0px;\n  }\n}\n<\/style>\n\t<\/div>\n\t\n\t\t<\/div>\n\t\t\t\t\t<\/div>\n\n\t\n\n\t<div id=\"col-613949524\" class=\"col pb-0 small-12 large-12\"  >\n\t\t\t\t<div class=\"col-inner\" style=\"background-color:rgb(114, 147, 101);\" >\n\t\t\t\n\t\t\t\n\n            <div \n                class=\"elfsight-widget-google-maps elfsight-widget\" \n                data-elfsight-google-maps-options=\"%7B%22categoriesEnabled%22%3Atrue%2C%22categories%22%3A%5B%5D%2C%22icons%22%3A%5B%5D%2C%22lang%22%3A%22en%22%2C%22distanceUnits%22%3A%22mi%22%2C%22markers%22%3A%5B%7B%22position%22%3A%22Khu%20Bi%5Cu1ec7t%20Th%5Cu1ef1%20Ng%5Cu00e2n%20Long%2C%20Ph%5Cu01b0%5Cu1edbc%20Ki%5Cu1ec3n%2C%20Nh%5Cu00e0%20B%5Cu00e8%2C%20H%5Cu1ed3%20Ch%5Cu00ed%20Minh%2070000%2C%20Vietnam%22%2C%22coordinates%22%3A%2210.7198984%2C%20106.702539%22%2C%22infoTitle%22%3A%22Driptec%22%2C%22category%22%3A%22%22%2C%22icon%22%3A%22%22%2C%22infoDescription%22%3A%22Driptec%20irrigation%20manufacturer.%20We%20are%20one%20of%20the%20leading%20company%20in%20Drip%20and%20sprinkler%20irrigation%20OEM%20manufacturer.%3Cbr%3E%22%2C%22infoImage%22%3A%7B%22name%22%3A%22%22%2C%22url%22%3A%22%22%7D%2C%22infoAddress%22%3A%22%22%2C%22infoSite%22%3A%22Driptec.com%22%2C%22infoPhone%22%3A%22%2B84-0983230879%22%2C%22infoEmail%22%3A%22info%40driptec.com%22%2C%22infoWorkingHours%22%3A%22%22%2C%22markerClickAction%22%3A%22infoWindow%22%2C%22infoWindowOpenedByDefault%22%3Afalse%2C%22linkUrl%22%3A%22%22%2C%22animation%22%3A%22none%22%7D%5D%2C%22mapType%22%3A%22roadmap%22%2C%22center%22%3A%22auto%22%2C%22zoom%22%3A%22auto%22%2C%22controls%22%3A%5B%22zoom%22%2C%22mapType%22%2C%22scale%22%2C%22streetView%22%2C%22rotate%22%2C%22fullScreen%22%5D%2C%22markerClusterEnabled%22%3Atrue%2C%22markerClusterZoom%22%3Atrue%2C%22markerClusterMin%22%3A2%2C%22markerClusterIcon%22%3A%22default%22%2C%22markerClusterIconColor%22%3A%22%22%2C%22markerClusterIconUrl%22%3Anull%2C%22markerClusterSize%22%3A52%2C%22infoDirections%22%3Atrue%2C%22directionsTarget%22%3A%22inline%22%2C%22scrollwheel%22%3Afalse%2C%22draggable%22%3Atrue%2C%22layers%22%3A%5B%5D%2C%22width%22%3A%22auto%22%2C%22height%22%3A%22700%22%2C%22panelEnabled%22%3Atrue%2C%22panelOpenByDefault%22%3Atrue%2C%22panelSearchVisible%22%3Atrue%2C%22panelSearchBy%22%3A%22markers%22%2C%22panelSearchPlaceholder%22%3A%22%22%2C%22panelListItemElements%22%3A%5B%22title%22%2C%22category%22%2C%22image%22%2C%22address%22%2C%22phone%22%2C%22workingHours%22%5D%2C%22mainColor%22%3A%22rgb%2866%2C%20133%2C%20244%29%22%2C%22style%22%3A%22default%22%2C%22colorGeometry%22%3A%22%22%2C%22colorLabelsTextFill%22%3A%22%22%2C%22colorLabelsTextStroke%22%3A%22%22%2C%22colorAdministrativeGeometryStroke%22%3A%22%22%2C%22colorAdministrativeLandParcel%22%3A%22%22%2C%22colorLandscapeNaturalGeometry%22%3A%22%22%2C%22colorPoiGeometry%22%3A%22%22%2C%22colorPoiLabelsTextFill%22%3A%22%22%2C%22colorPoiParkGeometryFill%22%3A%22%22%2C%22colorPoiParkLabelsTextFill%22%3A%22%22%2C%22colorRoadGeometry%22%3A%22%22%2C%22colorRoadArterial%22%3A%22%22%2C%22colorRoadHighway%22%3A%22%22%2C%22colorRoadHighwayGeometryStroke%22%3A%22%22%2C%22colorRoadHighwayControlledAccessGeometry%22%3A%22%22%2C%22colorRoadHighwayControlledAccessGeometryStroke%22%3A%22%22%2C%22colorRoadLocalLabelsTextFill%22%3A%22%22%2C%22colorTransitLineGeometry%22%3A%22%22%2C%22colorTransitLineLabelsTextFill%22%3A%22%22%2C%22colorTransitLineLabelsTextStroke%22%3A%22%22%2C%22colorTransitStationGeometry%22%3A%22%22%2C%22colorWaterGeometryFill%22%3A%22%22%2C%22colorWaterLabelTextFill%22%3A%22%22%2C%22customGoogleMapsStyles%22%3A%22%22%2C%22apiKey%22%3A%22AIzaSyDK49f6N1nj9bVULgfB2YZCRPtDrvOUh2E%22%2C%22widgetId%22%3A%221%22%7D\" \n                data-elfsight-google-maps-version=\"2.4.2\"\n                data-elfsight-widget-id=\"elfsight-google-maps-1\">\n            <\/div>\n            \n\t\t<\/div>\n\t\t\t\t\n<style>\n#col-613949524 > .col-inner {\n  padding: 10px 10px 10px 10px;\n  margin: 10px 10px 10px 10px;\n  border-radius: 8px;\n}\n<\/style>\n\t<\/div>\n\n\t\n<\/div>\n\t\t<\/div>\n\n\t\t\n<style>\n#section_733235364 {\n  padding-top: 0px;\n  padding-bottom: 0px;\n}\n<\/style>\n\t<\/section>\n\t\n","protected":false},"excerpt":{"rendered":"<p>\u0110\u1ea7u nh\u1ecf gi\u1ecdt Dripii \u0111\u01b0\u1ee3c thi\u1ebft k\u1ebf nh\u1eafm \u0111\u1ebfn c\u00e1c d\u1ef1 \u00e1n t\u01b0\u1edbi y\u00eau c\u1ea7u ch\u1ea5t l\u01b0\u1ee3ng s\u1ea3n ph\u1ea9m, \u0111\u1ed9 ch\u00ednh x\u00e1c cao nh\u01b0 t\u01b0\u1edbi c\u00e2y tr\u1ed3ng trong nh\u00e0 k\u00ednh&#8230;<\/p>\n","protected":false},"author":2,"featured_media":774,"menu_order":0,"template":"","format":"standard","product-category":[30],"class_list":["post-779","product","type-product","status-publish","format-standard","has-post-thumbnail","hentry","product-category-tuoi-nho-giot"],"acf":[],"_links":{"self":[{"href":"https:\/\/driptec.com\/vi\/wp-json\/wp\/v2\/product\/779","targetHints":{"allow":["GET"]}}],"collection":[{"href":"https:\/\/driptec.com\/vi\/wp-json\/wp\/v2\/product"}],"about":[{"href":"https:\/\/driptec.com\/vi\/wp-json\/wp\/v2\/types\/product"}],"author":[{"embeddable":true,"href":"https:\/\/driptec.com\/vi\/wp-json\/wp\/v2\/users\/2"}],"version-history":[{"count":5,"href":"https:\/\/driptec.com\/vi\/wp-json\/wp\/v2\/product\/779\/revisions"}],"predecessor-version":[{"id":915,"href":"https:\/\/driptec.com\/vi\/wp-json\/wp\/v2\/product\/779\/revisions\/915"}],"wp:featuredmedia":[{"embeddable":true,"href":"https:\/\/driptec.com\/vi\/wp-json\/wp\/v2\/media\/774"}],"wp:attachment":[{"href":"https:\/\/driptec.com\/vi\/wp-json\/wp\/v2\/media?parent=779"}],"wp:term":[{"taxonomy":"product-category","embeddable":true,"href":"https:\/\/driptec.com\/vi\/wp-json\/wp\/v2\/product-category?post=779"}],"curies":[{"name":"wp","href":"https:\/\/api.w.org\/{rel}","templated":true}]}}