{"id":799,"date":"2024-01-09T21:54:17","date_gmt":"2024-01-09T14:54:17","guid":{"rendered":"https:\/\/driptec.com\/?post_type=product&#038;p=799"},"modified":"2024-06-09T20:43:57","modified_gmt":"2024-06-09T13:43:57","slug":"que-ghim-nho-giot-driptec-stream","status":"publish","type":"product","link":"https:\/\/driptec.com\/vi\/product\/que-ghim-nho-giot-driptec-stream\/","title":{"rendered":"Que ghim nh\u1ecf gi\u1ecdt Driptec Stream"},"content":{"rendered":"\t<section class=\"section\" id=\"section_324918337\">\n\t\t<div class=\"bg section-bg fill bg-fill  bg-loaded\" >\n\n\t\t\t\n\t\t\t\n\t\t\t\n\n\t\t<\/div>\n\n\t\t\n\n\t\t<div class=\"section-content relative\">\n\t\t\t\n<div class=\"row row-large align-middle align-center\"  id=\"row-1960646811\">\n\n\t<div id=\"col-74728589\" class=\"col medium-5 small-12 large-5 small-col-first\"  >\n\t\t\t\t<div class=\"col-inner text-center dark\"  >\n\t\t\t\n\t\t\t\n\t<div class=\"img has-hover x md-x lg-x y md-y lg-y\" id=\"image_1812467790\">\n\t\t\t\t\t\t\t\t<div class=\"img-inner dark\" >\n\t\t\t\t\t\t\t\t\t\n\t\t\t\t\t<\/div>\n\t\t\t\t\t\t\t\t\n<style>\n#image_1812467790 {\n  width: 100%;\n}\n<\/style>\n\t<\/div>\n\t\n\t<div class=\"img has-hover x md-x lg-x y md-y lg-y\" id=\"image_1895560455\">\n\t\t\t\t\t\t\t\t<div class=\"img-inner dark\" >\n\t\t\t<img decoding=\"async\" width=\"800\" height=\"800\" src=\"https:\/\/driptec.com\/wp-content\/uploads\/2024\/01\/Stream-dripper-800x800.png\" class=\"attachment-large size-large\" alt=\"Stream dripper\" srcset=\"https:\/\/driptec.com\/wp-content\/uploads\/2024\/01\/Stream-dripper-800x800.png 800w, https:\/\/driptec.com\/wp-content\/uploads\/2024\/01\/Stream-dripper-400x400.png 400w, https:\/\/driptec.com\/wp-content\/uploads\/2024\/01\/Stream-dripper-280x280.png 280w, https:\/\/driptec.com\/wp-content\/uploads\/2024\/01\/Stream-dripper-768x768.png 768w, https:\/\/driptec.com\/wp-content\/uploads\/2024\/01\/Stream-dripper.png 1400w\" sizes=\"(max-width: 800px) 100vw, 800px\" \/>\t\t\t\t\t\t\n\t\t\t\t\t<\/div>\n\t\t\t\t\t\t\t\t\n<style>\n#image_1895560455 {\n  width: 100%;\n}\n<\/style>\n\t<\/div>\n\t\n\t\t<\/div>\n\t\t\t\t\t<\/div>\n\n\t\n\n\t<div id=\"col-1727742281\" class=\"col medium-7 small-12 large-7\"  >\n\t\t\t\t<div class=\"col-inner\"  >\n\t\t\t\n\t\t\t\n\t<div id=\"text-723611706\" class=\"text\">\n\t\t\n<h1 class=\"heading-slide\">Que ghim nh\u1ecf gi\u1ecdt Driptec stream<\/h1>\n\t\t\n<style>\n#text-723611706 {\n  font-size: 2.2rem;\n  text-align: center;\n  color: #4dbeee;\n}\n#text-723611706 > * {\n  color: #4dbeee;\n}\n@media (min-width:550px) {\n  #text-723611706 {\n    text-align: left;\n  }\n}\n<\/style>\n\t<\/div>\n\t\n\t<div id=\"gap-599659606\" class=\"gap-element clearfix\" style=\"display:block; height:auto;\">\n\t\t\n<style>\n#gap-599659606 {\n  padding-top: 20px;\n}\n@media (min-width:550px) {\n  #gap-599659606 {\n    padding-top: 20px;\n  }\n}\n<\/style>\n\t<\/div>\n\t\n<p>Que ghim nh\u1ecf gi\u1ecdt Driptec stream d\u1ec5 d\u00e0ng \u0111\u1ecbnh v\u1ecb, di chuy\u1ec3n, r\u1ea5t th\u00edch h\u1ee3p s\u1eed d\u1ee5ng t\u01b0\u1edbi nh\u1ecf gi\u1ecdt cho c\u00e2y tr\u1ed3ng trong ch\u1eadu, trong t\u00fai gi\u00e1 th\u1ec3, trong nh\u00e0 m\u00e0ng &#8211; nh\u00e0 k\u00ednh.<\/p>\n<p>M\u1ed9t s\u1ed1 c\u00e2y tr\u1ed3ng th\u01b0\u1eddng \u0111\u01b0\u1ee3c \u00e1p d\u1ee5ng v\u1edbi que ghim nh\u1ecf gi\u1ecdt nh\u01b0 d\u01b0a l\u01b0\u1edbi, c\u00e0 chua, \u1edbt chu\u00f4ng, d\u00e2u t\u00e2y&#8230;<\/p>\n<p><strong>Th\u00f4ng tin chung<\/strong><\/p>\n<ul>\n<li>\u0110\u01b0\u1ee3c s\u1ea3n xu\u1ea5t t\u1eeb nh\u1ef1a k\u1ef9 thu\u1eadt cao c\u1ea5p<\/li>\n<li>\u0110\u1ed9 ch\u00ednh x\u00e1c cao<\/li>\n<li>Th\u00edch h\u1ee3p v\u1edbi \u1ed1ng Soft PE 3x5mm<\/li>\n<\/ul>\n\t<div id=\"gap-338491582\" class=\"gap-element clearfix\" style=\"display:block; height:auto;\">\n\t\t\n<style>\n#gap-338491582 {\n  padding-top: 20px;\n}\n@media (min-width:550px) {\n  #gap-338491582 {\n    padding-top: 20px;\n  }\n}\n<\/style>\n\t<\/div>\n\t\n\t\t<\/div>\n\t\t\t\t\t<\/div>\n\n\t\n<\/div>\n<div class=\"row\"  id=\"row-946625997\">\n\n\t<div id=\"col-72990516\" class=\"col medium-3 small-6 large-3\"  >\n\t\t\t\t<div class=\"col-inner\"  >\n\t\t\t\n\t\t\t\n\t<div id=\"text-2174597698\" class=\"text product-spec-list\">\n\t\t\n<p><strong>\u0110\u1ed9 b\u1ec1n s\u1ea3n ph\u1ea9m<\/strong><\/p>\n<ul>\n<li>Kh\u1ea3 n\u0103ng ch\u1ed1ng tia UV<\/li>\n<li>\u0110\u1ed9 b\u1ec1n tr\u00ean 10 n\u0103m<\/li>\n<\/ul>\n\t\t\t<\/div>\n\t\n\t\t<\/div>\n\t\t\t\t\t<\/div>\n\n\t\n\n\t<div id=\"col-416303694\" class=\"col medium-3 small-6 large-3\"  >\n\t\t\t\t<div class=\"col-inner\"  >\n\t\t\t\n\t\t\t\n\t<div id=\"text-2191810430\" class=\"text product-spec-list\">\n\t\t\n<p><b>\u1ee8ng d\u1ee5ng ch\u00ednh<\/b><\/p>\n<ul>\n<li>T\u01b0\u1edbi c\u00e2y tr\u1ed3ng ch\u1eadu, b\u1ecbch gi\u00e1 th\u1ec3<\/li>\n<li>T\u01b0\u1edbi trong nh\u00e0 k\u00ednh<\/li>\n<\/ul>\n\t\t\t<\/div>\n\t\n\t\t<\/div>\n\t\t\t\t\t<\/div>\n\n\t\n\n\t<div id=\"col-1879392903\" class=\"col medium-3 small-6 large-3\"  >\n\t\t\t\t<div class=\"col-inner\"  >\n\t\t\t\n\t\t\t\n\t<div id=\"text-1234414690\" class=\"text product-spec-list\">\n\t\t\n<p><strong>Lo\u1ea1i s\u1ea3n ph\u1ea9m<\/strong><\/p>\n<ul>\n<li>Que ghim nh\u1ecf gi\u1ecdt<\/li>\n<\/ul>\n\t\t\t<\/div>\n\t\n\t\t<\/div>\n\t\t\t\t\t<\/div>\n\n\t\n\n\t<div id=\"col-1360553347\" class=\"col medium-3 small-6 large-3\"  >\n\t\t\t\t<div class=\"col-inner\"  >\n\t\t\t\n\t\t\t\n\t<div id=\"text-3108164014\" class=\"text product-spec-list\">\n\t\t\n<p><strong>S\u1ea3n ph\u1ea9m k\u1ebft h\u1ee3p<\/strong><\/p>\n<ul>\n<li>\u0110\u1ea7u nh\u1ecf gi\u1ecdt Dripii<\/li>\n<li>\u1ed0ng Soft PE 3x5mm<\/li>\n<\/ul>\n\t\t\t<\/div>\n\t\n\t\t<\/div>\n\t\t\t\t\t<\/div>\n\n\t\n<\/div>\n\t\t<\/div>\n\n\t\t\n<style>\n#section_324918337 {\n  padding-top: 10px;\n  padding-bottom: 10px;\n  min-height: 209px;\n  background-color: rgb(239, 242, 237);\n}\n@media (min-width:550px) {\n  #section_324918337 {\n    min-height: 462px;\n  }\n}\n<\/style>\n\t<\/section>\n\t\n\t<section class=\"section\" id=\"section_1360053248\">\n\t\t<div class=\"bg section-bg fill bg-fill  bg-loaded\" >\n\n\t\t\t\n\t\t\t\n\t\t\t\n\n\t\t<\/div>\n\n\t\t\n\n\t\t<div class=\"section-content relative\">\n\t\t\t\n<div class=\"row align-middle\"  id=\"row-1130565853\">\n\n\t<div id=\"col-1382265103\" class=\"col pb-0 small-12 large-12\"  >\n\t\t\t\t<div class=\"col-inner\"  >\n\t\t\t\n\t\t\t\n\t<div id=\"text-4238421709\" class=\"text\">\n\t\t\n<h2 class=\"heading-title heading-arrow-left mb-0\">V\u00ec sao n\u00ean ch\u1ecdn que ghim nh\u1ecf gi\u1ecdt Driptec stream<\/h2>\n\t\t\n<style>\n#text-4238421709 {\n  font-size: 1.25rem;\n  color: rgb(77, 190, 238);\n}\n#text-4238421709 > * {\n  color: rgb(77, 190, 238);\n}\n<\/style>\n\t<\/div>\n\t\n\t<div id=\"gap-1812568375\" class=\"gap-element clearfix\" style=\"display:block; height:auto;\">\n\t\t\n<style>\n#gap-1812568375 {\n  padding-top: 30px;\n}\n<\/style>\n\t<\/div>\n\t\n<ul>\n<li>\u0110\u01b0\u1eddng Zic zac d\u00e0i \u0111\u1ea3m b\u1ea3o \u1ed1ng nh\u1ecf gi\u1ecdt \u0111\u1ed3ng \u0111\u1ec1u h\u01a1n<\/li>\n<li>Chi\u1ec1u d\u00e0i 20 cm c\u00f3 th\u1ec3 s\u1eed d\u1ee5ng v\u1edbi ch\u1eadu cao<\/li>\n<li>Th\u00e0nh que ghim tr\u01a1n \u0111\u1ec3 kh\u00f4ng g\u00e2y h\u1ea1i khi b\u1ea1n di chuy\u1ec3n \u0111\u1ea7u nh\u1ecf gi\u1ecdt t\u1eeb v\u1ecb tr\u00ed n\u00e0y sang v\u1ecb tr\u00ed kh\u00e1c<\/li>\n<li>Ch\u1ea5t li\u1ec7u nh\u1ef1a k\u1ef9 thu\u1eadt cao c\u1ea5p 100% nguy\u00ean sinh<\/li>\n<li>Tu\u1ed5i th\u1ecd c\u00f3 th\u1ec3 l\u00ean t\u1edbi 10 n\u0103m<\/li>\n<\/ul>\n\t\t<\/div>\n\t\t\t\t\t<\/div>\n\n\t\n<\/div>\n\t\t<\/div>\n\n\t\t\n<style>\n#section_1360053248 {\n  padding-top: 30px;\n  padding-bottom: 30px;\n}\n<\/style>\n\t<\/section>\n\t\n<div class=\"is-divider divider clearfix\" style=\"max-width:100%;height:30px;background-color:rgb(242, 242, 242);\"><\/div>\n\t<section class=\"section\" id=\"section_917113673\">\n\t\t<div class=\"bg section-bg fill bg-fill  bg-loaded\" >\n\n\t\t\t\n\t\t\t\n\t\t\t\n\n\t\t<\/div>\n\n\t\t\n\n\t\t<div class=\"section-content relative\">\n\t\t\t\n<div class=\"row align-middle\"  id=\"row-1225081116\">\n\n\t<div id=\"col-1136654845\" class=\"col pb-0 small-12 large-12\"  >\n\t\t\t\t<div class=\"col-inner\"  >\n\t\t\t\n\t\t\t\n\t<div id=\"text-3379806344\" class=\"text\">\n\t\t\n<h2 class=\"heading-title heading-arrow-left mb-0\">\u1ee8ng d\u1ee5ng ph\u1ed5 bi\u1ebfn<\/h2>\n\t\t\n<style>\n#text-3379806344 {\n  font-size: 1.25rem;\n  color: rgb(77, 190, 238);\n}\n#text-3379806344 > * {\n  color: rgb(77, 190, 238);\n}\n<\/style>\n\t<\/div>\n\t\n\t<div id=\"gap-402612540\" class=\"gap-element clearfix\" style=\"display:block; height:auto;\">\n\t\t\n<style>\n#gap-402612540 {\n  padding-top: 30px;\n}\n<\/style>\n\t<\/div>\n\t\n\t\t<\/div>\n\t\t\t\t\t<\/div>\n\n\t\n\n\t<div id=\"col-1953767970\" class=\"col pb-0 medium-4 small-12 large-4\"  >\n\t\t\t\t<div class=\"col-inner\"  >\n\t\t\t\n\t\t\t\n\t<div class=\"img has-hover x md-x lg-x y md-y lg-y\" id=\"image_362870400\">\n\t\t\t\t\t\t\t\t<div class=\"img-inner dark\" >\n\t\t\t<img decoding=\"async\" width=\"500\" height=\"281\" src=\"https:\/\/driptec.com\/wp-content\/uploads\/2024\/01\/Potted-plant-irrigation.jpg\" class=\"attachment-large size-large\" alt=\"Potted-plant-irrigation\" \/>\t\t\t\t\t\t\n\t\t\t\t\t<\/div>\n\t\t\t\t\t\t\t\t\n<style>\n#image_362870400 {\n  width: 100%;\n}\n<\/style>\n\t<\/div>\n\t\n<p><strong>T\u01b0\u1edbi c\u00e2y tr\u1ed3ng trong ch\u1eadu<\/strong><\/p>\n<p>Nhi\u1ec1u lo\u1ea1i c\u00e2y tr\u1ed3ng trong ch\u1eadu c\u00f3 th\u1ec3 \u0111\u01b0\u1ee3c \u00e1p d\u1ee5ng v\u1edbi que ghim nh\u1ecf gi\u1ecdt Driptec Stream n\u00e0y, v\u00ed d\u1ee5 nh\u01b0 t\u01b0\u1edbi hoa c\u1eaft c\u00e0nh, t\u01b0\u1edbi d\u01b0a l\u01b0\u1edbi, c\u00e0 chua..<\/p>\n\t\t<\/div>\n\t\t\t\t\t<\/div>\n\n\t\n\n\t<div id=\"col-1738249042\" class=\"col pb-0 medium-4 small-12 large-4\"  >\n\t\t\t\t<div class=\"col-inner\"  >\n\t\t\t\n\t\t\t\n\t<div class=\"img has-hover x md-x lg-x y md-y lg-y\" id=\"image_1470626297\">\n\t\t\t\t\t\t\t\t<div class=\"img-inner dark\" >\n\t\t\t<img decoding=\"async\" width=\"500\" height=\"281\" src=\"https:\/\/driptec.com\/wp-content\/uploads\/2024\/01\/Green-house-irrigation.jpg\" class=\"attachment-large size-large\" alt=\"Green-house-irrigation\" \/>\t\t\t\t\t\t\n\t\t\t\t\t<\/div>\n\t\t\t\t\t\t\t\t\n<style>\n#image_1470626297 {\n  width: 100%;\n}\n<\/style>\n\t<\/div>\n\t\n<p><strong>T\u01b0\u1edbi trong nh\u00e0 k\u00ednh<\/strong><\/p>\n<p>Trong vi\u1ec7c t\u01b0\u1edbi nh\u00e0 k\u00ednh, b\u1ea1n c\u00f3 th\u1ec3 \u00e1p d\u1ee5ng Que ghim nh\u1ecf gi\u1ecdt Driptec Stream cho c\u00e1c c\u00e2y tr\u1ed3ng trong ch\u1eadu, c\u00e2y tr\u1ed3ng trong t\u00fai, v\u00ed d\u1ee5 nh\u01b0 C\u00e0 chua, \u1edat chu\u00f4ng, D\u00e2u t\u00e2y..<\/p>\n\t\t<\/div>\n\t\t\t\t\t<\/div>\n\n\t\n\n\t<div id=\"col-351143733\" class=\"col pb-0 medium-4 small-12 large-4\"  >\n\t\t\t\t<div class=\"col-inner\"  >\n\t\t\t\n\t\t\t\n\t<div class=\"img has-hover x md-x lg-x y md-y lg-y\" id=\"image_1309106204\">\n\t\t\t\t\t\t\t\t<div class=\"img-inner dark\" >\n\t\t\t<img decoding=\"async\" width=\"500\" height=\"281\" src=\"https:\/\/driptec.com\/wp-content\/uploads\/2024\/01\/Dripper-branches.jpg\" class=\"attachment-large size-large\" alt=\"Dripper branches\" \/>\t\t\t\t\t\t\n\t\t\t\t\t<\/div>\n\t\t\t\t\t\t\t\t\n<style>\n#image_1309106204 {\n  width: 100%;\n}\n<\/style>\n\t<\/div>\n\t\n<p><strong>T\u00edch h\u1ee3p trong b\u1ed9 KIT<\/strong><\/p>\n<p>Driptec stream c\u1ea7n \u0111\u01b0\u1ee3c s\u1eed d\u1ee5ng k\u1ebft h\u1ee3p v\u1edbi \u0111\u1ea7u nh\u1ecf gi\u1ecdt, v\u00e0 \u1ed1ng Soft PE 3x5mm \u0111\u1ec3 t\u1ea1o n\u00ean m\u1ed9t b\u1ed9 Kit t\u01b0\u1edbi ho\u00e0n ch\u1ec9nh.<\/p>\n\t\t<\/div>\n\t\t\t\t\t<\/div>\n\n\t\n<\/div>\n\t\t<\/div>\n\n\t\t\n<style>\n#section_917113673 {\n  padding-top: 0px;\n  padding-bottom: 0px;\n}\n<\/style>\n\t<\/section>\n\t\n<div class=\"is-divider divider clearfix\" style=\"max-width:100%;height:30px;background-color:rgb(242, 242, 242);\"><\/div>\n\t<section class=\"section\" id=\"section_512747205\">\n\t\t<div class=\"bg section-bg fill bg-fill  bg-loaded\" >\n\n\t\t\t\n\t\t\t\n\t\t\t\n\n\t\t<\/div>\n\n\t\t\n\n\t\t<div class=\"section-content relative\">\n\t\t\t\n<div class=\"row align-equal\"  id=\"row-1379094660\">\n\n\t<div id=\"col-1605720120\" class=\"col pb-0 small-12 large-12\"  >\n\t\t\t\t<div class=\"col-inner text-center\"  >\n\t\t\t\n\t\t\t\n\t<div id=\"text-3619981204\" class=\"text\">\n\t\t\n<h2 class=\"heading-title heading-arrow-left mb-0\">T\u1ea3i v\u1ec1<\/h2>\n\t\t\n<style>\n#text-3619981204 {\n  font-size: 1.25rem;\n  text-align: left;\n  color: rgb(77, 190, 238);\n}\n#text-3619981204 > * {\n  color: rgb(77, 190, 238);\n}\n<\/style>\n\t<\/div>\n\t\n\t<div id=\"gap-2121936648\" class=\"gap-element clearfix\" style=\"display:block; height:auto;\">\n\t\t\n<style>\n#gap-2121936648 {\n  padding-top: 30px;\n}\n<\/style>\n\t<\/div>\n\t\n\t\t<\/div>\n\t\t\t\t\t<\/div>\n\n\t\n\n\t<div id=\"col-1730320684\" class=\"col pb-0 medium-6 small-12 large-6\"  >\n\t\t\t\t<div class=\"col-inner text-center\"  >\n\t\t\t\n\t\t\t\n\t<div id=\"text-3884609844\" class=\"text\">\n\t\t\n<p><strong>Technical Sheet<\/strong><\/p>\n<ul>\n<li>Driptec Stream Dripper<\/li>\n<\/ul>\n\t\t\n<style>\n#text-3884609844 {\n  text-align: left;\n}\n<\/style>\n\t<\/div>\n\t\n\t\t<\/div>\n\t\t\t\t\t<\/div>\n\n\t\n\n\t<div id=\"col-1477459426\" class=\"col pb-0 medium-6 small-12 large-6\"  >\n\t\t\t\t<div class=\"col-inner text-center\"  >\n\t\t\t\n\t\t\t\n\t<div id=\"text-1139060387\" class=\"text\">\n\t\t\n<p><strong>Related product<\/strong><\/p>\n<ul>\n<li><a href=\"https:\/\/driptec.com\/product\/pc-dripper\/\" target=\"_blank\" rel=\"noopener\">\u0110\u1ea7u nh\u1ecf gi\u1ecdt Dripii dripper<\/a><\/li>\n<li><a href=\"https:\/\/driptec.com\/vi\/product\/ong-soft-pe-driptec\/\" target=\"_blank\" rel=\"noopener\">\u1ed0ng soft PE 3x5mm<\/a><\/li>\n<\/ul>\n\t\t\n<style>\n#text-1139060387 {\n  text-align: left;\n}\n<\/style>\n\t<\/div>\n\t\n\t\t<\/div>\n\t\t\t\t\t<\/div>\n\n\t\n<\/div>\n\t\t<\/div>\n\n\t\t\n<style>\n#section_512747205 {\n  padding-top: 0px;\n  padding-bottom: 0px;\n}\n<\/style>\n\t<\/section>\n\t\n<div class=\"is-divider divider clearfix\" style=\"max-width:100%;height:30px;background-color:rgb(242, 242, 242);\"><\/div>\n\t<section class=\"section\" id=\"section_919063777\">\n\t\t<div class=\"bg section-bg fill bg-fill  bg-loaded\" >\n\n\t\t\t\n\t\t\t\n\t\t\t\n\n\t\t<\/div>\n\n\t\t\n\n\t\t<div class=\"section-content relative\">\n\t\t\t\n<div class=\"row align-middle\"  id=\"row-1722356689\">\n\n\t<div id=\"col-591615399\" class=\"col pb-0 medium-6 small-12 large-6\"  >\n\t\t\t\t<div class=\"col-inner\"  >\n\t\t\t\n\t\t\t\n\t<div id=\"text-3994293013\" class=\"text\">\n\t\t\n<p class=\"heading-title heading-arrow-left mb-0\">Nh\u00e0 ph\u00e2n ph\u1ed1i<\/p>\n\t\t\n<style>\n#text-3994293013 {\n  font-size: 1.25rem;\n  color: rgb(77, 190, 238);\n}\n#text-3994293013 > * {\n  color: rgb(77, 190, 238);\n}\n<\/style>\n\t<\/div>\n\t\n\t\t<\/div>\n\t\t\t\t\t<\/div>\n\n\t\n\n\t<div id=\"col-964492239\" class=\"col pb-0 medium-6 small-12 large-6\"  >\n\t\t\t\t<div class=\"col-inner\"  >\n\t\t\t\n\t\t\t\n\t<div id=\"gap-40889769\" class=\"gap-element clearfix\" style=\"display:block; height:auto;\">\n\t\t\n<style>\n#gap-40889769 {\n  padding-top: 20px;\n}\n@media (min-width:550px) {\n  #gap-40889769 {\n    padding-top: 0px;\n  }\n}\n<\/style>\n\t<\/div>\n\t\n\t\t<\/div>\n\t\t\t\t\t<\/div>\n\n\t\n\n\t<div id=\"col-1051967598\" class=\"col pb-0 small-12 large-12\"  >\n\t\t\t\t<div class=\"col-inner\" style=\"background-color:rgb(114, 147, 101);\" >\n\t\t\t\n\t\t\t\n\n            <div \n                class=\"elfsight-widget-google-maps elfsight-widget\" \n                data-elfsight-google-maps-options=\"%7B%22categoriesEnabled%22%3Atrue%2C%22categories%22%3A%5B%5D%2C%22icons%22%3A%5B%5D%2C%22lang%22%3A%22en%22%2C%22distanceUnits%22%3A%22mi%22%2C%22markers%22%3A%5B%7B%22position%22%3A%22Khu%20Bi%5Cu1ec7t%20Th%5Cu1ef1%20Ng%5Cu00e2n%20Long%2C%20Ph%5Cu01b0%5Cu1edbc%20Ki%5Cu1ec3n%2C%20Nh%5Cu00e0%20B%5Cu00e8%2C%20H%5Cu1ed3%20Ch%5Cu00ed%20Minh%2070000%2C%20Vietnam%22%2C%22coordinates%22%3A%2210.7198984%2C%20106.702539%22%2C%22infoTitle%22%3A%22Driptec%22%2C%22category%22%3A%22%22%2C%22icon%22%3A%22%22%2C%22infoDescription%22%3A%22Driptec%20irrigation%20manufacturer.%20We%20are%20one%20of%20the%20leading%20company%20in%20Drip%20and%20sprinkler%20irrigation%20OEM%20manufacturer.%3Cbr%3E%22%2C%22infoImage%22%3A%7B%22name%22%3A%22%22%2C%22url%22%3A%22%22%7D%2C%22infoAddress%22%3A%22%22%2C%22infoSite%22%3A%22Driptec.com%22%2C%22infoPhone%22%3A%22%2B84-0983230879%22%2C%22infoEmail%22%3A%22info%40driptec.com%22%2C%22infoWorkingHours%22%3A%22%22%2C%22markerClickAction%22%3A%22infoWindow%22%2C%22infoWindowOpenedByDefault%22%3Afalse%2C%22linkUrl%22%3A%22%22%2C%22animation%22%3A%22none%22%7D%5D%2C%22mapType%22%3A%22roadmap%22%2C%22center%22%3A%22auto%22%2C%22zoom%22%3A%22auto%22%2C%22controls%22%3A%5B%22zoom%22%2C%22mapType%22%2C%22scale%22%2C%22streetView%22%2C%22rotate%22%2C%22fullScreen%22%5D%2C%22markerClusterEnabled%22%3Atrue%2C%22markerClusterZoom%22%3Atrue%2C%22markerClusterMin%22%3A2%2C%22markerClusterIcon%22%3A%22default%22%2C%22markerClusterIconColor%22%3A%22%22%2C%22markerClusterIconUrl%22%3Anull%2C%22markerClusterSize%22%3A52%2C%22infoDirections%22%3Atrue%2C%22directionsTarget%22%3A%22inline%22%2C%22scrollwheel%22%3Afalse%2C%22draggable%22%3Atrue%2C%22layers%22%3A%5B%5D%2C%22width%22%3A%22auto%22%2C%22height%22%3A%22700%22%2C%22panelEnabled%22%3Atrue%2C%22panelOpenByDefault%22%3Atrue%2C%22panelSearchVisible%22%3Atrue%2C%22panelSearchBy%22%3A%22markers%22%2C%22panelSearchPlaceholder%22%3A%22%22%2C%22panelListItemElements%22%3A%5B%22title%22%2C%22category%22%2C%22image%22%2C%22address%22%2C%22phone%22%2C%22workingHours%22%5D%2C%22mainColor%22%3A%22rgb%2866%2C%20133%2C%20244%29%22%2C%22style%22%3A%22default%22%2C%22colorGeometry%22%3A%22%22%2C%22colorLabelsTextFill%22%3A%22%22%2C%22colorLabelsTextStroke%22%3A%22%22%2C%22colorAdministrativeGeometryStroke%22%3A%22%22%2C%22colorAdministrativeLandParcel%22%3A%22%22%2C%22colorLandscapeNaturalGeometry%22%3A%22%22%2C%22colorPoiGeometry%22%3A%22%22%2C%22colorPoiLabelsTextFill%22%3A%22%22%2C%22colorPoiParkGeometryFill%22%3A%22%22%2C%22colorPoiParkLabelsTextFill%22%3A%22%22%2C%22colorRoadGeometry%22%3A%22%22%2C%22colorRoadArterial%22%3A%22%22%2C%22colorRoadHighway%22%3A%22%22%2C%22colorRoadHighwayGeometryStroke%22%3A%22%22%2C%22colorRoadHighwayControlledAccessGeometry%22%3A%22%22%2C%22colorRoadHighwayControlledAccessGeometryStroke%22%3A%22%22%2C%22colorRoadLocalLabelsTextFill%22%3A%22%22%2C%22colorTransitLineGeometry%22%3A%22%22%2C%22colorTransitLineLabelsTextFill%22%3A%22%22%2C%22colorTransitLineLabelsTextStroke%22%3A%22%22%2C%22colorTransitStationGeometry%22%3A%22%22%2C%22colorWaterGeometryFill%22%3A%22%22%2C%22colorWaterLabelTextFill%22%3A%22%22%2C%22customGoogleMapsStyles%22%3A%22%22%2C%22apiKey%22%3A%22AIzaSyDK49f6N1nj9bVULgfB2YZCRPtDrvOUh2E%22%2C%22widgetId%22%3A%221%22%7D\" \n                data-elfsight-google-maps-version=\"2.4.2\"\n                data-elfsight-widget-id=\"elfsight-google-maps-1\">\n            <\/div>\n            \n\t\t<\/div>\n\t\t\t\t\n<style>\n#col-1051967598 > .col-inner {\n  padding: 10px 10px 10px 10px;\n  margin: 10px 10px 10px 10px;\n  border-radius: 8px;\n}\n<\/style>\n\t<\/div>\n\n\t\n<\/div>\n\t\t<\/div>\n\n\t\t\n<style>\n#section_919063777 {\n  padding-top: 0px;\n  padding-bottom: 0px;\n}\n<\/style>\n\t<\/section>\n\t\n","protected":false},"excerpt":{"rendered":"<p>Que ghim nh\u1ecf gi\u1ecdt Driptec Stream th\u01b0\u1eddng s\u1eed d\u1ee5ng t\u01b0\u1edbi c\u00e2y tr\u1ed3ng trong t\u00fai gi\u00e1 th\u1ec3, trong ch\u1eadu, hay trong nh\u00e0 k\u00ednh. S\u1ea3n ph\u1ea9m \u0111\u01b0\u1ee3c thi\u1ebft k\u1ebf t\u1ed1i \u01b0u gi\u00fap d\u00f2ng n\u01b0\u1edbc ph\u00e2n b\u1ed1 \u0111\u1ec1u trong t\u00fai gi\u00e1 th\u1ec3, d\u1ec5 d\u00e0ng di chuy\u1ec3n gi\u1eefa c\u00e1c v\u1ecb tr\u00ed trong ch\u1eadu.<\/p>\n","protected":false},"author":2,"featured_media":800,"menu_order":0,"template":"","format":"standard","product-category":[30],"class_list":["post-799","product","type-product","status-publish","format-standard","has-post-thumbnail","hentry","product-category-tuoi-nho-giot"],"acf":[],"_links":{"self":[{"href":"https:\/\/driptec.com\/vi\/wp-json\/wp\/v2\/product\/799","targetHints":{"allow":["GET"]}}],"collection":[{"href":"https:\/\/driptec.com\/vi\/wp-json\/wp\/v2\/product"}],"about":[{"href":"https:\/\/driptec.com\/vi\/wp-json\/wp\/v2\/types\/product"}],"author":[{"embeddable":true,"href":"https:\/\/driptec.com\/vi\/wp-json\/wp\/v2\/users\/2"}],"version-history":[{"count":3,"href":"https:\/\/driptec.com\/vi\/wp-json\/wp\/v2\/product\/799\/revisions"}],"predecessor-version":[{"id":804,"href":"https:\/\/driptec.com\/vi\/wp-json\/wp\/v2\/product\/799\/revisions\/804"}],"wp:featuredmedia":[{"embeddable":true,"href":"https:\/\/driptec.com\/vi\/wp-json\/wp\/v2\/media\/800"}],"wp:attachment":[{"href":"https:\/\/driptec.com\/vi\/wp-json\/wp\/v2\/media?parent=799"}],"wp:term":[{"taxonomy":"product-category","embeddable":true,"href":"https:\/\/driptec.com\/vi\/wp-json\/wp\/v2\/product-category?post=799"}],"curies":[{"name":"wp","href":"https:\/\/api.w.org\/{rel}","templated":true}]}}