{"id":806,"date":"2024-02-23T20:39:30","date_gmt":"2024-02-23T13:39:30","guid":{"rendered":"https:\/\/driptec.com\/?post_type=product&#038;p=806"},"modified":"2025-08-15T14:41:56","modified_gmt":"2025-08-15T07:41:56","slug":"dau-tuoi-phun-mua-micro-driptec","status":"publish","type":"product","link":"https:\/\/driptec.com\/vi\/product\/bec-tuoi-driptec-dr09\/","title":{"rendered":"B\u00e9c t\u01b0\u1edbi Driptec DR09"},"content":{"rendered":"<div>\n\t<section class=\"section\" id=\"section_2049961872\">\n\t\t<div class=\"bg section-bg fill bg-fill  bg-loaded\" >\n\n\t\t\t\n\t\t\t\n\t\t\t\n\n\t\t<\/div>\n\n\t\t\n\n\t\t<div class=\"section-content relative\">\n\t\t\t\n<div class=\"row row-large align-middle align-center\"  id=\"row-2079281424\">\n\n\t<div id=\"col-315335278\" class=\"col medium-5 small-12 large-5 small-col-first\"  >\n\t\t\t\t<div class=\"col-inner text-center dark\"  >\n\t\t\t\n\t\t\t\n\t<div class=\"img has-hover x md-x lg-x y md-y lg-y\" id=\"image_1705688658\">\n\t\t\t\t\t\t\t\t<div class=\"img-inner dark\" >\n\t\t\t\t\t\t\t\t\t\n\t\t\t\t\t<\/div>\n\t\t\t\t\t\t\t\t\n<style>\n#image_1705688658 {\n  width: 100%;\n}\n<\/style>\n\t<\/div>\n\t\n\t<div class=\"img has-hover x md-x lg-x y md-y lg-y\" id=\"image_942722025\">\n\t\t\t\t\t\t\t\t<div class=\"img-inner dark\" >\n\t\t\t<img decoding=\"async\" width=\"800\" height=\"800\" src=\"https:\/\/driptec.com\/wp-content\/uploads\/2024\/02\/driptec-micro-sprinkler-black-01-800x800.png\" class=\"attachment-large size-large\" alt=\"driptec-micro-sprinkler-black 01\" srcset=\"https:\/\/driptec.com\/wp-content\/uploads\/2024\/02\/driptec-micro-sprinkler-black-01-800x800.png 800w, https:\/\/driptec.com\/wp-content\/uploads\/2024\/02\/driptec-micro-sprinkler-black-01-400x400.png 400w, https:\/\/driptec.com\/wp-content\/uploads\/2024\/02\/driptec-micro-sprinkler-black-01-280x280.png 280w, https:\/\/driptec.com\/wp-content\/uploads\/2024\/02\/driptec-micro-sprinkler-black-01-768x768.png 768w, https:\/\/driptec.com\/wp-content\/uploads\/2024\/02\/driptec-micro-sprinkler-black-01.png 1400w\" sizes=\"(max-width: 800px) 100vw, 800px\" \/>\t\t\t\t\t\t\n\t\t\t\t\t<\/div>\n\t\t\t\t\t\t\t\t\n<style>\n#image_942722025 {\n  width: 100%;\n}\n<\/style>\n\t<\/div>\n\t\n\t\t<\/div>\n\t\t\t\t\t<\/div>\n\n\t\n\n\t<div id=\"col-34202557\" class=\"col medium-7 small-12 large-7\"  >\n\t\t\t\t<div class=\"col-inner\"  >\n\t\t\t\n\t\t\t\n\t<div id=\"text-1572751984\" class=\"text\">\n\t\t\n<h2 class=\"heading-slide\">B\u00e9c t\u01b0\u1edbi Driptec DR09<\/h2>\n\t\t\n<style>\n#text-1572751984 {\n  font-size: 2.2rem;\n  text-align: center;\n  color: #4dbeee;\n}\n#text-1572751984 > * {\n  color: #4dbeee;\n}\n@media (min-width:550px) {\n  #text-1572751984 {\n    text-align: left;\n  }\n}\n<\/style>\n\t<\/div>\n\t\n\t<div id=\"gap-251943843\" class=\"gap-element clearfix\" style=\"display:block; height:auto;\">\n\t\t\n<style>\n#gap-251943843 {\n  padding-top: 20px;\n}\n@media (min-width:550px) {\n  #gap-251943843 {\n    padding-top: 20px;\n  }\n}\n<\/style>\n\t<\/div>\n\t\n<div><strong>B\u00e9c t\u01b0\u1edbi Driptec DR09<\/strong> \u0111\u01b0\u1ee3c nghi\u00ean c\u1ee9u, s\u1ea3n xu\u1ea5t d\u1ef1a tr\u00ean nhu c\u1ea7u t\u01b0\u1edbi n\u01b0\u1edbc c\u1ee7a nhi\u1ec1u n\u00f4ng d\u00e2n Vi\u1ec7t Nam, ng\u01b0\u1eddi tr\u1ed3ng c\u00e2y \u0103n tr\u00e1i, c\u00e2y tr\u00ean \u0111\u1ed3i d\u1ed1c, n\u01a1i khan hi\u1ebfm n\u01b0\u1edbc, v\u00e0 y\u00eau c\u1ea7u \u0111\u1ed9 \u0111\u1ed3ng \u0111\u1ec1u cao c\u00f9ng m\u1ed9t s\u1ed1 y\u00eau c\u1ea7u \u0111\u1eb7c bi\u1ec7t nh\u01b0 b\u00e9c b\u00f9 \u00e1p, \u0111i\u1ec1u ch\u1ec9nh b\u00e1n k\u00ednh g\u1ea7n &#8211; xa, hay ch\u1ed1ng c\u00f4n tr\u00f9ng x\u00e2m nh\u1eadp.<br \/>T\u1eeb \u0111\u00e2y, ch\u00fang t\u00f4i c\u0169ng tin r\u1eb1ng s\u1ea3n ph\u1ea9m s\u1ebd ph\u00f9 h\u1ee3p v\u00e0 \u0111\u00e1p \u1ee9ng h\u1ea7u h\u1ebft nhu c\u1ea7u t\u01b0\u1edbi c\u00e2y \u0103n qu\u1ea3 m\u00e0 h\u00e0ng tri\u1ec7u ng\u01b0\u1eddi tr\u1ed3ng tr\u1ecdt tr\u00ean to\u00e0n c\u1ea7u \u0111ang \u00e1p d\u1ee5ng.<br \/>S\u1ea3n ph\u1ea9m \u0111\u01b0\u1ee3c l\u00e0m t\u1eeb 100% nh\u1ef1a nguy\u00ean sinh k\u1ebft h\u1ee3p v\u1edbi kh\u1ea3 n\u0103ng ch\u1ed1ng tia c\u1ef1c t\u00edm, ch\u1ed1ng \u0103n m\u00f2n v\u00e0 kh\u00e1ng h\u00f3a ch\u1ea5t.<br \/>V\u00f2i phun n\u01b0\u1edbc Driptec \u0111\u1eb7c bi\u1ec7t th\u00edch h\u1ee3p \u0111\u1ec3 t\u01b0\u1edbi d\u01b0\u1edbi t\u00e1n c\u00e2y \u0103n qu\u1ea3.<br \/>M\u1ed9t s\u1ed1 t\u00ednh n\u0103ng quan tr\u1ecdng c\u1ee7a v\u00f2i t\u01b0\u1edbi:<\/div>\n<ul>\n<li>T\u00ednh n\u0103ng b\u00f9 \u00e1p (PC)<\/li>\n<li>T\u00ednh n\u0103ng ch\u1ed1ng c\u00f4n tr\u00f9ng x\u00e2m nh\u1eadp<\/li>\n<li>T\u00ednh n\u0103ng \u0111i\u1ec1u ch\u1ec9nh b\u00e1n k\u00ednh t\u01b0\u1edbi<\/li>\n<\/ul>\n<p>Ngo\u00e0i ra, \u0111\u1ea7u t\u01b0\u1edbi phun m\u01b0a Micro Driptec DR09 \u0111\u01b0\u1ee3c thi\u1ebft k\u1ebf hi\u1ec7n \u0111\u1ea1i, d\u1ec5 l\u1eafp r\u00e1p, t\u00edch h\u1ee3p v\u1edbi h\u1ea7u h\u1ebft c\u00e1c lo\u1ea1i ph\u1ee5 ki\u1ec7n kh\u1edbp n\u1ed1i ph\u1ed5 bi\u1ebfn tr\u00ean th\u1ecb tr\u01b0\u1eddng. S\u1ea3n ph\u1ea9m c\u00f3 \u0111\u1ed9 b\u1ec1n cao v\u00e0 c\u00f3 th\u1ec3 s\u1eed d\u1ee5ng l\u00ean \u0111\u1ebfn 10 n\u0103m.<\/p>\n\t<div id=\"gap-793349554\" class=\"gap-element clearfix\" style=\"display:block; height:auto;\">\n\t\t\n<style>\n#gap-793349554 {\n  padding-top: 20px;\n}\n@media (min-width:550px) {\n  #gap-793349554 {\n    padding-top: 20px;\n  }\n}\n<\/style>\n\t<\/div>\n\t\n\t\t<\/div>\n\t\t\t\t\t<\/div>\n\n\t\n<\/div>\n            \n\t\t<\/div>\n\n\t\t\n<style>\n#section_2049961872 {\n  padding-top: 10px;\n  padding-bottom: 10px;\n  min-height: 209px;\n  background-color: rgb(239, 242, 237);\n}\n@media (min-width:550px) {\n  #section_2049961872 {\n    min-height: 462px;\n  }\n}\n<\/style>\n\t<\/section>\n\t\n\t<section class=\"section\" id=\"section_576452316\">\n\t\t<div class=\"bg section-bg fill bg-fill  bg-loaded\" >\n\n\t\t\t\n\t\t\t\n\t\t\t\n\n\t\t<\/div>\n\n\t\t\n\n\t\t<div class=\"section-content relative\">\n\t\t\t\n<div class=\"row align-middle\"  id=\"row-2054968941\">\n\n\t<div id=\"col-1649902719\" class=\"col pb-0 small-12 large-12\"  >\n\t\t\t\t<div class=\"col-inner\"  >\n\t\t\t\n\t\t\t\n\t<div id=\"text-1854660984\" class=\"text\">\n\t\t\n<h2 class=\"heading-title heading-arrow-left mb-0\">Th\u00f4ng s\u1ed1 k\u1ef9 thu\u1eadt<\/h2>\n\t\t\n<style>\n#text-1854660984 {\n  font-size: 1.25rem;\n  color: rgb(77, 190, 238);\n}\n#text-1854660984 > * {\n  color: rgb(77, 190, 238);\n}\n<\/style>\n\t<\/div>\n\t\n\t<div id=\"gap-1771471515\" class=\"gap-element clearfix\" style=\"display:block; height:auto;\">\n\t\t\n<style>\n#gap-1771471515 {\n  padding-top: 30px;\n}\n<\/style>\n\t<\/div>\n\t\n<ul>\n<li>K\u1ebft n\u1ed1i: ren ngo\u00e0i 5\/8&#8243; (17mm)<\/li>\n<li>L\u01b0u l\u01b0\u1ee3ng b\u00e9c b\u00f9 \u00e1p: 30, 50, 80, 100 l\u00edt\/gi\u1edd<\/li>\n<li>B\u00e1n k\u00ednh t\u01b0\u1edbi (c\u00f3 ch\u1ee9c n\u0103ng ch\u1eb7n b\u00e1n k\u00ednh): 1m &#8211; 4.5m<\/li>\n<\/ul>\n\t\t<\/div>\n\t\t\t\t\t<\/div>\n\n\t\n<\/div>\n\t\t<\/div>\n\n\t\t\n<style>\n#section_576452316 {\n  padding-top: 30px;\n  padding-bottom: 30px;\n}\n<\/style>\n\t<\/section>\n\t\n<div class=\"is-divider divider clearfix\" style=\"max-width:100%;height:30px;background-color:rgb(242, 242, 242);\"><\/div>\n\t<section class=\"section\" id=\"section_400109920\">\n\t\t<div class=\"bg section-bg fill bg-fill  bg-loaded\" >\n\n\t\t\t\n\t\t\t\n\t\t\t\n\n\t\t<\/div>\n\n\t\t\n\n\t\t<div class=\"section-content relative\">\n\t\t\t\n<div class=\"row align-middle\"  id=\"row-1814719640\">\n\n\t<div id=\"col-607387766\" class=\"col pb-0 small-12 large-12\"  >\n\t\t\t\t<div class=\"col-inner\"  >\n\t\t\t\n\t\t\t\n\t<div id=\"text-2899566512\" class=\"text\">\n\t\t\n<h2 class=\"heading-title heading-arrow-left mb-0\">T\u1ea1i sao n\u00ean ch\u1ecdn b\u00e9c t\u01b0\u1edbi Driptec<\/h2>\n\t\t\n<style>\n#text-2899566512 {\n  font-size: 1.25rem;\n  color: rgb(77, 190, 238);\n}\n#text-2899566512 > * {\n  color: rgb(77, 190, 238);\n}\n<\/style>\n\t<\/div>\n\t\n\t<div id=\"gap-2050835570\" class=\"gap-element clearfix\" style=\"display:block; height:auto;\">\n\t\t\n<style>\n#gap-2050835570 {\n  padding-top: 30px;\n}\n<\/style>\n\t<\/div>\n\t\n<ul>\n<li>\u0110a ch\u1ee9c n\u0103ng: B\u00f9 \u00e1p, \u0111i\u1ec1u ch\u1ec9nh b\u00e1n k\u00ednh, ch\u1ed1ng c\u00f4n tr\u00f9ng x\u00e2m nh\u1eadp<\/li>\n<li>Ch\u1ea5t li\u1ec7u nh\u1ef1a k\u1ef9 thu\u1eadt nguy\u00ean sinh cao c\u1ea5p, tr\u00ean d\u00e2y chuy\u1ec1n m\u00e1y m\u00f3c hi\u1ec7n \u0111\u1ea1i<\/li>\n<li>S\u1ea3n ph\u1ea9m b\u1ec1n, ho\u1ea1t \u0111\u1ed9ng \u1ed5n \u0111\u1ecbnh<\/li>\n<li>\u0110\u1ed3ng \u0111\u1ec1u cao<\/li>\n<li>\u0110a d\u1ea1ng \u1ee9ng d\u1ee5ng: c\u00e2y \u0103n tr\u00e1i, \u0111\u1ea5t d\u1ed1c, d\u1ef1 \u00e1n quy m\u00f4 l\u1edbn, kh\u1eafc khe cao v\u1ec1 t\u00ednh ch\u00ednh x\u00e1c<\/li>\n<\/ul>\n\t\t<\/div>\n\t\t\t\t\t<\/div>\n\n\t\n<\/div>\n\t\t<\/div>\n\n\t\t\n<style>\n#section_400109920 {\n  padding-top: 30px;\n  padding-bottom: 30px;\n}\n<\/style>\n\t<\/section>\n\t\n<div class=\"is-divider divider clearfix\" style=\"max-width:100%;height:30px;background-color:rgb(242, 242, 242);\"><\/div>\n\t<section class=\"section\" id=\"section_425814084\">\n\t\t<div class=\"bg section-bg fill bg-fill  bg-loaded\" >\n\n\t\t\t\n\t\t\t\n\t\t\t\n\n\t\t<\/div>\n\n\t\t\n\n\t\t<div class=\"section-content relative\">\n\t\t\t\n<div class=\"row align-middle\"  id=\"row-1913235539\">\n\n\t<div id=\"col-620034513\" class=\"col pb-0 small-12 large-12\"  >\n\t\t\t\t<div class=\"col-inner\"  >\n\t\t\t\n\t\t\t\n\t<div id=\"text-3396063167\" class=\"text\">\n\t\t\n<h2 class=\"heading-title heading-arrow-left mb-0\">\u1ee8ng d\u1ee5ng c\u01a1 b\u1ea3n<\/h2>\n\t\t\n<style>\n#text-3396063167 {\n  font-size: 1.25rem;\n  color: rgb(77, 190, 238);\n}\n#text-3396063167 > * {\n  color: rgb(77, 190, 238);\n}\n<\/style>\n\t<\/div>\n\t\n\t<div id=\"gap-667242908\" class=\"gap-element clearfix\" style=\"display:block; height:auto;\">\n\t\t\n<style>\n#gap-667242908 {\n  padding-top: 30px;\n}\n<\/style>\n\t<\/div>\n\t\n\t\t<\/div>\n\t\t\t\t\t<\/div>\n\n\t\n\n\t<div id=\"col-851232029\" class=\"col pb-0 medium-4 small-12 large-4\"  >\n\t\t\t\t<div class=\"col-inner\"  >\n\t\t\t\n\t\t\t\n\t<div class=\"img has-hover x md-x lg-x y md-y lg-y\" id=\"image_874914039\">\n\t\t\t\t\t\t\t\t<div class=\"img-inner dark\" >\n\t\t\t<img decoding=\"async\" width=\"1020\" height=\"574\" src=\"https:\/\/driptec.com\/wp-content\/uploads\/2024\/02\/For-Fruit-tree-Canopy-Irrigation-1400x788.jpg\" class=\"attachment-large size-large\" alt=\"For Fruit tree Canopy Irrigation\" srcset=\"https:\/\/driptec.com\/wp-content\/uploads\/2024\/02\/For-Fruit-tree-Canopy-Irrigation-1400x788.jpg 1400w, https:\/\/driptec.com\/wp-content\/uploads\/2024\/02\/For-Fruit-tree-Canopy-Irrigation-711x400.jpg 711w, https:\/\/driptec.com\/wp-content\/uploads\/2024\/02\/For-Fruit-tree-Canopy-Irrigation-768x432.jpg 768w, https:\/\/driptec.com\/wp-content\/uploads\/2024\/02\/For-Fruit-tree-Canopy-Irrigation-1536x864.jpg 1536w, https:\/\/driptec.com\/wp-content\/uploads\/2024\/02\/For-Fruit-tree-Canopy-Irrigation.jpg 1920w\" sizes=\"(max-width: 1020px) 100vw, 1020px\" \/>\t\t\t\t\t\t\n\t\t\t\t\t<\/div>\n\t\t\t\t\t\t\t\t\n<style>\n#image_874914039 {\n  width: 100%;\n}\n<\/style>\n\t<\/div>\n\t\n<p><strong>T\u01b0\u1edbi d\u01b0\u1edbi g\u1ed1c<\/strong><\/p>\n<p>T\u01b0\u1edbi d\u01b0\u1edbi t\u00e1n c\u00e2y \u0111\u00f2i h\u1ecfi m\u1ed9t \u0111\u1ea7u phun linh ho\u1ea1t c\u00f3 kh\u1ea3 n\u0103ng \u0111i\u1ec1u ch\u1ec9nh b\u00e1n k\u00ednh. Khi m\u1edbi tr\u1ed3ng c\u00e2y ch\u1ec9 c\u1ea7n b\u00e1n k\u00ednh t\u01b0\u1edbi d\u01b0\u1edbi 1m, sau 1-3 n\u0103m b\u00e1n k\u00ednh t\u01b0\u1edbi c\u00f3 th\u1ec3 \u0111\u1ea1t 3-4m.<\/p>\n\t\t<\/div>\n\t\t\t\t\t<\/div>\n\n\t\n\n\t<div id=\"col-1920437501\" class=\"col pb-0 medium-4 small-12 large-4\"  >\n\t\t\t\t<div class=\"col-inner\"  >\n\t\t\t\n\t\t\t\n\t<div class=\"img has-hover x md-x lg-x y md-y lg-y\" id=\"image_1051253890\">\n\t\t\t\t\t\t\t\t<div class=\"img-inner dark\" >\n\t\t\t<img decoding=\"async\" width=\"1020\" height=\"575\" src=\"https:\/\/driptec.com\/wp-content\/uploads\/2024\/02\/For-Hill-area-irrigation-1400x789.jpg\" class=\"attachment-large size-large\" alt=\"\" srcset=\"https:\/\/driptec.com\/wp-content\/uploads\/2024\/02\/For-Hill-area-irrigation-1400x789.jpg 1400w, https:\/\/driptec.com\/wp-content\/uploads\/2024\/02\/For-Hill-area-irrigation-710x400.jpg 710w, https:\/\/driptec.com\/wp-content\/uploads\/2024\/02\/For-Hill-area-irrigation-768x433.jpg 768w, https:\/\/driptec.com\/wp-content\/uploads\/2024\/02\/For-Hill-area-irrigation-1536x865.jpg 1536w, https:\/\/driptec.com\/wp-content\/uploads\/2024\/02\/For-Hill-area-irrigation.jpg 1921w\" sizes=\"(max-width: 1020px) 100vw, 1020px\" \/>\t\t\t\t\t\t\n\t\t\t\t\t<\/div>\n\t\t\t\t\t\t\t\t\n<style>\n#image_1051253890 {\n  width: 100%;\n}\n<\/style>\n\t<\/div>\n\t\n<p><strong>T\u01b0\u1edbi \u0111\u1ea5t \u0111\u1ed3i d\u1ed1c<\/strong><\/p>\n<p>V\u1edbi t\u00ednh n\u0103ng b\u00f9 \u00e1p, \u0111\u1ea7u t\u01b0\u1edbi Driptec l\u00e0 \u00fd t\u01b0\u1edfng tuy\u1ec7t v\u1eddi khi \u00e1p d\u1ee5ng m\u00f4 h\u00ecnh t\u01b0\u1edbi tr\u00ean \u0111\u1ea5t d\u1ed1c. V\u1edbi kh\u1ea3 n\u0103ng t\u1ef1 b\u00f9 \u00e1p su\u1ea5t, t\u00ednh \u0111\u1ed3ng nh\u1ea5t \u0111\u01b0\u1ee3c duy tr\u00ec khi c\u00f3 s\u1ef1 kh\u00e1c bi\u1ec7t v\u1ec1 \u0111\u1ed9 cao v\u00e0 \u00e1p su\u1ea5t.<\/p>\n\t\t<\/div>\n\t\t\t\t\t<\/div>\n\n\t\n\n\t<div id=\"col-1341735713\" class=\"col pb-0 medium-4 small-12 large-4\"  >\n\t\t\t\t<div class=\"col-inner\"  >\n\t\t\t\n\t\t\t\n\t<div class=\"img has-hover x md-x lg-x y md-y lg-y\" id=\"image_1645990467\">\n\t\t\t\t\t\t\t\t<div class=\"img-inner dark\" >\n\t\t\t<img decoding=\"async\" width=\"1020\" height=\"574\" src=\"https:\/\/driptec.com\/wp-content\/uploads\/2024\/02\/Big-farm-project-1400x788.jpg\" class=\"attachment-large size-large\" alt=\"Big farm project\" srcset=\"https:\/\/driptec.com\/wp-content\/uploads\/2024\/02\/Big-farm-project-1400x788.jpg 1400w, https:\/\/driptec.com\/wp-content\/uploads\/2024\/02\/Big-farm-project-711x400.jpg 711w, https:\/\/driptec.com\/wp-content\/uploads\/2024\/02\/Big-farm-project-768x432.jpg 768w, https:\/\/driptec.com\/wp-content\/uploads\/2024\/02\/Big-farm-project-1536x864.jpg 1536w, https:\/\/driptec.com\/wp-content\/uploads\/2024\/02\/Big-farm-project.jpg 1920w\" sizes=\"(max-width: 1020px) 100vw, 1020px\" \/>\t\t\t\t\t\t\n\t\t\t\t\t<\/div>\n\t\t\t\t\t\t\t\t\n<style>\n#image_1645990467 {\n  width: 100%;\n}\n<\/style>\n\t<\/div>\n\t\n<p><strong>T\u01b0\u1edbi d\u1ef1 \u00e1n l\u1edbn<\/strong><\/p>\n<p>C\u00e1c d\u1ef1 \u00e1n t\u01b0\u1edbi l\u1edbn th\u01b0\u1eddng c\u00f3 th\u1ec3 c\u00f3 ch\u00eanh l\u1ec7ch \u00e1p su\u1ea5t l\u1edbn gi\u1eefa c\u00e1c v\u1ecb tr\u00ed t\u01b0\u1edbi kh\u00e1c nhau. \u0110\u1ea7u t\u01b0\u1edbi b\u00f9 \u00e1p Driptec c\u00f3 th\u1ec3 lo\u1ea1i b\u1ecf \u1ea3nh h\u01b0\u1edfng c\u1ee7a s\u1ef1 kh\u00e1c bi\u1ec7t v\u1ec1 b\u00e1n k\u00ednh v\u00e0 l\u01b0u l\u01b0\u1ee3ng n\u01b0\u1edbc t\u01b0\u1edbi.<\/p>\n\t\t<\/div>\n\t\t\t\t\t<\/div>\n\n\t\n<\/div>\n\t\t<\/div>\n\n\t\t\n<style>\n#section_425814084 {\n  padding-top: 0px;\n  padding-bottom: 0px;\n}\n<\/style>\n\t<\/section>\n\t\n<div class=\"is-divider divider clearfix\" style=\"max-width:100%;height:30px;background-color:rgb(242, 242, 242);\"><\/div>\n\t<section class=\"section\" id=\"section_1116933794\">\n\t\t<div class=\"bg section-bg fill bg-fill  bg-loaded\" >\n\n\t\t\t\n\t\t\t\n\t\t\t\n\n\t\t<\/div>\n\n\t\t\n\n\t\t<div class=\"section-content relative\">\n\t\t\t\n<div class=\"row align-equal\"  id=\"row-420602280\">\n\n\t<div id=\"col-1193183287\" class=\"col pb-0 small-12 large-12\"  >\n\t\t\t\t<div class=\"col-inner text-center\"  >\n\t\t\t\n\t\t\t\n\t<div id=\"text-2203411739\" class=\"text\">\n\t\t\n<h2 class=\"heading-title heading-arrow-left mb-0\">T\u1ea3i v\u1ec1<\/h2>\n\t\t\n<style>\n#text-2203411739 {\n  font-size: 1.25rem;\n  text-align: left;\n  color: rgb(77, 190, 238);\n}\n#text-2203411739 > * {\n  color: rgb(77, 190, 238);\n}\n<\/style>\n\t<\/div>\n\t\n\t<div id=\"gap-1451546762\" class=\"gap-element clearfix\" style=\"display:block; height:auto;\">\n\t\t\n<style>\n#gap-1451546762 {\n  padding-top: 30px;\n}\n<\/style>\n\t<\/div>\n\t\n\t\t<\/div>\n\t\t\t\t\t<\/div>\n\n\t\n\n\t<div id=\"col-291785835\" class=\"col pb-0 medium-6 small-12 large-6\"  >\n\t\t\t\t<div class=\"col-inner text-center\"  >\n\t\t\t\n\t\t\t\n\t<div id=\"text-1893025216\" class=\"text\">\n\t\t\n<p><strong>Brochure s\u1ea3n ph\u1ea9m<\/strong><\/p>\n<ul>\n<li><a href=\"https:\/\/drive.google.com\/file\/d\/1AxIy38TQQRjOKIw3a9F0mULFEBC2VHmr\/view?usp=drive_link\" target=\"_blank\" rel=\"nofollow noopener\">B\u00e9c t\u01b0\u1edbi Driptec DR09<\/a><\/li>\n<\/ul>\n\t\t\n<style>\n#text-1893025216 {\n  text-align: left;\n}\n<\/style>\n\t<\/div>\n\t\n\t\t<\/div>\n\t\t\t\t\t<\/div>\n\n\t\n\n\t<div id=\"col-910493493\" class=\"col pb-0 medium-6 small-12 large-6\"  >\n\t\t\t\t<div class=\"col-inner text-center\"  >\n\t\t\t\n\t\t\t\n\t<div id=\"text-478601193\" class=\"text\">\n\t\t\n<p><strong>S\u1ea3n ph\u1ea9m li\u00ean quan<\/strong><\/p>\n<ul>\n<li><a href=\"https:\/\/driptec.com\/vi\/product\/bec-tuoi-driptec-dr07\/\" target=\"_blank\" rel=\"noopener\">B\u00e9c t\u01b0\u1edbi Driptec DR07<\/a><\/li>\n<\/ul>\n\t\t\n<style>\n#text-478601193 {\n  text-align: left;\n}\n<\/style>\n\t<\/div>\n\t\n\t\t<\/div>\n\t\t\t\t\t<\/div>\n\n\t\n<\/div>\n\t\t<\/div>\n\n\t\t\n<style>\n#section_1116933794 {\n  padding-top: 0px;\n  padding-bottom: 0px;\n}\n<\/style>\n\t<\/section>\n\t\n<div class=\"is-divider divider clearfix\" style=\"max-width:100%;height:30px;background-color:rgb(242, 242, 242);\"><\/div>\n\t<section class=\"section\" id=\"section_826507777\">\n\t\t<div class=\"bg section-bg fill bg-fill  bg-loaded\" >\n\n\t\t\t\n\t\t\t\n\t\t\t\n\n\t\t<\/div>\n\n\t\t\n\n\t\t<div class=\"section-content relative\">\n\t\t\t\n<div class=\"row align-middle\"  id=\"row-1115030846\">\n\n\t<div id=\"col-1899810222\" class=\"col pb-0 medium-6 small-12 large-6\"  >\n\t\t\t\t<div class=\"col-inner\"  >\n\t\t\t\n\t\t\t\n\t<div id=\"text-2236621459\" class=\"text\">\n\t\t\n<p class=\"heading-title heading-arrow-left mb-0\">\u0110i\u1ec3m mua h\u00e0ng<\/p>\n\t\t\n<style>\n#text-2236621459 {\n  font-size: 1.25rem;\n  color: rgb(77, 190, 238);\n}\n#text-2236621459 > * {\n  color: rgb(77, 190, 238);\n}\n<\/style>\n\t<\/div>\n\t\n\t\t<\/div>\n\t\t\t\t\t<\/div>\n\n\t\n\n\t<div id=\"col-1824917555\" class=\"col pb-0 medium-6 small-12 large-6\"  >\n\t\t\t\t<div class=\"col-inner\"  >\n\t\t\t\n\t\t\t\n\t<div id=\"gap-1022593529\" class=\"gap-element clearfix\" style=\"display:block; height:auto;\">\n\t\t\n<style>\n#gap-1022593529 {\n  padding-top: 20px;\n}\n@media (min-width:550px) {\n  #gap-1022593529 {\n    padding-top: 0px;\n  }\n}\n<\/style>\n\t<\/div>\n\t\n\t\t<\/div>\n\t\t\t\t\t<\/div>\n\n\t\n\n\t<div id=\"col-332058137\" class=\"col pb-0 small-12 large-12\"  >\n\t\t\t\t<div class=\"col-inner\" style=\"background-color:rgb(114, 147, 101);\" >\n\t\t\t\n\t\t\t\n\n            <div \n                class=\"elfsight-widget-google-maps elfsight-widget\" \n                data-elfsight-google-maps-options=\"%7B%22categoriesEnabled%22%3Atrue%2C%22categories%22%3A%5B%5D%2C%22icons%22%3A%5B%5D%2C%22lang%22%3A%22en%22%2C%22distanceUnits%22%3A%22mi%22%2C%22markers%22%3A%5B%7B%22position%22%3A%22Khu%20Bi%5Cu1ec7t%20Th%5Cu1ef1%20Ng%5Cu00e2n%20Long%2C%20Ph%5Cu01b0%5Cu1edbc%20Ki%5Cu1ec3n%2C%20Nh%5Cu00e0%20B%5Cu00e8%2C%20H%5Cu1ed3%20Ch%5Cu00ed%20Minh%2070000%2C%20Vietnam%22%2C%22coordinates%22%3A%2210.7198984%2C%20106.702539%22%2C%22infoTitle%22%3A%22Driptec%22%2C%22category%22%3A%22%22%2C%22icon%22%3A%22%22%2C%22infoDescription%22%3A%22Driptec%20irrigation%20manufacturer.%20We%20are%20one%20of%20the%20leading%20company%20in%20Drip%20and%20sprinkler%20irrigation%20OEM%20manufacturer.%3Cbr%3E%22%2C%22infoImage%22%3A%7B%22name%22%3A%22%22%2C%22url%22%3A%22%22%7D%2C%22infoAddress%22%3A%22%22%2C%22infoSite%22%3A%22Driptec.com%22%2C%22infoPhone%22%3A%22%2B84-0983230879%22%2C%22infoEmail%22%3A%22info%40driptec.com%22%2C%22infoWorkingHours%22%3A%22%22%2C%22markerClickAction%22%3A%22infoWindow%22%2C%22infoWindowOpenedByDefault%22%3Afalse%2C%22linkUrl%22%3A%22%22%2C%22animation%22%3A%22none%22%7D%5D%2C%22mapType%22%3A%22roadmap%22%2C%22center%22%3A%22auto%22%2C%22zoom%22%3A%22auto%22%2C%22controls%22%3A%5B%22zoom%22%2C%22mapType%22%2C%22scale%22%2C%22streetView%22%2C%22rotate%22%2C%22fullScreen%22%5D%2C%22markerClusterEnabled%22%3Atrue%2C%22markerClusterZoom%22%3Atrue%2C%22markerClusterMin%22%3A2%2C%22markerClusterIcon%22%3A%22default%22%2C%22markerClusterIconColor%22%3A%22%22%2C%22markerClusterIconUrl%22%3Anull%2C%22markerClusterSize%22%3A52%2C%22infoDirections%22%3Atrue%2C%22directionsTarget%22%3A%22inline%22%2C%22scrollwheel%22%3Afalse%2C%22draggable%22%3Atrue%2C%22layers%22%3A%5B%5D%2C%22width%22%3A%22auto%22%2C%22height%22%3A%22700%22%2C%22panelEnabled%22%3Atrue%2C%22panelOpenByDefault%22%3Atrue%2C%22panelSearchVisible%22%3Atrue%2C%22panelSearchBy%22%3A%22markers%22%2C%22panelSearchPlaceholder%22%3A%22%22%2C%22panelListItemElements%22%3A%5B%22title%22%2C%22category%22%2C%22image%22%2C%22address%22%2C%22phone%22%2C%22workingHours%22%5D%2C%22mainColor%22%3A%22rgb%2866%2C%20133%2C%20244%29%22%2C%22style%22%3A%22default%22%2C%22colorGeometry%22%3A%22%22%2C%22colorLabelsTextFill%22%3A%22%22%2C%22colorLabelsTextStroke%22%3A%22%22%2C%22colorAdministrativeGeometryStroke%22%3A%22%22%2C%22colorAdministrativeLandParcel%22%3A%22%22%2C%22colorLandscapeNaturalGeometry%22%3A%22%22%2C%22colorPoiGeometry%22%3A%22%22%2C%22colorPoiLabelsTextFill%22%3A%22%22%2C%22colorPoiParkGeometryFill%22%3A%22%22%2C%22colorPoiParkLabelsTextFill%22%3A%22%22%2C%22colorRoadGeometry%22%3A%22%22%2C%22colorRoadArterial%22%3A%22%22%2C%22colorRoadHighway%22%3A%22%22%2C%22colorRoadHighwayGeometryStroke%22%3A%22%22%2C%22colorRoadHighwayControlledAccessGeometry%22%3A%22%22%2C%22colorRoadHighwayControlledAccessGeometryStroke%22%3A%22%22%2C%22colorRoadLocalLabelsTextFill%22%3A%22%22%2C%22colorTransitLineGeometry%22%3A%22%22%2C%22colorTransitLineLabelsTextFill%22%3A%22%22%2C%22colorTransitLineLabelsTextStroke%22%3A%22%22%2C%22colorTransitStationGeometry%22%3A%22%22%2C%22colorWaterGeometryFill%22%3A%22%22%2C%22colorWaterLabelTextFill%22%3A%22%22%2C%22customGoogleMapsStyles%22%3A%22%22%2C%22apiKey%22%3A%22AIzaSyDK49f6N1nj9bVULgfB2YZCRPtDrvOUh2E%22%2C%22widgetId%22%3A%221%22%7D\" \n                data-elfsight-google-maps-version=\"2.4.2\"\n                data-elfsight-widget-id=\"elfsight-google-maps-1\">\n            <\/div>\n            \n\t\t<\/div>\n\t\t\t\t\n<style>\n#col-332058137 > .col-inner {\n  padding: 10px 10px 10px 10px;\n  margin: 10px 10px 10px 10px;\n  border-radius: 8px;\n}\n<\/style>\n\t<\/div>\n\n\t\n<\/div>\n\t\t<\/div>\n\n\t\t\n<style>\n#section_826507777 {\n  padding-top: 0px;\n  padding-bottom: 0px;\n}\n<\/style>\n\t<\/section>\n\t<\/div>\n","protected":false},"excerpt":{"rendered":"<p>\u0110\u1ea7u phun m\u01b0a Micro Driptec \u0111\u01b0\u1ee3c s\u1ea3n xu\u1ea5t chuy\u00ean d\u1ee5ng t\u01b0\u1edbi d\u01b0\u1edbi t\u00e1n c\u00e2y \u0103n tr\u00e1i, v\u00f9ng \u0111\u1ed3i n\u00fai d\u1ed1c v\u00e0 c\u00e1c d\u1ef1 \u00e1n t\u01b0\u1edbi l\u1edbn, y\u00eau c\u1ea7u \u0111\u1ed9 b\u1ec1n cao..<\/p>\n","protected":false},"author":2,"featured_media":807,"menu_order":0,"template":"","format":"standard","product-category":[34],"class_list":["post-806","product","type-product","status-publish","format-standard","has-post-thumbnail","hentry","product-category-tuoi-phun-mua"],"acf":[],"_links":{"self":[{"href":"https:\/\/driptec.com\/vi\/wp-json\/wp\/v2\/product\/806","targetHints":{"allow":["GET"]}}],"collection":[{"href":"https:\/\/driptec.com\/vi\/wp-json\/wp\/v2\/product"}],"about":[{"href":"https:\/\/driptec.com\/vi\/wp-json\/wp\/v2\/types\/product"}],"author":[{"embeddable":true,"href":"https:\/\/driptec.com\/vi\/wp-json\/wp\/v2\/users\/2"}],"version-history":[{"count":15,"href":"https:\/\/driptec.com\/vi\/wp-json\/wp\/v2\/product\/806\/revisions"}],"predecessor-version":[{"id":1264,"href":"https:\/\/driptec.com\/vi\/wp-json\/wp\/v2\/product\/806\/revisions\/1264"}],"wp:featuredmedia":[{"embeddable":true,"href":"https:\/\/driptec.com\/vi\/wp-json\/wp\/v2\/media\/807"}],"wp:attachment":[{"href":"https:\/\/driptec.com\/vi\/wp-json\/wp\/v2\/media?parent=806"}],"wp:term":[{"taxonomy":"product-category","embeddable":true,"href":"https:\/\/driptec.com\/vi\/wp-json\/wp\/v2\/product-category?post=806"}],"curies":[{"name":"wp","href":"https:\/\/api.w.org\/{rel}","templated":true}]}}