{"id":826,"date":"2024-06-16T17:03:40","date_gmt":"2024-06-16T10:03:40","guid":{"rendered":"https:\/\/driptec.com\/?post_type=product&#038;p=826"},"modified":"2025-05-31T12:06:32","modified_gmt":"2025-05-31T05:06:32","slug":"ong-driptec-drip-tube","status":"publish","type":"product","link":"https:\/\/driptec.com\/vi\/product\/ong-driptec-drip-tube\/","title":{"rendered":"\u1ed0ng Driptec Drip Tube"},"content":{"rendered":"<p style=\"text-align: justify;\">\n\t<section class=\"section\" id=\"section_291976589\">\n\t\t<div class=\"bg section-bg fill bg-fill  bg-loaded\" >\n\n\t\t\t\n\t\t\t\n\t\t\t\n\n\t\t<\/div>\n\n\t\t\n\n\t\t<div class=\"section-content relative\">\n\t\t\t\n<p style=\"text-align: justify;\">\n<div class=\"row row-large align-middle align-center\"  id=\"row-122590747\">\n<p style=\"text-align: justify;\">\n\n\t<div id=\"col-55016559\" class=\"col medium-5 small-12 large-5 small-col-first\"  >\n\t\t\t\t<div class=\"col-inner text-center dark\"  >\n\t\t\t\n\t\t\t\n<p style=\"text-align: justify;\">\n\t<div class=\"img has-hover x md-x lg-x y md-y lg-y\" id=\"image_1807109969\">\n\t\t\t\t\t\t\t\t<div class=\"img-inner dark\" >\n\t\t\t\t\t\t\t\t\t\n\t\t\t\t\t<\/div>\n\t\t\t\t\t\t\t\t\n<style>\n#image_1807109969 {\n  width: 100%;\n}\n<\/style>\n\t<\/div>\n\t\n<p style=\"text-align: justify;\">\n\t<div class=\"img has-hover x md-x lg-x y md-y lg-y\" id=\"image_325714759\">\n\t\t\t\t\t\t\t\t<div class=\"img-inner dark\" >\n\t\t\t<img decoding=\"async\" width=\"800\" height=\"800\" src=\"https:\/\/driptec.com\/wp-content\/uploads\/2024\/06\/Drip-tube-png-800x800.png\" class=\"attachment-large size-large\" alt=\"Drip tube png\" srcset=\"https:\/\/driptec.com\/wp-content\/uploads\/2024\/06\/Drip-tube-png-800x800.png 800w, https:\/\/driptec.com\/wp-content\/uploads\/2024\/06\/Drip-tube-png-400x400.png 400w, https:\/\/driptec.com\/wp-content\/uploads\/2024\/06\/Drip-tube-png-280x280.png 280w, https:\/\/driptec.com\/wp-content\/uploads\/2024\/06\/Drip-tube-png-768x768.png 768w, https:\/\/driptec.com\/wp-content\/uploads\/2024\/06\/Drip-tube-png.png 1400w\" sizes=\"(max-width: 800px) 100vw, 800px\" \/>\t\t\t\t\t\t\n\t\t\t\t\t<\/div>\n\t\t\t\t\t\t\t\t\n<style>\n#image_325714759 {\n  width: 100%;\n}\n<\/style>\n\t<\/div>\n\t\n<p style=\"text-align: justify;\">\n\t\t<\/div>\n\t\t\t\t\t<\/div>\n\n\t\n\n\t<div id=\"col-1958531327\" class=\"col medium-7 small-12 large-7\"  >\n\t\t\t\t<div class=\"col-inner\"  >\n\t\t\t\n\t\t\t\n<p style=\"text-align: justify;\">\n\t<div id=\"text-147000437\" class=\"text\">\n\t\t\n<h1 class=\"heading-slide\" style=\"text-align: justify;\">\u1ed0ng Driptec Drip Tube<\/h1>\n<p style=\"text-align: justify;\">\n\t\t\n<style>\n#text-147000437 {\n  font-size: 2.2rem;\n  text-align: center;\n  color: #4dbeee;\n}\n#text-147000437 > * {\n  color: #4dbeee;\n}\n@media (min-width:550px) {\n  #text-147000437 {\n    text-align: left;\n  }\n}\n<\/style>\n\t<\/div>\n\t\n\t<div id=\"gap-1649047579\" class=\"gap-element clearfix\" style=\"display:block; height:auto;\">\n\t\t\n<style>\n#gap-1649047579 {\n  padding-top: 20px;\n}\n@media (min-width:550px) {\n  #gap-1649047579 {\n    padding-top: 20px;\n  }\n}\n<\/style>\n\t<\/div>\n\t\n<p style=\"text-align: justify;\" data-start=\"129\" data-end=\"293\"><strong data-start=\"129\" data-end=\"154\">\u1ed0ng Driptec Drip Tube<\/strong> \u0111\u01b0\u1ee3c s\u1ea3n xu\u1ea5t t\u1eeb <strong data-start=\"172\" data-end=\"212\">100% nh\u1ef1a nguy\u00ean sinh ch\u1ea5t l\u01b0\u1ee3ng cao<\/strong>, \u0111\u1ea3m b\u1ea3o \u0111\u1ed9 b\u1ec1n, \u1ed5n \u0111\u1ecbnh v\u00e0 d\u1ec5 d\u00e0ng l\u1eafp \u0111\u1eb7t tr\u00ean m\u1ecdi \u0111\u1ecba h\u00ecnh v\u00e0 lo\u1ea1i c\u00e2y tr\u1ed3ng.<\/p>\n<h3 style=\"text-align: justify;\">Th\u00f4ng tin chung<\/h3>\n<ul style=\"text-align: justify;\">\n<li data-start=\"316\" data-end=\"380\">\n<p data-start=\"318\" data-end=\"380\"><strong data-start=\"318\" data-end=\"341\">K\u00edch th\u01b0\u1edbc ph\u1ed5 bi\u1ebfn<\/strong>: <span class=\"relative -mx-px my-&#091;-0.2rem&#093; rounded px-px py-&#091;0.2rem&#093; transition-colors duration-100 ease-in-out\">16mm, 20mm, 25mm, 32mm<\/span><\/p>\n<\/li>\n<li data-start=\"381\" data-end=\"432\">\n<p data-start=\"383\" data-end=\"432\"><strong data-start=\"383\" data-end=\"393\">\u0110\u1ed9 d\u00e0y<\/strong>: <span class=\"relative -mx-px my-&#091;-0.2rem&#093; rounded px-px py-&#091;0.2rem&#093; transition-colors duration-100 ease-in-out\">1.0mm, 1.2mm v\u00e0 1.5mm<\/span><\/p>\n<\/li>\n<li data-start=\"433\" data-end=\"487\">\n<p data-start=\"435\" data-end=\"487\"><strong data-start=\"435\" data-end=\"448\">Ch\u1ea5t li\u1ec7u<\/strong>: <span class=\"relative -mx-px my-&#091;-0.2rem&#093; rounded px-px py-&#091;0.2rem&#093; transition-colors duration-100 ease-in-out\">100% nh\u1ef1a PE nguy\u00ean sinh ch\u1ea5t l\u01b0\u1ee3ng cao<\/span><\/p>\n<\/li>\n<li data-start=\"488\" data-end=\"589\">\n<p data-start=\"490\" data-end=\"589\"><strong data-start=\"490\" data-end=\"509\">D\u1ec5 d\u00e0ng l\u1eafp \u0111\u1eb7t<\/strong>: <span class=\"relative -mx-px my-&#091;-0.2rem&#093; rounded px-px py-&#091;0.2rem&#093; transition-colors duration-100 ease-in-out\">D\u1ec5 d\u00e0ng ch\u00e8n \u0111\u1ea7u nh\u1ecf gi\u1ecdt v\u00e0\/ho\u1eb7c ph\u1ee5 ki\u1ec7n<\/span><\/p>\n<\/li>\n<\/ul>\n<p style=\"text-align: justify;\">\n\t<div id=\"gap-87266913\" class=\"gap-element clearfix\" style=\"display:block; height:auto;\">\n\t\t\n<style>\n#gap-87266913 {\n  padding-top: 20px;\n}\n@media (min-width:550px) {\n  #gap-87266913 {\n    padding-top: 20px;\n  }\n}\n<\/style>\n\t<\/div>\n\t\n<p style=\"text-align: justify;\">\n\t\t<\/div>\n\t\t\t\t\t<\/div>\n\n\t\n<\/p>\n<p style=\"text-align: justify;\">\n<\/div>\n<div class=\"row\"  id=\"row-1753475559\">\n<p style=\"text-align: justify;\">\n\n\t<div id=\"col-324738096\" class=\"col medium-3 small-6 large-3\"  >\n\t\t\t\t<div class=\"col-inner\"  >\n\t\t\t\n\t\t\t\n<p style=\"text-align: justify;\">\n\t<div id=\"text-1408607482\" class=\"text product-spec-list\">\n\t\t\n<p style=\"text-align: justify;\"><strong>Tu\u1ed5i th\u1ecd s\u1ea3n ph\u1ea9m<\/strong><\/p>\n<ul style=\"text-align: justify;\">\n<li>tr\u00ean 10 n\u0103m<\/li>\n<\/ul>\n<p style=\"text-align: justify;\">\u00a0<\/p>\n\t\t\t<\/div>\n\t\n<\/p>\n<p style=\"text-align: justify;\">\n\t\t<\/div>\n\t\t\t\t\t<\/div>\n\n\t\n\n\t<div id=\"col-1892080893\" class=\"col medium-3 small-6 large-3\"  >\n\t\t\t\t<div class=\"col-inner\"  >\n\t\t\t\n\t\t\t\n<p style=\"text-align: justify;\">\n\t<div id=\"text-3089399986\" class=\"text product-spec-list\">\n\t\t\n<p style=\"text-align: justify;\"><strong>\u1ee8ng d\u1ee5ng<\/strong><\/p>\n<ul style=\"text-align: justify;\">\n<li data-start=\"710\" data-end=\"751\">\n<p data-start=\"712\" data-end=\"751\"><span class=\"relative -mx-px my-&#091;-0.2rem&#093; rounded px-px py-&#091;0.2rem&#093; transition-colors duration-100 ease-in-out\">S\u1eed d\u1ee5ng v\u1edbi <strong data-start=\"12\" data-end=\"57\" data-is-last-node=\"\">\u0111\u1ea7u nh\u1ecf gi\u1ecdt tr\u1ef1c tuy\u1ebfn (online drippers)<\/strong><\/span><\/p>\n<\/li>\n<li data-start=\"752\" data-end=\"832\">\n<p data-start=\"754\" data-end=\"832\"><span class=\"relative -mx-px my-&#091;-0.2rem&#093; rounded px-px py-&#091;0.2rem&#093; transition-colors duration-100 ease-in-out\">\u00c1p d\u1ee5ng v\u1edbi <strong data-start=\"12\" data-end=\"56\" data-is-last-node=\"\">b\u00e9c t\u01b0\u1edbi phun m\u01b0a nh\u1ecf (micro sprinklers)<\/strong><\/span><\/p>\n<\/li>\n<\/ul>\n<p style=\"text-align: justify;\">\u00a0<\/p>\n\t\t\t<\/div>\n\t\n<\/p>\n<p style=\"text-align: justify;\">\n\t\t<\/div>\n\t\t\t\t\t<\/div>\n\n\t\n\n\t<div id=\"col-1011136893\" class=\"col medium-3 small-6 large-3\"  >\n\t\t\t\t<div class=\"col-inner\"  >\n\t\t\t\n\t\t\t\n<p style=\"text-align: justify;\">\n\t<div id=\"text-2470573376\" class=\"text product-spec-list\">\n\t\t\n<p style=\"text-align: justify;\"><strong>Lo\u1ea1i s\u1ea3n ph\u1ea9m<\/strong><\/p>\n<ul style=\"text-align: justify;\">\n<li>\u1ed0ng LDPE (Low-Density Polyethylene)<\/li>\n<\/ul>\n\t\t\t<\/div>\n\t\n<\/p>\n<p style=\"text-align: justify;\">\n\t\t<\/div>\n\t\t\t\t\t<\/div>\n\n\t\n\n\t<div id=\"col-2101341883\" class=\"col medium-3 small-6 large-3\"  >\n\t\t\t\t<div class=\"col-inner\"  >\n\t\t\t\n\t\t\t\n<p style=\"text-align: justify;\">\n\t<div id=\"text-3581541364\" class=\"text product-spec-list\">\n\t\t\n<p style=\"text-align: justify;\"><strong>\u0110i\u1ec3m n\u1ed5i b\u1eadt<\/strong><\/p>\n<ul style=\"text-align: justify;\">\n<li data-start=\"957\" data-end=\"998\">\n<p data-start=\"959\" data-end=\"998\"><span class=\"relative -mx-px my-&#091;-0.2rem&#093; rounded px-px py-&#091;0.2rem&#093; transition-colors duration-100 ease-in-out\">Linh ho\u1ea1t<\/span><\/p>\n<\/li>\n<li data-start=\"999\" data-end=\"1079\">\n<p data-start=\"1001\" data-end=\"1079\"><span class=\"relative -mx-px my-&#091;-0.2rem&#093; rounded px-px py-&#091;0.2rem&#093; transition-colors duration-100 ease-in-out\">Ch\u1ea5t l\u01b0\u1ee3ng cao<\/span><\/p>\n<\/li>\n<\/ul>\n<p style=\"text-align: justify;\">\n\t\t\t<\/div>\n\t\n<\/p>\n<p style=\"text-align: justify;\">\n\t\t<\/div>\n\t\t\t\t\t<\/div>\n\n\t\n<\/p>\n<p style=\"text-align: justify;\">\n<\/div>\n<\/p>\n<p style=\"text-align: justify;\">\n\t\t<\/div>\n\n\t\t\n<style>\n#section_291976589 {\n  padding-top: 10px;\n  padding-bottom: 10px;\n  min-height: 209px;\n  background-color: rgb(239, 242, 237);\n}\n@media (min-width:550px) {\n  #section_291976589 {\n    min-height: 462px;\n  }\n}\n<\/style>\n\t<\/section>\n\t\n\t<section class=\"section\" id=\"section_1356766648\">\n\t\t<div class=\"bg section-bg fill bg-fill  bg-loaded\" >\n\n\t\t\t\n\t\t\t\n\t\t\t\n\n\t\t<\/div>\n\n\t\t\n\n\t\t<div class=\"section-content relative\">\n\t\t\t\n<div class=\"row align-middle\"  id=\"row-2023791714\">\n<p style=\"text-align: justify;\">\n\n\t<div id=\"col-918500432\" class=\"col pb-0 small-12 large-12\"  >\n\t\t\t\t<div class=\"col-inner\"  >\n\t\t\t\n\t\t\t\n<p style=\"text-align: justify;\">\n\t<div id=\"text-2153262103\" class=\"text\">\n\t\t\n<h2 class=\"heading-title heading-arrow-left mb-0\" style=\"text-align: justify;\">T\u1ea1i sao ch\u1ecdn \u1ed1ng Driptec Drip Tube?<\/h2>\n<p style=\"text-align: justify;\">\n\t\t\n<style>\n#text-2153262103 {\n  font-size: 1.25rem;\n  color: rgb(77, 190, 238);\n}\n#text-2153262103 > * {\n  color: rgb(77, 190, 238);\n}\n<\/style>\n\t<\/div>\n\t\n\t<div id=\"gap-1924052770\" class=\"gap-element clearfix\" style=\"display:block; height:auto;\">\n\t\t\n<style>\n#gap-1924052770 {\n  padding-top: 30px;\n}\n<\/style>\n\t<\/div>\n\t\n<ul style=\"text-align: justify;\">\n<li data-start=\"1126\" data-end=\"1167\">\n<p data-start=\"1128\" data-end=\"1167\"><span class=\"relative -mx-px my-&#091;-0.2rem&#093; rounded px-px py-&#091;0.2rem&#093; transition-colors duration-100 ease-in-out\"><strong data-start=\"0\" data-end=\"18\" data-is-last-node=\"\" data-is-only-node=\"\">Ch\u1ea5t l\u01b0\u1ee3ng cao<\/strong><\/span><\/p>\n<\/li>\n<li data-start=\"1168\" data-end=\"1209\">\n<p data-start=\"1170\" data-end=\"1209\"><span class=\"relative -mx-px my-&#091;-0.2rem&#093; rounded px-px py-&#091;0.2rem&#093; transition-colors duration-100 ease-in-out\"><strong data-start=\"0\" data-end=\"21\" data-is-only-node=\"\">\u1ee8ng d\u1ee5ng r\u1ed9ng r\u00e3i<\/strong> trong t\u01b0\u1edbi ti\u00eau n\u00f4ng nghi\u1ec7p ho\u1eb7c c\u1ea3nh quan v\u1edbi \u0111\u1ea7u nh\u1ecf gi\u1ecdt tr\u1ef1c tuy\u1ebfn ho\u1eb7c b\u00e9c t\u01b0\u1edbi phun m\u01b0a<\/span><\/p>\n<\/li>\n<li data-start=\"1210\" data-end=\"1251\">\n<p data-start=\"1212\" data-end=\"1251\"><span class=\"relative -mx-px my-&#091;-0.2rem&#093; rounded px-px py-&#091;0.2rem&#093; transition-colors duration-100 ease-in-out\"><strong data-start=\"0\" data-end=\"27\" data-is-last-node=\"\" data-is-only-node=\"\">Tu\u1ed5i th\u1ecd l\u00ean \u0111\u1ebfn 10 n\u0103m<\/strong><\/span><\/p>\n<\/li>\n<li data-start=\"1252\" data-end=\"1332\">\n<p data-start=\"1254\" data-end=\"1332\"><span class=\"relative -mx-px my-&#091;-0.2rem&#093; rounded px-px py-&#091;0.2rem&#093; transition-colors duration-100 ease-in-out\"><strong data-start=\"0\" data-end=\"18\" data-is-only-node=\"\">Nhi\u1ec1u t\u00f9y ch\u1ecdn<\/strong>: k\u00edch th\u01b0\u1edbc t\u1eeb 5\/8\u2033 \u0111\u1ebfn 4\u2033, \u00e1p su\u1ea5t t\u1eeb 4 bar (ti\u00eau chu\u1ea9n) \u0111\u1ebfn 6 bar (trung b\u00ecnh)<\/span><\/p>\n<\/li>\n<\/ul>\n<p style=\"text-align: justify;\">\n\t\t<\/div>\n\t\t\t\t\t<\/div>\n\n\t\n<\/p>\n<p style=\"text-align: justify;\">\n<\/div>\n<p style=\"text-align: justify;\">\n\t\t<\/div>\n\n\t\t\n<style>\n#section_1356766648 {\n  padding-top: 30px;\n  padding-bottom: 30px;\n}\n<\/style>\n\t<\/section>\n\t\n<div class=\"is-divider divider clearfix\" style=\"max-width:100%;height:30px;background-color:rgb(242, 242, 242);\"><\/div>\n<p style=\"text-align: justify;\">\n\t<section class=\"section\" id=\"section_1332827706\">\n\t\t<div class=\"bg section-bg fill bg-fill  bg-loaded\" >\n\n\t\t\t\n\t\t\t\n\t\t\t\n\n\t\t<\/div>\n\n\t\t\n\n\t\t<div class=\"section-content relative\">\n\t\t\t\n<p style=\"text-align: justify;\">\n<div class=\"row align-middle\"  id=\"row-1318564372\">\n<p style=\"text-align: justify;\">\n\n\t<div id=\"col-517220504\" class=\"col pb-0 small-12 large-12\"  >\n\t\t\t\t<div class=\"col-inner\"  >\n\t\t\t\n\t\t\t\n<p style=\"text-align: justify;\">\n\t<div id=\"text-4053085615\" class=\"text\">\n\t\t\n<h2 class=\"heading-title heading-arrow-left mb-0\" style=\"text-align: justify;\">\u1ee8ng d\u1ee5ng ch\u00ednh<\/h2>\n<p style=\"text-align: justify;\">\n\t\t\n<style>\n#text-4053085615 {\n  font-size: 1.25rem;\n  color: rgb(77, 190, 238);\n}\n#text-4053085615 > * {\n  color: rgb(77, 190, 238);\n}\n<\/style>\n\t<\/div>\n\t\n<\/p>\n<p style=\"text-align: justify;\">\n\t\t<\/div>\n\t\t\t\t\t<\/div>\n\n\t\n\n\t<div id=\"col-1259067701\" class=\"col pb-0 medium-4 small-12 large-4\"  >\n\t\t\t\t<div class=\"col-inner\"  >\n\t\t\t\n\t\t\t\n<p style=\"text-align: justify;\">\n<p style=\"text-align: justify;\"><strong>\u1ee8ng d\u1ee5ng v\u1edbi \u0111\u1ea7u nh\u1ecf gi\u1ecdt tr\u1ef1c tuy\u1ebfn<\/strong><\/p>\n<p style=\"text-align: justify;\">\u0110\u00e2y l\u00e0 \u1ee9ng d\u1ee5ng ph\u1ed5 bi\u1ebfn khi b\u1ea1n s\u1eed d\u1ee5ng \u0111\u1ea7u nh\u1ecf gi\u1ecdt tr\u1ef1c tuy\u1ebfn cho b\u1ea5t k\u1ef3 lo\u1ea1i c\u00e2y tr\u1ed3ng n\u00e0o; b\u1ea1n c\u1ea7n c\u00f3 \u1ed1ng LDPE l\u00e0m \u1ed1ng nh\u00e1nh.<\/p>\n<p style=\"text-align: justify;\">\n\t\t<\/div>\n\t\t\t\t\t<\/div>\n\n\t\n\n\t<div id=\"col-1059376483\" class=\"col pb-0 medium-4 small-12 large-4\"  >\n\t\t\t\t<div class=\"col-inner\"  >\n\t\t\t\n\t\t\t\n<p style=\"text-align: justify;\">\n<p style=\"text-align: justify;\"><strong>\u1ee8ng d\u1ee5ng v\u1edbi b\u00e9c t\u01b0\u1edbi phun m\u01b0a nh\u1ecf<\/strong><\/p>\n<p style=\"text-align: justify;\">Trong h\u1ec7 th\u1ed1ng t\u01b0\u1edbi cho v\u01b0\u1eddn c\u00e2y \u0103n tr\u00e1i, b\u1ea1n c\u1ea7n \u0111\u01b0\u1eddng \u1ed1ng ch\u1ea1y d\u1ecdc theo h\u00e0ng c\u00e2y; t\u1eeb \u1ed1ng n\u00e0y, c\u00e1c b\u00e9c t\u01b0\u1edbi s\u1ebd \u0111\u01b0\u1ee3c l\u1eafp l\u00ean.<\/p>\n<p style=\"text-align: justify;\">\n\t\t<\/div>\n\t\t\t\t\t<\/div>\n\n\t\n\n\t<div id=\"col-1218153144\" class=\"col pb-0 medium-4 small-12 large-4\"  >\n\t\t\t\t<div class=\"col-inner\"  >\n\t\t\t\n\t\t\t\n<p style=\"text-align: justify;\">\n<p style=\"text-align: justify;\"><strong>\u1ee8ng d\u1ee5ng kh\u00e1c<\/strong><\/p>\n<p style=\"text-align: justify;\" data-start=\"1619\" data-end=\"1697\"><span class=\"relative -mx-px my-&#091;-0.2rem&#093; rounded px-px py-&#091;0.2rem&#093; transition-colors duration-100 ease-in-out\">\u1ed0ng c\u00f3 th\u1ec3 \u0111\u01b0\u1ee3c s\u1eed d\u1ee5ng v\u1edbi que nh\u1ecf gi\u1ecdt, \u1ed1ng nh\u1ecf gi\u1ecdt ho\u1eb7c b\u1ea5t k\u1ef3 thi\u1ebft b\u1ecb t\u01b0\u1edbi ti\u00eau n\u00e0o trong n\u00f4ng nghi\u1ec7p v\u00e0\/ho\u1eb7c t\u01b0\u1edbi c\u1ea3nh quan.<\/span><\/p>\n<p style=\"text-align: justify;\">\n\t\t<\/div>\n\t\t\t\t\t<\/div>\n\n\t\n<\/p>\n<p style=\"text-align: justify;\">\n<\/div>\n<\/p>\n<p style=\"text-align: justify;\">\n\t\t<\/div>\n\n\t\t\n<style>\n#section_1332827706 {\n  padding-top: 0px;\n  padding-bottom: 0px;\n}\n<\/style>\n\t<\/section>\n\t\n<div class=\"is-divider divider clearfix\" style=\"max-width:100%;height:30px;background-color:rgb(242, 242, 242);\"><\/div>\n<p style=\"text-align: justify;\">\n\t<section class=\"section\" id=\"section_409734389\">\n\t\t<div class=\"bg section-bg fill bg-fill  bg-loaded\" >\n\n\t\t\t\n\t\t\t\n\t\t\t\n\n\t\t<\/div>\n\n\t\t\n\n\t\t<div class=\"section-content relative\">\n\t\t\t\n<p style=\"text-align: justify;\">\n<div class=\"row align-equal\"  id=\"row-1971580735\">\n<p style=\"text-align: justify;\">\n\n\t<div id=\"col-881960405\" class=\"col pb-0 small-12 large-12\"  >\n\t\t\t\t<div class=\"col-inner text-center\"  >\n\t\t\t\n\t\t\t\n<p style=\"text-align: justify;\">\n\t<div id=\"text-1141506573\" class=\"text\">\n\t\t\n<h2 class=\"heading-title heading-arrow-left mb-0\" style=\"text-align: justify;\">T\u00e0i li\u1ec7u t\u1ea3i v\u1ec1<\/h2>\n<p style=\"text-align: justify;\">\n\t\t\n<style>\n#text-1141506573 {\n  font-size: 1.25rem;\n  text-align: left;\n  color: rgb(77, 190, 238);\n}\n#text-1141506573 > * {\n  color: rgb(77, 190, 238);\n}\n<\/style>\n\t<\/div>\n\t\n\t<div id=\"gap-1507872660\" class=\"gap-element clearfix\" style=\"display:block; height:auto;\">\n\t\t\n<style>\n#gap-1507872660 {\n  padding-top: 30px;\n}\n<\/style>\n\t<\/div>\n\t\n<p style=\"text-align: justify;\">\n\t\t<\/div>\n\t\t\t\t\t<\/div>\n\n\t\n\n\t<div id=\"col-246981945\" class=\"col pb-0 medium-6 small-12 large-6\"  >\n\t\t\t\t<div class=\"col-inner text-center\"  >\n\t\t\t\n\t\t\t\n<p style=\"text-align: justify;\">\n\t<div id=\"text-3120102545\" class=\"text\">\n\t\t\n<h4 style=\"text-align: justify;\" data-start=\"1726\" data-end=\"1765\"><span class=\"relative -mx-px my-&#091;-0.2rem&#093; rounded px-px py-&#091;0.2rem&#093; transition-colors duration-100 ease-in-out\">B\u1ea3ng th\u00f4ng s\u1ed1 k\u1ef9 thu\u1eadt<\/span><\/h4>\n<ul style=\"text-align: justify;\">\n<li data-start=\"1724\" data-end=\"1765\">Danh m\u1ee5c s\u1ea3n ph\u1ea9m Drip Tube<\/li>\n<\/ul>\n<p style=\"text-align: justify;\">\n\t\t\n<style>\n#text-3120102545 {\n  text-align: left;\n}\n<\/style>\n\t<\/div>\n\t\n<\/p>\n<p style=\"text-align: justify;\">\n\t\t<\/div>\n\t\t\t\t\t<\/div>\n\n\t\n\n\t<div id=\"col-61218869\" class=\"col pb-0 medium-6 small-12 large-6\"  >\n\t\t\t\t<div class=\"col-inner text-center\"  >\n\t\t\t\n\t\t\t\n<p style=\"text-align: justify;\">\n\t<div id=\"text-1012700319\" class=\"text\">\n\t\t\n<h4 style=\"text-align: justify;\">S\u1ea3n ph\u1ea9m li\u00ean quan<\/h4>\n<ul style=\"text-align: justify;\">\n<li><a href=\"https:\/\/driptec.com\/vi\/product\/dau-nho-giot-dripii\/\">\u0110\u1ea7u nh\u1ecf gi\u1ecdt Driptec<\/a><\/li>\n<li><a href=\"https:\/\/driptec.com\/vi\/product\/bec-tuoi-driptec-dr09\/\">B\u00e9c t\u01b0\u1edbi phun m\u01b0a Driptec DR09<\/a><\/li>\n<\/ul>\n<p style=\"text-align: justify;\">\n\t\t\n<style>\n#text-1012700319 {\n  text-align: left;\n}\n<\/style>\n\t<\/div>\n\t\n<\/p>\n<p style=\"text-align: justify;\">\n\t\t<\/div>\n\t\t\t\t\t<\/div>\n\n\t\n<\/p>\n<p style=\"text-align: justify;\">\n<\/div>\n<\/p>\n<p style=\"text-align: justify;\">\n\t\t<\/div>\n\n\t\t\n<style>\n#section_409734389 {\n  padding-top: 0px;\n  padding-bottom: 0px;\n}\n<\/style>\n\t<\/section>\n\t\n<div class=\"is-divider divider clearfix\" style=\"max-width:100%;height:30px;background-color:rgb(242, 242, 242);\"><\/div>\n<p style=\"text-align: justify;\">\n\t<section class=\"section\" id=\"section_549427420\">\n\t\t<div class=\"bg section-bg fill bg-fill  bg-loaded\" >\n\n\t\t\t\n\t\t\t\n\t\t\t\n\n\t\t<\/div>\n\n\t\t\n\n\t\t<div class=\"section-content relative\">\n\t\t\t\n<p style=\"text-align: justify;\">\n<div class=\"row align-middle\"  id=\"row-1566098263\">\n<p style=\"text-align: justify;\">\n\n\t<div id=\"col-446237782\" class=\"col pb-0 medium-6 small-12 large-6\"  >\n\t\t\t\t<div class=\"col-inner\"  >\n\t\t\t\n\t\t\t\n<p style=\"text-align: justify;\">\n\t<div id=\"text-3139500767\" class=\"text\">\n\t\t\n<p class=\"heading-title heading-arrow-left mb-0\" style=\"text-align: justify;\">Worldwide distributors<\/p>\n<p style=\"text-align: justify;\">\n\t\t\n<style>\n#text-3139500767 {\n  font-size: 1.25rem;\n  color: rgb(77, 190, 238);\n}\n#text-3139500767 > * {\n  color: rgb(77, 190, 238);\n}\n<\/style>\n\t<\/div>\n\t\n<\/p>\n<p style=\"text-align: justify;\">\n\t\t<\/div>\n\t\t\t\t\t<\/div>\n\n\t\n\n\t<div id=\"col-1979151884\" class=\"col pb-0 medium-6 small-12 large-6\"  >\n\t\t\t\t<div class=\"col-inner\"  >\n\t\t\t\n\t\t\t\n<p style=\"text-align: justify;\">\n\t<div id=\"gap-1420174161\" class=\"gap-element clearfix\" style=\"display:block; height:auto;\">\n\t\t\n<style>\n#gap-1420174161 {\n  padding-top: 20px;\n}\n@media (min-width:550px) {\n  #gap-1420174161 {\n    padding-top: 0px;\n  }\n}\n<\/style>\n\t<\/div>\n\t\n<p style=\"text-align: justify;\">\n\t\t<\/div>\n\t\t\t\t\t<\/div>\n\n\t\n\n\t<div id=\"col-1271593475\" class=\"col pb-0 small-12 large-12\"  >\n\t\t\t\t<div class=\"col-inner\" style=\"background-color:rgb(114, 147, 101);\" >\n\t\t\t\n\t\t\t\n<p style=\"text-align: justify;\">\n            <div \n                class=\"elfsight-widget-google-maps elfsight-widget\" \n                data-elfsight-google-maps-options=\"%7B%22categoriesEnabled%22%3Atrue%2C%22categories%22%3A%5B%5D%2C%22icons%22%3A%5B%5D%2C%22lang%22%3A%22en%22%2C%22distanceUnits%22%3A%22mi%22%2C%22markers%22%3A%5B%7B%22position%22%3A%22Khu%20Bi%5Cu1ec7t%20Th%5Cu1ef1%20Ng%5Cu00e2n%20Long%2C%20Ph%5Cu01b0%5Cu1edbc%20Ki%5Cu1ec3n%2C%20Nh%5Cu00e0%20B%5Cu00e8%2C%20H%5Cu1ed3%20Ch%5Cu00ed%20Minh%2070000%2C%20Vietnam%22%2C%22coordinates%22%3A%2210.7198984%2C%20106.702539%22%2C%22infoTitle%22%3A%22Driptec%22%2C%22category%22%3A%22%22%2C%22icon%22%3A%22%22%2C%22infoDescription%22%3A%22Driptec%20irrigation%20manufacturer.%20We%20are%20one%20of%20the%20leading%20company%20in%20Drip%20and%20sprinkler%20irrigation%20OEM%20manufacturer.%3Cbr%3E%22%2C%22infoImage%22%3A%7B%22name%22%3A%22%22%2C%22url%22%3A%22%22%7D%2C%22infoAddress%22%3A%22%22%2C%22infoSite%22%3A%22Driptec.com%22%2C%22infoPhone%22%3A%22%2B84-0983230879%22%2C%22infoEmail%22%3A%22info%40driptec.com%22%2C%22infoWorkingHours%22%3A%22%22%2C%22markerClickAction%22%3A%22infoWindow%22%2C%22infoWindowOpenedByDefault%22%3Afalse%2C%22linkUrl%22%3A%22%22%2C%22animation%22%3A%22none%22%7D%5D%2C%22mapType%22%3A%22roadmap%22%2C%22center%22%3A%22auto%22%2C%22zoom%22%3A%22auto%22%2C%22controls%22%3A%5B%22zoom%22%2C%22mapType%22%2C%22scale%22%2C%22streetView%22%2C%22rotate%22%2C%22fullScreen%22%5D%2C%22markerClusterEnabled%22%3Atrue%2C%22markerClusterZoom%22%3Atrue%2C%22markerClusterMin%22%3A2%2C%22markerClusterIcon%22%3A%22default%22%2C%22markerClusterIconColor%22%3A%22%22%2C%22markerClusterIconUrl%22%3Anull%2C%22markerClusterSize%22%3A52%2C%22infoDirections%22%3Atrue%2C%22directionsTarget%22%3A%22inline%22%2C%22scrollwheel%22%3Afalse%2C%22draggable%22%3Atrue%2C%22layers%22%3A%5B%5D%2C%22width%22%3A%22auto%22%2C%22height%22%3A%22700%22%2C%22panelEnabled%22%3Atrue%2C%22panelOpenByDefault%22%3Atrue%2C%22panelSearchVisible%22%3Atrue%2C%22panelSearchBy%22%3A%22markers%22%2C%22panelSearchPlaceholder%22%3A%22%22%2C%22panelListItemElements%22%3A%5B%22title%22%2C%22category%22%2C%22image%22%2C%22address%22%2C%22phone%22%2C%22workingHours%22%5D%2C%22mainColor%22%3A%22rgb%2866%2C%20133%2C%20244%29%22%2C%22style%22%3A%22default%22%2C%22colorGeometry%22%3A%22%22%2C%22colorLabelsTextFill%22%3A%22%22%2C%22colorLabelsTextStroke%22%3A%22%22%2C%22colorAdministrativeGeometryStroke%22%3A%22%22%2C%22colorAdministrativeLandParcel%22%3A%22%22%2C%22colorLandscapeNaturalGeometry%22%3A%22%22%2C%22colorPoiGeometry%22%3A%22%22%2C%22colorPoiLabelsTextFill%22%3A%22%22%2C%22colorPoiParkGeometryFill%22%3A%22%22%2C%22colorPoiParkLabelsTextFill%22%3A%22%22%2C%22colorRoadGeometry%22%3A%22%22%2C%22colorRoadArterial%22%3A%22%22%2C%22colorRoadHighway%22%3A%22%22%2C%22colorRoadHighwayGeometryStroke%22%3A%22%22%2C%22colorRoadHighwayControlledAccessGeometry%22%3A%22%22%2C%22colorRoadHighwayControlledAccessGeometryStroke%22%3A%22%22%2C%22colorRoadLocalLabelsTextFill%22%3A%22%22%2C%22colorTransitLineGeometry%22%3A%22%22%2C%22colorTransitLineLabelsTextFill%22%3A%22%22%2C%22colorTransitLineLabelsTextStroke%22%3A%22%22%2C%22colorTransitStationGeometry%22%3A%22%22%2C%22colorWaterGeometryFill%22%3A%22%22%2C%22colorWaterLabelTextFill%22%3A%22%22%2C%22customGoogleMapsStyles%22%3A%22%22%2C%22apiKey%22%3A%22AIzaSyDK49f6N1nj9bVULgfB2YZCRPtDrvOUh2E%22%2C%22widgetId%22%3A%221%22%7D\" \n                data-elfsight-google-maps-version=\"2.4.2\"\n                data-elfsight-widget-id=\"elfsight-google-maps-1\">\n            <\/div>\n            \n<p style=\"text-align: justify;\">\n\t\t<\/div>\n\t\t\t\t\n<style>\n#col-1271593475 > .col-inner {\n  padding: 10px 10px 10px 10px;\n  margin: 10px 10px 10px 10px;\n  border-radius: 8px;\n}\n<\/style>\n\t<\/div>\n\n\t\n<\/p>\n<p style=\"text-align: justify;\">\n<\/div>\n<\/p>\n<p style=\"text-align: justify;\">\n\t\t<\/div>\n\n\t\t\n<style>\n#section_549427420 {\n  padding-top: 0px;\n  padding-bottom: 0px;\n}\n<\/style>\n\t<\/section>\n\t\n","protected":false},"excerpt":{"rendered":"<p>\u1ed0ng x\u1eb9p PVC Driptec chuy\u00ean d\u00f9ng cho t\u01b0\u1edbi ti\u00eau n\u00f4ng nghi\u1ec7p, \u0111\u1ea3m b\u1ea3o \u0111\u1ed9 b\u1ec1n, ch\u1ecbu l\u1ef1c, ch\u1ecbu \u00e1p l\u1ef1c cao v\u00e0 linh ho\u1ea1t trong s\u1eed d\u1ee5ng.<\/p>\n","protected":false},"author":2,"featured_media":837,"menu_order":0,"template":"","format":"standard","product-category":[32],"class_list":["post-826","product","type-product","status-publish","format-standard","has-post-thumbnail","hentry","product-category-ong-dan-nuoc"],"acf":[],"_links":{"self":[{"href":"https:\/\/driptec.com\/vi\/wp-json\/wp\/v2\/product\/826","targetHints":{"allow":["GET"]}}],"collection":[{"href":"https:\/\/driptec.com\/vi\/wp-json\/wp\/v2\/product"}],"about":[{"href":"https:\/\/driptec.com\/vi\/wp-json\/wp\/v2\/types\/product"}],"author":[{"embeddable":true,"href":"https:\/\/driptec.com\/vi\/wp-json\/wp\/v2\/users\/2"}],"version-history":[{"count":6,"href":"https:\/\/driptec.com\/vi\/wp-json\/wp\/v2\/product\/826\/revisions"}],"predecessor-version":[{"id":1100,"href":"https:\/\/driptec.com\/vi\/wp-json\/wp\/v2\/product\/826\/revisions\/1100"}],"wp:featuredmedia":[{"embeddable":true,"href":"https:\/\/driptec.com\/vi\/wp-json\/wp\/v2\/media\/837"}],"wp:attachment":[{"href":"https:\/\/driptec.com\/vi\/wp-json\/wp\/v2\/media?parent=826"}],"wp:term":[{"taxonomy":"product-category","embeddable":true,"href":"https:\/\/driptec.com\/vi\/wp-json\/wp\/v2\/product-category?post=826"}],"curies":[{"name":"wp","href":"https:\/\/api.w.org\/{rel}","templated":true}]}}