{"id":934,"date":"2024-10-12T07:30:55","date_gmt":"2024-10-12T00:30:55","guid":{"rendered":"https:\/\/driptec.com\/?post_type=product&#038;p=934"},"modified":"2024-11-19T12:31:50","modified_gmt":"2024-11-19T05:31:50","slug":"dr07-vietnamese","status":"publish","type":"product","link":"https:\/\/driptec.com\/vi\/product\/bec-tuoi-driptec-dr07\/","title":{"rendered":"B\u00e9c t\u01b0\u1edbi Driptec DR07"},"content":{"rendered":"\t<section class=\"section\" id=\"section_1090146332\">\n\t\t<div class=\"bg section-bg fill bg-fill  bg-loaded\" >\n\n\t\t\t\n\t\t\t\n\t\t\t\n\n\t\t<\/div>\n\n\t\t\n\n\t\t<div class=\"section-content relative\">\n\t\t\t\n<div class=\"row row-large align-middle align-center\"  id=\"row-940173842\">\n\n\t<div id=\"col-440267229\" class=\"col medium-5 small-12 large-5 small-col-first\"  >\n\t\t\t\t<div class=\"col-inner text-center dark\"  >\n\t\t\t\n\t\t\t\n\t<div class=\"img has-hover x md-x lg-x y md-y lg-y\" id=\"image_827774267\">\n\t\t\t\t\t\t\t\t<div class=\"img-inner dark\" >\n\t\t\t\t\t\t\t\t\t\n\t\t\t\t\t<\/div>\n\t\t\t\t\t\t\t\t\n<style>\n#image_827774267 {\n  width: 100%;\n}\n<\/style>\n\t<\/div>\n\t\n\t<div class=\"img has-hover x md-x lg-x y md-y lg-y\" id=\"image_206449147\">\n\t\t\t\t\t\t\t\t<div class=\"img-inner dark\" >\n\t\t\t<img decoding=\"async\" width=\"800\" height=\"800\" src=\"https:\/\/driptec.com\/wp-content\/uploads\/2024\/10\/Driptec-mini-sprinkler-DR07-6mm-connector-800x800.png\" class=\"attachment-large size-large\" alt=\"Driptec mini sprinkler DR07 6mm connector\" srcset=\"https:\/\/driptec.com\/wp-content\/uploads\/2024\/10\/Driptec-mini-sprinkler-DR07-6mm-connector-800x800.png 800w, https:\/\/driptec.com\/wp-content\/uploads\/2024\/10\/Driptec-mini-sprinkler-DR07-6mm-connector-400x400.png 400w, https:\/\/driptec.com\/wp-content\/uploads\/2024\/10\/Driptec-mini-sprinkler-DR07-6mm-connector-280x280.png 280w, https:\/\/driptec.com\/wp-content\/uploads\/2024\/10\/Driptec-mini-sprinkler-DR07-6mm-connector-768x768.png 768w, https:\/\/driptec.com\/wp-content\/uploads\/2024\/10\/Driptec-mini-sprinkler-DR07-6mm-connector.png 1400w\" sizes=\"(max-width: 800px) 100vw, 800px\" \/>\t\t\t\t\t\t\n\t\t\t\t\t<\/div>\n\t\t\t\t\t\t\t\t\n<style>\n#image_206449147 {\n  width: 100%;\n}\n<\/style>\n\t<\/div>\n\t\n\t\t<\/div>\n\t\t\t\t\t<\/div>\n\n\t\n\n\t<div id=\"col-313337245\" class=\"col medium-7 small-12 large-7\"  >\n\t\t\t\t<div class=\"col-inner\"  >\n\t\t\t\n\t\t\t\n\t<div id=\"text-990532960\" class=\"text\">\n\t\t\n<h2 class=\"heading-slide\">B\u00c9C T\u01af\u1edaI DRIPTEC DRO7<\/h2>\n\t\t\n<style>\n#text-990532960 {\n  font-size: 2.2rem;\n  text-align: center;\n  color: #4dbeee;\n}\n#text-990532960 > * {\n  color: #4dbeee;\n}\n@media (min-width:550px) {\n  #text-990532960 {\n    text-align: left;\n  }\n}\n<\/style>\n\t<\/div>\n\t\n\t<div id=\"gap-1469752806\" class=\"gap-element clearfix\" style=\"display:block; height:auto;\">\n\t\t\n<style>\n#gap-1469752806 {\n  padding-top: 20px;\n}\n@media (min-width:550px) {\n  #gap-1469752806 {\n    padding-top: 20px;\n  }\n}\n<\/style>\n\t<\/div>\n\t\n<div id=\"eJOY__extension_root\" class=\"eJOY__extension_root_class\">K\u1ebf nhi\u1ec7m s\u1ee9 m\u1ec7nh c\u1ee7a <a href=\"https:\/\/driptec.com\/vi\/product\/bec-tuoi-driptec-dr09\/\" target=\"_blank\" rel=\"nofollow noopener\">B\u00e9c t\u01b0\u1edbi Driptec DR09<\/a>, b\u00e9c t\u01b0\u1edbi Driptec DR07 mang \u0111\u1ebfn cho b\u00e0 con th\u00eam l\u1ef1a ch\u1ecdn gi\u00e1 th\u1ea5p h\u01a1n nh\u01b0ng v\u1eabn \u0111\u1ea3m b\u1ea3o 100% t\u00ednh n\u0103ng \u01b0u vi\u1ec7t c\u1ee7a l\u1edbp b\u00e9c tr\u01b0\u1edbc, th\u1ec3 hi\u1ec7n \u1edf c\u00e1c t\u00ednh n\u0103ng, ch\u1ec9 s\u1ed1 sau:<\/div>\n<ul>\n<li>\u0110\u1ed9 \u0111\u1ed3ng \u0111\u1ec1u cao<\/li>\n<li>B\u00e1n k\u00ednh t\u1eeb 3-5m<\/li>\n<li>C\u00f3 th\u00eam l\u1ef1a ch\u1ecdn v\u1ec1 k\u1ebfn r\u1ed1i tr\u1ef1c ti\u1ebfp ra \u1ed1ng Micro LDPE (\u1ed1ng 5*7mm, 6*8mm).<\/li>\n<li>\u0110\u1eb7c bi\u1ec7t ph\u00f9 h\u1ee3p cho\u00a0t\u01b0\u1edbi phun x\u1ecbt thu\u1ed1c;\u00a0t\u01b0\u1edbi rau m\u00e0u, t\u01b0\u1edbi c\u00e2y \u0103n tr\u00e1i nh\u01b0\u00a0T\u01b0\u1edbi s\u1ea7u ri\u00eang, hay\u00a0t\u01b0\u1edbi c\u00e0 ph\u00ea\u2026<\/li>\n<\/ul>\n\t<div id=\"gap-1068994629\" class=\"gap-element clearfix\" style=\"display:block; height:auto;\">\n\t\t\n<style>\n#gap-1068994629 {\n  padding-top: 20px;\n}\n@media (min-width:550px) {\n  #gap-1068994629 {\n    padding-top: 20px;\n  }\n}\n<\/style>\n\t<\/div>\n\t\n\t\t<\/div>\n\t\t\t\t\t<\/div>\n\n\t\n<\/div>\n            \n\t\t<\/div>\n\n\t\t\n<style>\n#section_1090146332 {\n  padding-top: 10px;\n  padding-bottom: 10px;\n  min-height: 209px;\n  background-color: rgb(239, 242, 237);\n}\n@media (min-width:550px) {\n  #section_1090146332 {\n    min-height: 462px;\n  }\n}\n<\/style>\n\t<\/section>\n\t\n\t<section class=\"section\" id=\"section_1048053089\">\n\t\t<div class=\"bg section-bg fill bg-fill  bg-loaded\" >\n\n\t\t\t\n\t\t\t\n\t\t\t\n\n\t\t<\/div>\n\n\t\t\n\n\t\t<div class=\"section-content relative\">\n\t\t\t\n<div class=\"row align-middle\"  id=\"row-1886932267\">\n\n\t<div id=\"col-601405210\" class=\"col pb-0 small-12 large-12\"  >\n\t\t\t\t<div class=\"col-inner\"  >\n\t\t\t\n\t\t\t\n\t<div id=\"text-3859075303\" class=\"text\">\n\t\t\n<h2 class=\"heading-title heading-arrow-left mb-0\">Th\u00f4ng s\u1ed1 k\u1ef9 thu\u1eadt b\u00e9c T\u01b0\u1edbi Driptec DR07<\/h2>\n\t\t\n<style>\n#text-3859075303 {\n  font-size: 1.25rem;\n  color: rgb(77, 190, 238);\n}\n#text-3859075303 > * {\n  color: rgb(77, 190, 238);\n}\n<\/style>\n\t<\/div>\n\t\n\t<div id=\"gap-197967185\" class=\"gap-element clearfix\" style=\"display:block; height:auto;\">\n\t\t\n<style>\n#gap-197967185 {\n  padding-top: 30px;\n}\n<\/style>\n\t<\/div>\n\t\n<ul>\n<li>K\u1ebft n\u1ed1i ng\u00e0m \u1ed1ng 5\/7mm, c\u1ee1 ren 16mm<\/li>\n<li>C\u1ee1 h\u1ecdng: 0.8, 1.0, 1.2, 1.4, 1.8, 2.0, 2.2mm<\/li>\n<li>Quy \u0111\u1ecbnh l\u01b0u l\u01b0\u1ee3ng theo m\u00e0u s\u1eafc b\u00e9c<\/li>\n<li>\u0110\u01b0\u1eddng k\u00ednh t\u01b0\u1edbi: 1m &#8211; 9m<\/li>\n<\/ul>\n\t\t<\/div>\n\t\t\t\t\t<\/div>\n\n\t\n<\/div>\n\t\t<\/div>\n\n\t\t\n<style>\n#section_1048053089 {\n  padding-top: 30px;\n  padding-bottom: 30px;\n}\n<\/style>\n\t<\/section>\n\t\n<div class=\"is-divider divider clearfix\" style=\"max-width:100%;height:30px;background-color:rgb(242, 242, 242);\"><\/div>\n\t<section class=\"section\" id=\"section_651050482\">\n\t\t<div class=\"bg section-bg fill bg-fill  bg-loaded\" >\n\n\t\t\t\n\t\t\t\n\t\t\t\n\n\t\t<\/div>\n\n\t\t\n\n\t\t<div class=\"section-content relative\">\n\t\t\t\n<div class=\"row align-middle\"  id=\"row-173374775\">\n\n\t<div id=\"col-449273281\" class=\"col pb-0 small-12 large-12\"  >\n\t\t\t\t<div class=\"col-inner\"  >\n\t\t\t\n\t\t\t\n\t<div id=\"text-649107259\" class=\"text\">\n\t\t\n<h2 class=\"heading-title heading-arrow-left mb-0\">T\u1ea1i sao n\u00ean ch\u1ecdn b\u00e9c Driptec<\/h2>\n\t\t\n<style>\n#text-649107259 {\n  font-size: 1.25rem;\n  color: rgb(77, 190, 238);\n}\n#text-649107259 > * {\n  color: rgb(77, 190, 238);\n}\n<\/style>\n\t<\/div>\n\t\n\t<div id=\"gap-1144530452\" class=\"gap-element clearfix\" style=\"display:block; height:auto;\">\n\t\t\n<style>\n#gap-1144530452 {\n  padding-top: 30px;\n}\n<\/style>\n\t<\/div>\n\t\n<ul>\n<li>\u0110a d\u1ea1ng t\u00ednh n\u0103ng: C\u00f3 ho\u1eb7c kh\u00f4ng b\u00f9 \u00e1p, ch\u1eb7n ho\u1eb7c m\u1edf b\u00e1n k\u00ednh, ch\u1ed1ng c\u00f4n tr\u00f9ng&#8230;<\/li>\n<li>Nh\u1ef1a k\u1ef9 thu\u1eadt nguy\u00ean sinh cao c\u1ea5p pha s\u1ee3i th\u1ee7y tinh gi\u1ea3m m\u00e0i m\u00f2n, t\u0103ng \u0111\u1ed9 b\u1ec1n.<\/li>\n<li>\u0110\u1ed9 b\u1ec1n s\u1ea3n ph\u1ea9m cao.<\/li>\n<li>\u0110\u1ed9 \u0111\u1ed3ng \u0111\u1ec1u cao, t\u1ea7m b\u00e1n k\u00ednh ph\u1ee7 r\u1ed9ng.<\/li>\n<li>\u00c1p d\u1ee5ng cho nhi\u1ec1u lo\u1ea1i c\u00e2y tr\u1ed3ng.<\/li>\n<\/ul>\n\t\t<\/div>\n\t\t\t\t\t<\/div>\n\n\t\n<\/div>\n\t\t<\/div>\n\n\t\t\n<style>\n#section_651050482 {\n  padding-top: 30px;\n  padding-bottom: 30px;\n}\n<\/style>\n\t<\/section>\n\t\n<div class=\"is-divider divider clearfix\" style=\"max-width:100%;height:30px;background-color:rgb(242, 242, 242);\"><\/div>\n\t<section class=\"section\" id=\"section_2013953443\">\n\t\t<div class=\"bg section-bg fill bg-fill  bg-loaded\" >\n\n\t\t\t\n\t\t\t\n\t\t\t\n\n\t\t<\/div>\n\n\t\t\n\n\t\t<div class=\"section-content relative\">\n\t\t\t\n<div class=\"row align-middle\"  id=\"row-2113214264\">\n\n\t<div id=\"col-1635853479\" class=\"col pb-0 small-12 large-12\"  >\n\t\t\t\t<div class=\"col-inner\"  >\n\t\t\t\n\t\t\t\n\t<div id=\"text-1546572739\" class=\"text\">\n\t\t\n<h2 class=\"heading-title heading-arrow-left mb-0\">\u1ee8ng d\u1ee5ng ch\u00ednh<\/h2>\n\t\t\n<style>\n#text-1546572739 {\n  font-size: 1.25rem;\n  color: rgb(77, 190, 238);\n}\n#text-1546572739 > * {\n  color: rgb(77, 190, 238);\n}\n<\/style>\n\t<\/div>\n\t\n\t<div id=\"gap-561434104\" class=\"gap-element clearfix\" style=\"display:block; height:auto;\">\n\t\t\n<style>\n#gap-561434104 {\n  padding-top: 30px;\n}\n<\/style>\n\t<\/div>\n\t\n\t\t<\/div>\n\t\t\t\t\t<\/div>\n\n\t\n\n\t<div id=\"col-1887573671\" class=\"col pb-0 medium-4 small-12 large-4\"  >\n\t\t\t\t<div class=\"col-inner\"  >\n\t\t\t\n\t\t\t\n\t<div class=\"img has-hover x md-x lg-x y md-y lg-y\" id=\"image_1989831827\">\n\t\t\t\t\t\t\t\t<div class=\"img-inner dark\" >\n\t\t\t<img decoding=\"async\" width=\"1020\" height=\"574\" src=\"https:\/\/driptec.com\/wp-content\/uploads\/2024\/02\/For-Fruit-tree-Canopy-Irrigation-1400x788.jpg\" class=\"attachment-large size-large\" alt=\"For Fruit tree Canopy Irrigation\" srcset=\"https:\/\/driptec.com\/wp-content\/uploads\/2024\/02\/For-Fruit-tree-Canopy-Irrigation-1400x788.jpg 1400w, https:\/\/driptec.com\/wp-content\/uploads\/2024\/02\/For-Fruit-tree-Canopy-Irrigation-711x400.jpg 711w, https:\/\/driptec.com\/wp-content\/uploads\/2024\/02\/For-Fruit-tree-Canopy-Irrigation-768x432.jpg 768w, https:\/\/driptec.com\/wp-content\/uploads\/2024\/02\/For-Fruit-tree-Canopy-Irrigation-1536x864.jpg 1536w, https:\/\/driptec.com\/wp-content\/uploads\/2024\/02\/For-Fruit-tree-Canopy-Irrigation.jpg 1920w\" sizes=\"(max-width: 1020px) 100vw, 1020px\" \/>\t\t\t\t\t\t\n\t\t\t\t\t<\/div>\n\t\t\t\t\t\t\t\t\n<style>\n#image_1989831827 {\n  width: 100%;\n}\n<\/style>\n\t<\/div>\n\t\n<p><strong>T\u01b0\u1edbi phun m\u01b0a d\u01b0\u1edbi g\u1ed1c, \u00e1p d\u1ee5ng cho c\u00e2y \u0103n tr\u00e1i<\/strong><\/p>\n<p>B\u00e9c t\u01b0\u1edbi Driptec DR07 v\u1edbi t\u00ednh n\u0103ng b\u00f9 \u00e1p, kh\u1ea3 n\u0103ng ch\u1eb7n v\u00e0 \u0111i\u1ec1u ch\u1ec9nh b\u00e1n k\u00ednh \u0111\u01b0\u1ee3c \u00e1p d\u1ee5ng ph\u1ed5 bi\u1ebfn t\u01b0\u1edbi d\u01b0\u1edbi g\u1ed1c c\u00e2y \u0103n tr\u00e1i (t\u01b0\u1edbi phun m\u01b0a c\u1ee5c b\u1ed9).<\/p>\n\t\t<\/div>\n\t\t\t\t\t<\/div>\n\n\t\n\n\t<div id=\"col-1641448581\" class=\"col pb-0 medium-4 small-12 large-4\"  >\n\t\t\t\t<div class=\"col-inner\"  >\n\t\t\t\n\t\t\t\n\t<div class=\"img has-hover x md-x lg-x y md-y lg-y\" id=\"image_99683527\">\n\t\t\t\t\t\t\t\t<div class=\"img-inner dark\" >\n\t\t\t<img decoding=\"async\" width=\"1020\" height=\"575\" src=\"https:\/\/driptec.com\/wp-content\/uploads\/2024\/02\/For-Hill-area-irrigation-1400x789.jpg\" class=\"attachment-large size-large\" alt=\"\" srcset=\"https:\/\/driptec.com\/wp-content\/uploads\/2024\/02\/For-Hill-area-irrigation-1400x789.jpg 1400w, https:\/\/driptec.com\/wp-content\/uploads\/2024\/02\/For-Hill-area-irrigation-710x400.jpg 710w, https:\/\/driptec.com\/wp-content\/uploads\/2024\/02\/For-Hill-area-irrigation-768x433.jpg 768w, https:\/\/driptec.com\/wp-content\/uploads\/2024\/02\/For-Hill-area-irrigation-1536x865.jpg 1536w, https:\/\/driptec.com\/wp-content\/uploads\/2024\/02\/For-Hill-area-irrigation.jpg 1921w\" sizes=\"(max-width: 1020px) 100vw, 1020px\" \/>\t\t\t\t\t\t\n\t\t\t\t\t<\/div>\n\t\t\t\t\t\t\t\t\n<style>\n#image_99683527 {\n  width: 100%;\n}\n<\/style>\n\t<\/div>\n\t\n<p><strong>T\u01b0\u1edbi ph\u1ee7 rau m\u00e0u<\/strong><\/p>\n<p>V\u1edbi b\u00e9c t\u01b0\u1edbi kh\u00f4ng b\u00f9 \u00e1p, gi\u00e1 th\u00e0nh th\u1ea5p th\u01b0\u1eddng \u0111\u01b0\u1ee3c \u00e1p d\u1ee5ng cho t\u01b0\u1edbi ph\u1ee7 to\u00e0n b\u1ed9 v\u01b0\u1eddn rau, v\u01b0\u1eddn c\u00e2y d\u01b0\u1ee3c li\u1ec7u. B\u00e9c t\u01b0\u1edbi c\u00f3 \u01b0u th\u1ebf v\u1ec1 \u0111\u1ed9 \u0111\u1ed3ng \u0111\u1ec1u v\u00e0 b\u00e1n k\u00ednh t\u01b0\u1edbi l\u1edbn.<\/p>\n\t\t<\/div>\n\t\t\t\t\t<\/div>\n\n\t\n\n\t<div id=\"col-559565404\" class=\"col pb-0 medium-4 small-12 large-4\"  >\n\t\t\t\t<div class=\"col-inner\"  >\n\t\t\t\n\t\t\t\n\t<div class=\"img has-hover x md-x lg-x y md-y lg-y\" id=\"image_1278008742\">\n\t\t\t\t\t\t\t\t<div class=\"img-inner dark\" >\n\t\t\t<img decoding=\"async\" width=\"1020\" height=\"574\" src=\"https:\/\/driptec.com\/wp-content\/uploads\/2024\/02\/Big-farm-project-1400x788.jpg\" class=\"attachment-large size-large\" alt=\"Big farm project\" srcset=\"https:\/\/driptec.com\/wp-content\/uploads\/2024\/02\/Big-farm-project-1400x788.jpg 1400w, https:\/\/driptec.com\/wp-content\/uploads\/2024\/02\/Big-farm-project-711x400.jpg 711w, https:\/\/driptec.com\/wp-content\/uploads\/2024\/02\/Big-farm-project-768x432.jpg 768w, https:\/\/driptec.com\/wp-content\/uploads\/2024\/02\/Big-farm-project-1536x864.jpg 1536w, https:\/\/driptec.com\/wp-content\/uploads\/2024\/02\/Big-farm-project.jpg 1920w\" sizes=\"(max-width: 1020px) 100vw, 1020px\" \/>\t\t\t\t\t\t\n\t\t\t\t\t<\/div>\n\t\t\t\t\t\t\t\t\n<style>\n#image_1278008742 {\n  width: 100%;\n}\n<\/style>\n\t<\/div>\n\t\n<p><strong>T\u01b0\u1edbi phun thu\u1ed1c tr\u1eeb s\u00e2u<\/strong><\/p>\n<p>T\u01b0\u1edbi phun thu\u1ed1c tr\u1eeb s\u00e2u mang l\u1ea1i hi\u1ec7u qu\u1ea3 cao, b\u00e0 con th\u01b0\u1eddng s\u1eed d\u1ee5ng b\u00e9c t\u01b0\u1edbi Driptec DR07 \u0111\u1ec3 phun thu\u1ed1c tr\u1eeb s\u00e2u cho s\u1ea7u ri\u00eang v\u00e0 c\u00e1c lo\u1ea1i c\u00e2y tr\u1ed3ng kh\u00e1c.<\/p>\n\t\t<\/div>\n\t\t\t\t\t<\/div>\n\n\t\n<\/div>\n\t\t<\/div>\n\n\t\t\n<style>\n#section_2013953443 {\n  padding-top: 0px;\n  padding-bottom: 0px;\n}\n<\/style>\n\t<\/section>\n\t\n<div class=\"is-divider divider clearfix\" style=\"max-width:100%;height:30px;background-color:rgb(242, 242, 242);\"><\/div>\n\t<section class=\"section\" id=\"section_788273829\">\n\t\t<div class=\"bg section-bg fill bg-fill  bg-loaded\" >\n\n\t\t\t\n\t\t\t\n\t\t\t\n\n\t\t<\/div>\n\n\t\t\n\n\t\t<div class=\"section-content relative\">\n\t\t\t\n<div class=\"row align-equal\"  id=\"row-546828353\">\n\n\t<div id=\"col-1782941859\" class=\"col pb-0 small-12 large-12\"  >\n\t\t\t\t<div class=\"col-inner text-center\"  >\n\t\t\t\n\t\t\t\n\t<div id=\"text-3331612616\" class=\"text\">\n\t\t\n<h2 class=\"heading-title heading-arrow-left mb-0\">Downloads<\/h2>\n\t\t\n<style>\n#text-3331612616 {\n  font-size: 1.25rem;\n  text-align: left;\n  color: rgb(77, 190, 238);\n}\n#text-3331612616 > * {\n  color: rgb(77, 190, 238);\n}\n<\/style>\n\t<\/div>\n\t\n\t<div id=\"gap-581189855\" class=\"gap-element clearfix\" style=\"display:block; height:auto;\">\n\t\t\n<style>\n#gap-581189855 {\n  padding-top: 30px;\n}\n<\/style>\n\t<\/div>\n\t\n\t\t<\/div>\n\t\t\t\t\t<\/div>\n\n\t\n\n\t<div id=\"col-598142981\" class=\"col pb-0 medium-6 small-12 large-6\"  >\n\t\t\t\t<div class=\"col-inner text-center\"  >\n\t\t\t\n\t\t\t\n\t<div id=\"text-2578162955\" class=\"text\">\n\t\t\n<p><strong>T\u1ea3i brochure<\/strong><\/p>\n<ul>\n<li><a href=\"https:\/\/drive.google.com\/file\/d\/1BDyM00scRd9OD66Y4X7pDldU8dWno5Cy\/view\" target=\"_blank\" rel=\"nofollow noopener\">Brochure b\u00e9c t\u01b0\u1edbi Driptec DR07<\/a><\/li>\n<\/ul>\n\t\t\n<style>\n#text-2578162955 {\n  text-align: left;\n}\n<\/style>\n\t<\/div>\n\t\n\t\t<\/div>\n\t\t\t\t\t<\/div>\n\n\t\n\n\t<div id=\"col-1000619643\" class=\"col pb-0 medium-6 small-12 large-6\"  >\n\t\t\t\t<div class=\"col-inner text-center\"  >\n\t\t\t\n\t\t\t\n\t<div id=\"text-3131549518\" class=\"text\">\n\t\t\n<p><strong>S\u1ea3n ph\u1ea9m li\u00ean quan<\/strong><\/p>\n<ul>\n<li><a href=\"https:\/\/driptec.com\/vi\/product\/bec-tuoi-driptec-dr09\/\" target=\"_blank\" rel=\"noopener\">B\u00e9c t\u01b0\u1edbi Driptec DR09<\/a><\/li>\n<\/ul>\n\t\t\n<style>\n#text-3131549518 {\n  text-align: left;\n}\n<\/style>\n\t<\/div>\n\t\n\t\t<\/div>\n\t\t\t\t\t<\/div>\n\n\t\n<\/div>\n\t\t<\/div>\n\n\t\t\n<style>\n#section_788273829 {\n  padding-top: 0px;\n  padding-bottom: 0px;\n}\n<\/style>\n\t<\/section>\n\t\n<div class=\"is-divider divider clearfix\" style=\"max-width:100%;height:30px;background-color:rgb(242, 242, 242);\"><\/div>\n\t<section class=\"section\" id=\"section_1062761552\">\n\t\t<div class=\"bg section-bg fill bg-fill  bg-loaded\" >\n\n\t\t\t\n\t\t\t\n\t\t\t\n\n\t\t<\/div>\n\n\t\t\n\n\t\t<div class=\"section-content relative\">\n\t\t\t\n<div class=\"row align-middle\"  id=\"row-909867124\">\n\n\t<div id=\"col-458556545\" class=\"col pb-0 medium-6 small-12 large-6\"  >\n\t\t\t\t<div class=\"col-inner\"  >\n\t\t\t\n\t\t\t\n\t<div id=\"text-4146544233\" class=\"text\">\n\t\t\n<p class=\"heading-title heading-arrow-left mb-0\">Mua s\u1ea3n ph\u1ea9m \u1edf \u0111\u00e2u?<\/p>\n\t\t\n<style>\n#text-4146544233 {\n  font-size: 1.25rem;\n  color: rgb(77, 190, 238);\n}\n#text-4146544233 > * {\n  color: rgb(77, 190, 238);\n}\n<\/style>\n\t<\/div>\n\t\n\t\t<\/div>\n\t\t\t\t\t<\/div>\n\n\t\n\n\t<div id=\"col-1070664145\" class=\"col pb-0 medium-6 small-12 large-6\"  >\n\t\t\t\t<div class=\"col-inner\"  >\n\t\t\t\n\t\t\t\n\t<div id=\"gap-1229400023\" class=\"gap-element clearfix\" style=\"display:block; height:auto;\">\n\t\t\n<style>\n#gap-1229400023 {\n  padding-top: 20px;\n}\n@media (min-width:550px) {\n  #gap-1229400023 {\n    padding-top: 0px;\n  }\n}\n<\/style>\n\t<\/div>\n\t\n\t\t<\/div>\n\t\t\t\t\t<\/div>\n\n\t\n\n\t<div id=\"col-1229658987\" class=\"col pb-0 small-12 large-12\"  >\n\t\t\t\t<div class=\"col-inner\" style=\"background-color:rgb(114, 147, 101);\" >\n\t\t\t\n\t\t\t\n\n            <div \n                class=\"elfsight-widget-google-maps elfsight-widget\" \n                data-elfsight-google-maps-options=\"%7B%22categoriesEnabled%22%3Atrue%2C%22categories%22%3A%5B%5D%2C%22icons%22%3A%5B%5D%2C%22lang%22%3A%22en%22%2C%22distanceUnits%22%3A%22mi%22%2C%22markers%22%3A%5B%7B%22position%22%3A%22Khu%20Bi%5Cu1ec7t%20Th%5Cu1ef1%20Ng%5Cu00e2n%20Long%2C%20Ph%5Cu01b0%5Cu1edbc%20Ki%5Cu1ec3n%2C%20Nh%5Cu00e0%20B%5Cu00e8%2C%20H%5Cu1ed3%20Ch%5Cu00ed%20Minh%2070000%2C%20Vietnam%22%2C%22coordinates%22%3A%2210.7198984%2C%20106.702539%22%2C%22infoTitle%22%3A%22Driptec%22%2C%22category%22%3A%22%22%2C%22icon%22%3A%22%22%2C%22infoDescription%22%3A%22Driptec%20irrigation%20manufacturer.%20We%20are%20one%20of%20the%20leading%20company%20in%20Drip%20and%20sprinkler%20irrigation%20OEM%20manufacturer.%3Cbr%3E%22%2C%22infoImage%22%3A%7B%22name%22%3A%22%22%2C%22url%22%3A%22%22%7D%2C%22infoAddress%22%3A%22%22%2C%22infoSite%22%3A%22Driptec.com%22%2C%22infoPhone%22%3A%22%2B84-0983230879%22%2C%22infoEmail%22%3A%22info%40driptec.com%22%2C%22infoWorkingHours%22%3A%22%22%2C%22markerClickAction%22%3A%22infoWindow%22%2C%22infoWindowOpenedByDefault%22%3Afalse%2C%22linkUrl%22%3A%22%22%2C%22animation%22%3A%22none%22%7D%5D%2C%22mapType%22%3A%22roadmap%22%2C%22center%22%3A%22auto%22%2C%22zoom%22%3A%22auto%22%2C%22controls%22%3A%5B%22zoom%22%2C%22mapType%22%2C%22scale%22%2C%22streetView%22%2C%22rotate%22%2C%22fullScreen%22%5D%2C%22markerClusterEnabled%22%3Atrue%2C%22markerClusterZoom%22%3Atrue%2C%22markerClusterMin%22%3A2%2C%22markerClusterIcon%22%3A%22default%22%2C%22markerClusterIconColor%22%3A%22%22%2C%22markerClusterIconUrl%22%3Anull%2C%22markerClusterSize%22%3A52%2C%22infoDirections%22%3Atrue%2C%22directionsTarget%22%3A%22inline%22%2C%22scrollwheel%22%3Afalse%2C%22draggable%22%3Atrue%2C%22layers%22%3A%5B%5D%2C%22width%22%3A%22auto%22%2C%22height%22%3A%22700%22%2C%22panelEnabled%22%3Atrue%2C%22panelOpenByDefault%22%3Atrue%2C%22panelSearchVisible%22%3Atrue%2C%22panelSearchBy%22%3A%22markers%22%2C%22panelSearchPlaceholder%22%3A%22%22%2C%22panelListItemElements%22%3A%5B%22title%22%2C%22category%22%2C%22image%22%2C%22address%22%2C%22phone%22%2C%22workingHours%22%5D%2C%22mainColor%22%3A%22rgb%2866%2C%20133%2C%20244%29%22%2C%22style%22%3A%22default%22%2C%22colorGeometry%22%3A%22%22%2C%22colorLabelsTextFill%22%3A%22%22%2C%22colorLabelsTextStroke%22%3A%22%22%2C%22colorAdministrativeGeometryStroke%22%3A%22%22%2C%22colorAdministrativeLandParcel%22%3A%22%22%2C%22colorLandscapeNaturalGeometry%22%3A%22%22%2C%22colorPoiGeometry%22%3A%22%22%2C%22colorPoiLabelsTextFill%22%3A%22%22%2C%22colorPoiParkGeometryFill%22%3A%22%22%2C%22colorPoiParkLabelsTextFill%22%3A%22%22%2C%22colorRoadGeometry%22%3A%22%22%2C%22colorRoadArterial%22%3A%22%22%2C%22colorRoadHighway%22%3A%22%22%2C%22colorRoadHighwayGeometryStroke%22%3A%22%22%2C%22colorRoadHighwayControlledAccessGeometry%22%3A%22%22%2C%22colorRoadHighwayControlledAccessGeometryStroke%22%3A%22%22%2C%22colorRoadLocalLabelsTextFill%22%3A%22%22%2C%22colorTransitLineGeometry%22%3A%22%22%2C%22colorTransitLineLabelsTextFill%22%3A%22%22%2C%22colorTransitLineLabelsTextStroke%22%3A%22%22%2C%22colorTransitStationGeometry%22%3A%22%22%2C%22colorWaterGeometryFill%22%3A%22%22%2C%22colorWaterLabelTextFill%22%3A%22%22%2C%22customGoogleMapsStyles%22%3A%22%22%2C%22apiKey%22%3A%22AIzaSyDK49f6N1nj9bVULgfB2YZCRPtDrvOUh2E%22%2C%22widgetId%22%3A%221%22%7D\" \n                data-elfsight-google-maps-version=\"2.4.2\"\n                data-elfsight-widget-id=\"elfsight-google-maps-1\">\n            <\/div>\n            \n\t\t<\/div>\n\t\t\t\t\n<style>\n#col-1229658987 > .col-inner {\n  padding: 10px 10px 10px 10px;\n  margin: 10px 10px 10px 10px;\n  border-radius: 8px;\n}\n<\/style>\n\t<\/div>\n\n\t\n<\/div>\n\t\t<\/div>\n\n\t\t\n<style>\n#section_1062761552 {\n  padding-top: 0px;\n  padding-bottom: 0px;\n}\n<\/style>\n\t<\/section>\n\t\n","protected":false},"excerpt":{"rendered":"","protected":false},"author":2,"featured_media":900,"menu_order":0,"template":"","format":"standard","product-category":[34],"class_list":["post-934","product","type-product","status-publish","format-standard","has-post-thumbnail","hentry","product-category-tuoi-phun-mua"],"acf":[],"_links":{"self":[{"href":"https:\/\/driptec.com\/vi\/wp-json\/wp\/v2\/product\/934","targetHints":{"allow":["GET"]}}],"collection":[{"href":"https:\/\/driptec.com\/vi\/wp-json\/wp\/v2\/product"}],"about":[{"href":"https:\/\/driptec.com\/vi\/wp-json\/wp\/v2\/types\/product"}],"author":[{"embeddable":true,"href":"https:\/\/driptec.com\/vi\/wp-json\/wp\/v2\/users\/2"}],"version-history":[{"count":10,"href":"https:\/\/driptec.com\/vi\/wp-json\/wp\/v2\/product\/934\/revisions"}],"predecessor-version":[{"id":946,"href":"https:\/\/driptec.com\/vi\/wp-json\/wp\/v2\/product\/934\/revisions\/946"}],"wp:featuredmedia":[{"embeddable":true,"href":"https:\/\/driptec.com\/vi\/wp-json\/wp\/v2\/media\/900"}],"wp:attachment":[{"href":"https:\/\/driptec.com\/vi\/wp-json\/wp\/v2\/media?parent=934"}],"wp:term":[{"taxonomy":"product-category","embeddable":true,"href":"https:\/\/driptec.com\/vi\/wp-json\/wp\/v2\/product-category?post=934"}],"curies":[{"name":"wp","href":"https:\/\/api.w.org\/{rel}","templated":true}]}}